{"id":1001,"date":"2023-07-02T18:10:09","date_gmt":"2023-07-02T16:10:09","guid":{"rendered":"http:\/\/www.hotelzlatyandel.cz\/?page_id=1001"},"modified":"2025-09-24T14:53:16","modified_gmt":"2025-09-24T12:53:16","slug":"gruppenreisen-cesky-krumlov","status":"publish","type":"page","link":"https:\/\/hotelzlatyandel.cz\/de\/gruppenreisen-cesky-krumlov\/","title":{"rendered":"Gruppenreisen &amp; Incentives \u010cesk\u00fd Krumlov"},"content":{"rendered":"<div class=\"vce-row-container\"><div class=\"vce-row vce-row--has-col-background vce-element--xl--has-background vce-element--lg--has-background vce-element--md--has-background vce-element--sm--has-background vce-element--xs--has-background vce-row--col-gap-30 vce-row-equal-height vce-row-content--top\" data-vce-full-width=\"true\" id=\"el-20b115b1\" data-vce-do-apply=\"all el-20b115b1\"><div class=\"vce-content-background-container\"><\/div><div class=\"vce-row-content\" data-vce-element-content=\"true\"><div class=\"vce-col vce-element--has-background vce-col--md-auto vce-col--xs-1 vce-col--xs-last vce-col--xs-first vce-col--sm-last vce-col--sm-first vce-col--md-first vce-col--lg-first vce-col--xl-first\" id=\"el-ef32dac5\"><div class=\"vce-col-inner\" data-vce-do-apply=\"border margin background  el-ef32dac5\" data-vce-animate=\"vce-o-animate--\u017d\u00e1dn\u00fd\"><div class=\"vce-content-background-container\"><\/div><div class=\"vce-col-content\" data-vce-element-content=\"true\" data-vce-do-apply=\"padding el-ef32dac5\"><div class=\"vce-text-block\"><div class=\"vce-text-block-wrapper vce\" id=\"el-be7d89c9\" data-vce-do-apply=\"all el-be7d89c9\"><h1><span style=\"font-size: 56pt;\">EVENTS &amp; FESTE<\/span><\/h1><\/div><\/div><div class=\"vce-text-block\"><div class=\"vce-text-block-wrapper vce\" id=\"el-f51b5641\" data-vce-do-apply=\"all el-f51b5641\"><h2><span style=\"font-size: 36pt;\">EVENTS &amp; FESTE<\/span><\/h2><\/div><\/div><\/div><\/div><\/div><div class=\"vce-col vce-col--md-16p vce-col--xs-1 vce-col--xs-last vce-col--xs-first vce-col--sm-last vce-col--sm-first vce-col--md-last vce-col--lg-last vce-col--xl-last\" id=\"el-19648768\"><div class=\"vce-col-inner\" data-vce-do-apply=\"border margin background  el-19648768\" data-vce-sticky-element=\"true\" data-vce-sticky-visibility=\"true\"><div class=\"vce-content-background-container\"><\/div><div class=\"vce-col-content\" data-vce-element-content=\"true\" data-vce-do-apply=\"padding el-19648768\"><div class=\"vcv-row-control-wrapper\"><\/div><\/div><\/div><\/div><\/div><\/div><\/div><div class=\"vce-row-container\"><div class=\"vce-row vce-row--col-gap-20 vce-row-equal-height vce-row-content--top\" data-vce-full-width=\"true\" id=\"el-293c53ba\" data-vce-do-apply=\"all el-293c53ba\"><div class=\"vce-content-background-container\"><\/div><div class=\"vce-row-content\" data-vce-element-content=\"true\"><div class=\"vce-col vce-col--md-40p vce-col--xs-1 vce-col--xs-last vce-col--xs-first vce-col--sm-last vce-col--sm-first vce-col--md-first vce-col--lg-first vce-col--xl-first\" id=\"el-cbebd1bc\"><div class=\"vce-col-inner\" data-vce-do-apply=\"border margin background  el-cbebd1bc\"><div class=\"vce-col-content\" data-vce-element-content=\"true\" data-vce-do-apply=\"padding el-cbebd1bc\"><div class=\"vce-simple-image-slider\" style=\"--backgroundPosition: center center; --pointerColor: #fff; --pointerColorHover: #fd9a00;\"><div class=\"vce-simple-image-slider-wrapper vce\" id=\"el-e55fac0d\" data-vce-do-apply=\"all el-e55fac0d\"><div class=\"vce-simple-image-slider-helper vce-simple-image-slider-aspect-ratio--3-4\"><div class=\"vce-simple-image-slider-list\" data-slick-autoplay=\"on\" data-slick-autoplay-delay=\"5000\" data-slick-effect=\"slideIn\" data-slick-dots=\"on\" data-slick-arrows=\"off\"><div class=\"slick-list\"><div class=\"slick-track\"><div class=\"vce-simple-image-slider-item vc-slick-item\"><div style=\"background-image:url(https:\/\/hotelzlatyandel.cz\/wp-content\/uploads\/2023\/07\/IMG-20230330-WA0004.jpg)\" class=\"vce-simple-image-slider-img vce-simple-image-slider-img--scale\"><img decoding=\"async\" class=\"\" src=\"https:\/\/hotelzlatyandel.cz\/wp-content\/uploads\/2023\/07\/IMG-20230330-WA0004.jpg\" style=\"opacity:0\" alt=\"\"><\/div><\/div><div class=\"vce-simple-image-slider-item vc-slick-item\"><div style=\"background-image:url(https:\/\/hotelzlatyandel.cz\/wp-content\/uploads\/2023\/07\/IMG-20230331-WA0007.jpg)\" class=\"vce-simple-image-slider-img vce-simple-image-slider-img--scale\"><img decoding=\"async\" class=\"\" src=\"https:\/\/hotelzlatyandel.cz\/wp-content\/uploads\/2023\/07\/IMG-20230331-WA0007.jpg\" style=\"opacity:0\" alt=\"\"><\/div><\/div><div class=\"vce-simple-image-slider-item vc-slick-item\"><div style=\"background-image:url(https:\/\/hotelzlatyandel.cz\/wp-content\/uploads\/2023\/07\/IMG-20230331-WA0010.jpg)\" class=\"vce-simple-image-slider-img vce-simple-image-slider-img--scale\"><img decoding=\"async\" class=\"\" src=\"https:\/\/hotelzlatyandel.cz\/wp-content\/uploads\/2023\/07\/IMG-20230331-WA0010.jpg\" style=\"opacity:0\" alt=\"\"><\/div><\/div><\/div><\/div><\/div><div class=\"vce-simple-image-slider-dots\"><\/div><\/div><\/div><\/div><\/div><\/div><\/div><div class=\"vce-col vce-col--md-60p vce-col--xs-1 vce-col--xs-last vce-col--xs-first vce-col--sm-last vce-col--sm-first vce-col--md-last vce-col--lg-last vce-col--xl-last\" id=\"el-a1cce788\"><div class=\"vce-col-inner\" data-vce-do-apply=\"border margin background  el-a1cce788\"><div class=\"vce-content-background-container\"><\/div><div class=\"vce-col-content\" data-vce-element-content=\"true\" data-vce-do-apply=\"padding el-a1cce788\"><div class=\"vce-text-block\"><div class=\"vce-text-block-wrapper vce\" id=\"el-d6c503f7\" data-vce-do-apply=\"all el-d6c503f7\"><h3>Private Feiern, Hochzeiten, Geburtstage, Firmenfeiern<\/h3><\/div><\/div><div class=\"vce-text-block\"><div class=\"vce-text-block-wrapper vce\" id=\"el-e13755cf\" data-vce-do-apply=\"all el-e13755cf\"><p>Sie planen eine unvergessliche Hochzeit, einen einzigartigen Geburtstag oder eine sch\u00f6ne Firmenfeier und haben noch keine passende Location?<\/p>\n<p>Dann ist das Hotel Zlat\u00fd and\u011bl genau das Richtige f\u00fcr Sie. Dank unserer langj\u00e4hrigen Gastronomieerfahrung ist Ihre Feier bei uns in den besten H\u00e4nden. Individuell und professionell planen und gestalten wir Ihre Feier ganz nach Ihren W\u00fcnschen und Vorstellungen.<\/p>\n<p>Wir sind dank jahrelanger Erfahrung Profis f\u00fcr Bankette, Buffets oder Fingerfood \u2013 von traditionell bis zeitgem\u00e4\u00df: wir bringen Ihre Gaumen zum Staunen!<\/p>\n<p>Es fehlt noch das passende Rahmenprogramm? Gerne organisieren wir auch K\u00fcnstler, DJs oder Entertainer, die Ihr Event zu etwas ganz Besonderem machen.<\/p>\n<p>Von uns bekommen Sie ein Rund-um-Paket: wir organisieren die Unterkunft, sorgen f\u00fcr Ihr leibliches Wohl, planen Ihre Freizeitaktivit\u00e4ten und k\u00fcmmern uns darum, dass Sie und Ihre G\u00e4ste sich wohlf\u00fchlen \u2013 alles aus einer Hand!<\/p><\/div><\/div><\/div><\/div><\/div><\/div><\/div><\/div><div class=\"vce-row-container\"><div class=\"vce-row vce-row--col-gap-30 vce-row-equal-height vce-row-content--top\" data-vce-full-width=\"true\" id=\"el-08e84e21\" data-vce-do-apply=\"all el-08e84e21\"><div class=\"vce-content-background-container\"><\/div><div class=\"vce-row-content\" data-vce-element-content=\"true\"><div class=\"vce-col vce-col--md-auto vce-col--xs-1 vce-col--xs-last vce-col--xs-first vce-col--sm-last vce-col--sm-first vce-col--md-last vce-col--lg-last vce-col--xl-last vce-col--md-first vce-col--lg-first vce-col--xl-first\" id=\"el-92e3855a\"><div class=\"vce-col-inner\" data-vce-do-apply=\"border margin background  el-92e3855a\"><div class=\"vce-col-content\" data-vce-element-content=\"true\" data-vce-do-apply=\"padding el-92e3855a\"><div class=\"vce-image-gallery-with-scaleup vce-image-gallery-with-scaleup--gap-10 vce-image-gallery-with-scaleup--columns-3\"><div class=\"vce vce-image-gallery-with-scaleup-wrapper\" id=\"el-89a3a2ac\" data-vce-do-apply=\"all el-89a3a2ac\"><div class=\"vce-image-gallery-with-scaleup-list\"><div class=\"vce-image-gallery-with-scaleup-item\"><div class=\"vce-image-gallery-with-scaleup-item-inner-wrapper\"><a href=\"https:\/\/hotelzlatyandel.cz\/wp-content\/uploads\/2023\/07\/DSC00255.jpg\" data-lightbox=\"lightbox-89a3a2ac\" class=\"vce-image-gallery-with-scaleup-item-inner\"><img decoding=\"async\" class=\"vce-image-gallery-with-scaleup-img vce-image-gallery-with-scaleup-img--orientation-portrait\" src=\"https:\/\/hotelzlatyandel.cz\/wp-content\/uploads\/2023\/07\/DSC00255-819x1024.jpg\" alt=\"\" title=\"DSC00255\"><\/a><\/div><\/div><div class=\"vce-image-gallery-with-scaleup-item\"><div class=\"vce-image-gallery-with-scaleup-item-inner-wrapper\"><a href=\"https:\/\/hotelzlatyandel.cz\/wp-content\/uploads\/2023\/07\/DSC00272.jpg\" data-lightbox=\"lightbox-89a3a2ac\" class=\"vce-image-gallery-with-scaleup-item-inner\"><img decoding=\"async\" class=\"vce-image-gallery-with-scaleup-img\" src=\"https:\/\/hotelzlatyandel.cz\/wp-content\/uploads\/2023\/07\/DSC00272-1024x819.jpg\" alt=\"\" title=\"DSC00272\"><\/a><\/div><\/div><div class=\"vce-image-gallery-with-scaleup-item\"><div class=\"vce-image-gallery-with-scaleup-item-inner-wrapper\"><a href=\"https:\/\/hotelzlatyandel.cz\/wp-content\/uploads\/2023\/07\/DSC00310.jpg\" data-lightbox=\"lightbox-89a3a2ac\" class=\"vce-image-gallery-with-scaleup-item-inner\"><img decoding=\"async\" class=\"vce-image-gallery-with-scaleup-img vce-image-gallery-with-scaleup-img--orientation-portrait\" src=\"https:\/\/hotelzlatyandel.cz\/wp-content\/uploads\/2023\/07\/DSC00310-819x1024.jpg\" alt=\"\" title=\"DSC00310\"><\/a><\/div><\/div><div class=\"vce-image-gallery-with-scaleup-item\"><div class=\"vce-image-gallery-with-scaleup-item-inner-wrapper\"><a href=\"https:\/\/hotelzlatyandel.cz\/wp-content\/uploads\/2023\/07\/DSC00313.jpg\" data-lightbox=\"lightbox-89a3a2ac\" class=\"vce-image-gallery-with-scaleup-item-inner\"><img decoding=\"async\" class=\"vce-image-gallery-with-scaleup-img vce-image-gallery-with-scaleup-img--orientation-portrait\" src=\"https:\/\/hotelzlatyandel.cz\/wp-content\/uploads\/2023\/07\/DSC00313-819x1024.jpg\" alt=\"\" title=\"DSC00313\"><\/a><\/div><\/div><div class=\"vce-image-gallery-with-scaleup-item\"><div class=\"vce-image-gallery-with-scaleup-item-inner-wrapper\"><a href=\"https:\/\/hotelzlatyandel.cz\/wp-content\/uploads\/2023\/07\/DSC00348.jpg\" data-lightbox=\"lightbox-89a3a2ac\" class=\"vce-image-gallery-with-scaleup-item-inner\"><img decoding=\"async\" class=\"vce-image-gallery-with-scaleup-img vce-image-gallery-with-scaleup-img--orientation-portrait\" src=\"https:\/\/hotelzlatyandel.cz\/wp-content\/uploads\/2023\/07\/DSC00348-819x1024.jpg\" alt=\"\" title=\"DSC00348\"><\/a><\/div><\/div><div class=\"vce-image-gallery-with-scaleup-item\"><div class=\"vce-image-gallery-with-scaleup-item-inner-wrapper\"><a href=\"https:\/\/hotelzlatyandel.cz\/wp-content\/uploads\/2023\/07\/DSC00242.jpg\" data-lightbox=\"lightbox-89a3a2ac\" class=\"vce-image-gallery-with-scaleup-item-inner\"><img decoding=\"async\" class=\"vce-image-gallery-with-scaleup-img vce-image-gallery-with-scaleup-img--orientation-portrait\" src=\"https:\/\/hotelzlatyandel.cz\/wp-content\/uploads\/2023\/07\/DSC00242-819x1024.jpg\" alt=\"\" title=\"DSC00242\"><\/a><\/div><\/div><\/div><\/div><\/div><\/div><\/div><\/div><\/div><\/div><\/div>","protected":false},"excerpt":{"rendered":"<p>EVENTS &amp; FESTEEVENTS &amp; FESTEPrivate Feiern, Hochzeiten, Geburtstage, FirmenfeiernSie planen eine unvergessliche Hochzeit, einen einzigartigen Geburtstag oder eine sch\u00f6ne Firmenfeier und haben noch keine passende Location? Dann ist das Hotel Zlat\u00fd and\u011bl genau das Richtige f\u00fcr Sie. Dank unserer langj\u00e4hrigen Gastronomieerfahrung ist Ihre Feier bei uns in den besten H\u00e4nden. Individuell und professionell planen und [&hellip;]<\/p>\n","protected":false},"author":1,"featured_media":0,"parent":0,"menu_order":0,"comment_status":"closed","ping_status":"closed","template":"","meta":{"footnotes":""},"class_list":["post-1001","page","type-page","status-publish","hentry"],"_links":{"self":[{"href":"https:\/\/hotelzlatyandel.cz\/de\/wp-json\/wp\/v2\/pages\/1001","targetHints":{"allow":["GET"]}}],"collection":[{"href":"https:\/\/hotelzlatyandel.cz\/de\/wp-json\/wp\/v2\/pages"}],"about":[{"href":"https:\/\/hotelzlatyandel.cz\/de\/wp-json\/wp\/v2\/types\/page"}],"author":[{"embeddable":true,"href":"https:\/\/hotelzlatyandel.cz\/de\/wp-json\/wp\/v2\/users\/1"}],"replies":[{"embeddable":true,"href":"https:\/\/hotelzlatyandel.cz\/de\/wp-json\/wp\/v2\/comments?post=1001"}],"version-history":[{"count":0,"href":"https:\/\/hotelzlatyandel.cz\/de\/wp-json\/wp\/v2\/pages\/1001\/revisions"}],"wp:attachment":[{"href":"https:\/\/hotelzlatyandel.cz\/de\/wp-json\/wp\/v2\/media?parent=1001"}],"curies":[{"name":"wp","href":"https:\/\/api.w.org\/{rel}","templated":true}]}}