{"id":1021,"date":"2023-05-28T16:50:34","date_gmt":"2023-05-28T14:50:34","guid":{"rendered":"http:\/\/www.hotelzlatyandel.cz\/?page_id=1021"},"modified":"2025-10-13T11:20:47","modified_gmt":"2025-10-13T09:20:47","slug":"music-cocktail-bar-cesky-krumlov","status":"publish","type":"page","link":"https:\/\/hotelzlatyandel.cz\/de\/music-cocktail-bar-cesky-krumlov\/","title":{"rendered":"Music &amp; Cocktail bar \u010cesk\u00fd Krumlov"},"content":{"rendered":"<div class=\"vce-row-container\"><div class=\"vce-row vce-row--has-col-background vce-element--xl--has-background vce-element--lg--has-background vce-element--md--has-background vce-element--sm--has-background vce-element--xs--has-background vce-row--col-gap-30 vce-row-equal-height vce-row-content--top\" data-vce-full-width=\"true\" id=\"el-13d2246c\" data-vce-do-apply=\"all el-13d2246c\"><div class=\"vce-content-background-container\"><\/div><div class=\"vce-row-content\" data-vce-element-content=\"true\"><div class=\"vce-col vce-element--has-background vce-col--md-auto vce-col--xs-1 vce-col--xs-last vce-col--xs-first vce-col--sm-last vce-col--sm-first vce-col--md-first vce-col--lg-first vce-col--xl-first\" id=\"el-9d449233\"><div class=\"vce-col-inner\" data-vce-do-apply=\"border margin background  el-9d449233\" data-vce-animate=\"vce-o-animate--\u017d\u00e1dn\u00fd\"><div class=\"vce-content-background-container\"><\/div><div class=\"vce-col-content\" data-vce-element-content=\"true\" data-vce-do-apply=\"padding el-9d449233\"><div class=\"vce-text-block\"><div class=\"vce-text-block-wrapper vce\" id=\"el-6cd9ea28\" data-vce-do-apply=\"all el-6cd9ea28\"><h1><span style=\"font-size: 56pt;\">MUSIC &amp; COCKTAIL BAR<\/span><\/h1><\/div><\/div><div class=\"vce-text-block\"><div class=\"vce-text-block-wrapper vce\" id=\"el-f79fff0f\" data-vce-do-apply=\"all el-f79fff0f\"><h2 style=\"line-height: 1;\"><span style=\"font-size: 24pt;\">MUSIC &amp; COCKTAIL<\/span><\/h2>\n<h2 style=\"line-height: 1;\"><span style=\"font-size: 42pt;\">BAR<\/span><\/h2><\/div><\/div><div class=\"vce-single-image-container vce-single-image--align-left\"><div class=\"vce vce-single-image-wrapper\" id=\"el-7eb5aa20\" data-vce-do-apply=\"all el-7eb5aa20\"><figure><div class=\"vce-single-image-figure-inner\" style=\"width: 2048px;\"><div class=\"vce-single-image-inner vce-single-image--absolute\" style=\"width: 100%; padding-bottom: 79.9805%;\"><img decoding=\"async\" class=\"vce-single-image\" src=\"https:\/\/hotelzlatyandel.cz\/wp-content\/uploads\/2025\/10\/DSC07324.jpg\" data-img-src=\"https:\/\/hotelzlatyandel.cz\/wp-content\/uploads\/2025\/10\/DSC07324.jpg\" data-attachment-id=\"3578\" alt=\"\" title=\"DSC07324\"><\/div><\/div><figcaption hidden=\"\"><\/figcaption><\/figure><\/div><\/div><\/div><\/div><\/div><div class=\"vce-col vce-col--md-16p vce-col--xs-1 vce-col--xs-last vce-col--xs-first vce-col--sm-last vce-col--sm-first vce-col--md-last vce-col--lg-last vce-col--xl-last\" id=\"el-d3cc2bf4\"><div class=\"vce-col-inner\" data-vce-do-apply=\"border margin background  el-d3cc2bf4\" data-vce-sticky-element=\"true\" data-vce-sticky-visibility=\"true\"><div class=\"vce-content-background-container\"><\/div><div class=\"vce-col-content\" data-vce-element-content=\"true\" data-vce-do-apply=\"padding el-d3cc2bf4\"><div class=\"vcv-row-control-wrapper\"><\/div><\/div><\/div><\/div><\/div><\/div><\/div><div class=\"vce-row-container\"><div class=\"vce-row vce-row--col-gap-15 vce-row-equal-height vce-row-content--top\" data-vce-full-width=\"true\" id=\"el-78f04bb5\" data-vce-do-apply=\"all el-78f04bb5\"><div class=\"vce-content-background-container\"><\/div><div class=\"vce-row-content\" data-vce-element-content=\"true\"><div class=\"vce-col vce-col--md-48p vce-col--xs-1 vce-col--xs-last vce-col--xs-first vce-col--sm-last vce-col--sm-first vce-col--md-first vce-col--lg-first vce-col--xl-first\" id=\"el-7d8777a9\"><div class=\"vce-col-inner\" data-vce-do-apply=\"border margin background  el-7d8777a9\"><div class=\"vce-col-content\" data-vce-element-content=\"true\" data-vce-do-apply=\"padding el-7d8777a9\"><div class=\"vce-text-block\"><div class=\"vce-text-block-wrapper vce\" id=\"el-d6bfdfcb\" data-vce-do-apply=\"all el-d6bfdfcb\"><p>In der Music &amp; Cocktail Bar w\u00e4hlen Sie aus einem breiten Angebot an alkoholischen und alkoholfreien Cocktails, in- und ausl\u00e4ndischen Weinen, und einer gro\u00dfen Auswahl an Rum oder Whisky. Mit insgesamt 95 Sitzpl\u00e4tzen, einer eigenen Tanzfl\u00e4che und Extra-R\u00e4umen ist unsere Bar seit Jahren ein wahrer Hotspot der Krumauer Nachtszene.<\/p><\/div><\/div><\/div><\/div><\/div><div class=\"vce-col vce-col--md-26p vce-col--xs-1 vce-col--xs-last vce-col--xs-first vce-col--sm-last vce-col--sm-first\" id=\"el-b8335ddd\"><div class=\"vce-col-inner\" data-vce-do-apply=\"border margin background  el-b8335ddd\"><div class=\"vce-col-content\" data-vce-element-content=\"true\" data-vce-do-apply=\"padding el-b8335ddd\"><div class=\"vce-single-image-container vce-single-image--align-center\"><div class=\"vce vce-single-image-wrapper\" id=\"el-f271bc9f\" data-vce-do-apply=\"all el-f271bc9f\"><figure><div class=\"vce-single-image-figure-inner\" style=\"width: 100px;\"><div class=\"vce-single-image-inner vce-single-image--absolute\" style=\"width: 100%; padding-bottom: 100%;\"><img loading=\"lazy\" decoding=\"async\" class=\"vce-single-image\"  width=\"100\" height=\"100\" srcset=\"https:\/\/hotelzlatyandel.cz\/wp-content\/uploads\/2025\/10\/3-100x100.png 100w\" src=\"https:\/\/hotelzlatyandel.cz\/wp-content\/uploads\/2025\/10\/3-100x100.png\" data-img-src=\"https:\/\/hotelzlatyandel.cz\/wp-content\/uploads\/2023\/05\/3.png\" data-attachment-id=\"48\"  alt=\"\" title=\"3\" \/><\/div><\/div><figcaption hidden=\"\"><\/figcaption><\/figure><\/div><\/div><div class=\"vce-text-block\"><div class=\"vce-text-block-wrapper vce\" id=\"el-3af6105a\" data-vce-do-apply=\"all el-3af6105a\"><p style=\"text-align: center;\"><span style=\"color: #dba95b;\"><span style=\"font-size: 18pt;\">18:30 - 03:00<\/span><br><\/span><\/p><\/div><\/div><\/div><\/div><\/div><div class=\"vce-col vce-col--md-26p vce-col--xs-1 vce-col--xs-last vce-col--xs-first vce-col--sm-last vce-col--sm-first vce-col--md-last vce-col--lg-last vce-col--xl-last\" id=\"el-9bb8945f\"><div class=\"vce-col-inner\" data-vce-do-apply=\"border margin background  el-9bb8945f\"><div class=\"vce-col-content\" data-vce-element-content=\"true\" data-vce-do-apply=\"padding el-9bb8945f\"><div class=\"vce-single-image-container vce-single-image--align-center\"><div class=\"vce vce-single-image-wrapper\" id=\"el-2a89b6cb\" data-vce-do-apply=\"all el-2a89b6cb\"><figure><div class=\"vce-single-image-figure-inner\" style=\"width: 154px;\"><div class=\"vce-single-image-inner vce-single-image--absolute\" style=\"width: 100%; padding-bottom: 64.9351%;\"><img loading=\"lazy\" decoding=\"async\" class=\"vce-single-image\"  width=\"154\" height=\"100\" srcset=\"https:\/\/hotelzlatyandel.cz\/wp-content\/uploads\/2023\/05\/lidi1-320x208.png 320w, https:\/\/hotelzlatyandel.cz\/wp-content\/uploads\/2025\/10\/lidi1-480x312.png 480w, https:\/\/hotelzlatyandel.cz\/wp-content\/uploads\/2025\/10\/lidi1-800x519.png 800w, https:\/\/hotelzlatyandel.cz\/wp-content\/uploads\/2025\/10\/lidi1-154x100.png 154w, https:\/\/hotelzlatyandel.cz\/wp-content\/uploads\/2025\/10\/lidi1-308x200.png 2x\" src=\"https:\/\/hotelzlatyandel.cz\/wp-content\/uploads\/2025\/10\/lidi1-154x100.png\" data-img-src=\"https:\/\/hotelzlatyandel.cz\/wp-content\/uploads\/2023\/05\/lidi1.png\" data-attachment-id=\"54\"  alt=\"\" title=\"lidi1\" \/><\/div><\/div><figcaption hidden=\"\"><\/figcaption><\/figure><\/div><\/div><div class=\"vce-text-block\"><div class=\"vce-text-block-wrapper vce\" id=\"el-a318c9f1\" data-vce-do-apply=\"all el-a318c9f1\"><p style=\"text-align: center;\"><span style=\"color: #dba95b;\"><span style=\"font-size: 18pt;\">95 <span class=\"HwtZe\" lang=\"de\"><span class=\"jCAhz ChMk0b\"><span class=\"ryNqvb\">Sitzpl\u00e4tze<\/span><\/span><\/span><\/span><br><\/span><\/p><\/div><\/div><\/div><\/div><\/div><\/div><\/div><\/div><div class=\"vce-row-container\"><div class=\"vce-row vce-row--col-gap-30 vce-row-equal-height vce-row-content--top\" data-vce-full-width=\"true\" id=\"el-aa2b43e8\" data-vce-do-apply=\"all el-aa2b43e8\"><div class=\"vce-content-background-container\"><\/div><div class=\"vce-row-content\" data-vce-element-content=\"true\"><div class=\"vce-col vce-col--md-auto vce-col--xs-1 vce-col--xs-last vce-col--xs-first vce-col--sm-last vce-col--sm-first vce-col--md-last vce-col--lg-last vce-col--xl-last vce-col--md-first vce-col--lg-first vce-col--xl-first\" id=\"el-03a4def7\"><div class=\"vce-col-inner\" data-vce-do-apply=\"border margin background  el-03a4def7\"><div class=\"vce-col-content\" data-vce-element-content=\"true\" data-vce-do-apply=\"padding el-03a4def7\"><div class=\"vce-yt-video-player vce-yt-video-player--align-center vce-yt-video-player--size-560x315\"><div class=\"vce vce-yt-video-player-wrapper\" id=\"el-2def9b29\" style=\"width: 560px;\" data-vce-do-apply=\"all el-2def9b29\"><div class=\"vce-yt-video-player-inner\"><iframe loading=\"lazy\" class=\"vce-yt-video-player-iframe\" src=\"https:\/\/www.youtube.com\/embed\/aocdDYgt5iM?autoplay=0&amp;mute=0&amp;color=red&amp;controls=1&amp;loop=0&amp;rel=0&amp;start=0&amp;cc_load_policy=0&amp;iv_load_policy=3&amp;enablejsapi=1\" allowfullscreen=\"\" title=\"YouTube video\" width=\"640\" height=\"390\"><\/iframe><\/div><\/div><\/div><div class=\"vce-image-gallery-with-scaleup vce-image-gallery-with-scaleup--gap-10 vce-image-gallery-with-scaleup--columns-3\"><div class=\"vce vce-image-gallery-with-scaleup-wrapper\" id=\"el-eb06c4d2\" data-vce-do-apply=\"all el-eb06c4d2\"><div class=\"vce-image-gallery-with-scaleup-list\"><div class=\"vce-image-gallery-with-scaleup-item\"><div class=\"vce-image-gallery-with-scaleup-item-inner-wrapper\"><a href=\"https:\/\/hotelzlatyandel.cz\/wp-content\/uploads\/2023\/07\/Bar-2.jpg\" data-lightbox=\"lightbox-eb06c4d2\" class=\"vce-image-gallery-with-scaleup-item-inner\"><img decoding=\"async\" class=\"vce-image-gallery-with-scaleup-img vce-image-gallery-with-scaleup-img--orientation-portrait\" src=\"https:\/\/hotelzlatyandel.cz\/wp-content\/uploads\/2023\/07\/Bar-2-819x1024.jpg\" alt=\"\" title=\"Bar 2\"><\/a><\/div><\/div><div class=\"vce-image-gallery-with-scaleup-item\"><div class=\"vce-image-gallery-with-scaleup-item-inner-wrapper\"><a href=\"https:\/\/hotelzlatyandel.cz\/wp-content\/uploads\/2025\/10\/DSC07309.jpg\" data-lightbox=\"lightbox-eb06c4d2\" class=\"vce-image-gallery-with-scaleup-item-inner\"><img decoding=\"async\" class=\"vce-image-gallery-with-scaleup-img vce-image-gallery-with-scaleup-img--orientation-portrait\" src=\"https:\/\/hotelzlatyandel.cz\/wp-content\/uploads\/2025\/10\/DSC07309-819x1024.jpg\" alt=\"\" title=\"DSC07309\"><\/a><\/div><\/div><div class=\"vce-image-gallery-with-scaleup-item\"><div class=\"vce-image-gallery-with-scaleup-item-inner-wrapper\"><a href=\"https:\/\/hotelzlatyandel.cz\/wp-content\/uploads\/2023\/07\/Bar-3.jpg\" data-lightbox=\"lightbox-eb06c4d2\" class=\"vce-image-gallery-with-scaleup-item-inner\"><img decoding=\"async\" class=\"vce-image-gallery-with-scaleup-img vce-image-gallery-with-scaleup-img--orientation-portrait\" src=\"https:\/\/hotelzlatyandel.cz\/wp-content\/uploads\/2023\/07\/Bar-3-819x1024.jpg\" alt=\"\" title=\"Bar 3\"><\/a><\/div><\/div><\/div><\/div><\/div><\/div><\/div><\/div><\/div><\/div><\/div>","protected":false},"excerpt":{"rendered":"<p>MUSIC &amp; COCKTAIL BARMUSIC &amp; COCKTAIL BARIn der Music &amp; Cocktail Bar w\u00e4hlen Sie aus einem breiten Angebot an alkoholischen und alkoholfreien Cocktails, in- und ausl\u00e4ndischen Weinen, und einer gro\u00dfen Auswahl an Rum oder Whisky. Mit insgesamt 95 Sitzpl\u00e4tzen, einer eigenen Tanzfl\u00e4che und Extra-R\u00e4umen ist unsere Bar seit Jahren ein wahrer Hotspot der Krumauer Nachtszene.18:30 [&hellip;]<\/p>\n","protected":false},"author":1,"featured_media":0,"parent":0,"menu_order":0,"comment_status":"closed","ping_status":"closed","template":"","meta":{"footnotes":""},"class_list":["post-1021","page","type-page","status-publish","hentry"],"_links":{"self":[{"href":"https:\/\/hotelzlatyandel.cz\/de\/wp-json\/wp\/v2\/pages\/1021","targetHints":{"allow":["GET"]}}],"collection":[{"href":"https:\/\/hotelzlatyandel.cz\/de\/wp-json\/wp\/v2\/pages"}],"about":[{"href":"https:\/\/hotelzlatyandel.cz\/de\/wp-json\/wp\/v2\/types\/page"}],"author":[{"embeddable":true,"href":"https:\/\/hotelzlatyandel.cz\/de\/wp-json\/wp\/v2\/users\/1"}],"replies":[{"embeddable":true,"href":"https:\/\/hotelzlatyandel.cz\/de\/wp-json\/wp\/v2\/comments?post=1021"}],"version-history":[{"count":0,"href":"https:\/\/hotelzlatyandel.cz\/de\/wp-json\/wp\/v2\/pages\/1021\/revisions"}],"wp:attachment":[{"href":"https:\/\/hotelzlatyandel.cz\/de\/wp-json\/wp\/v2\/media?parent=1021"}],"curies":[{"name":"wp","href":"https:\/\/api.w.org\/{rel}","templated":true}]}}