{"id":1025,"date":"2023-05-28T16:34:38","date_gmt":"2023-05-28T14:34:38","guid":{"rendered":"http:\/\/www.hotelzlatyandel.cz\/?page_id=1025"},"modified":"2025-09-24T14:51:54","modified_gmt":"2025-09-24T12:51:54","slug":"kaffeehaus-zlaty-andel","status":"publish","type":"page","link":"https:\/\/hotelzlatyandel.cz\/de\/kaffeehaus-zlaty-andel\/","title":{"rendered":"Kaffeehaus Zlat\u00fd and\u011bl"},"content":{"rendered":"<div class=\"vce-row-container\"><div class=\"vce-row vce-row--has-col-background vce-element--xl--has-background vce-element--lg--has-background vce-element--md--has-background vce-element--sm--has-background vce-element--xs--has-background vce-row--col-gap-30 vce-row-equal-height vce-row-content--top\" data-vce-full-width=\"true\" id=\"el-8e6639ee\" data-vce-do-apply=\"all el-8e6639ee\"><div class=\"vce-content-background-container\"><\/div><div class=\"vce-row-content\" data-vce-element-content=\"true\"><div class=\"vce-col vce-element--has-background vce-col--md-auto vce-col--xs-1 vce-col--xs-last vce-col--xs-first vce-col--sm-last vce-col--sm-first vce-col--md-first vce-col--lg-first vce-col--xl-first\" id=\"el-9b7fc828\"><div class=\"vce-col-inner\" data-vce-do-apply=\"border margin background  el-9b7fc828\" data-vce-animate=\"vce-o-animate--\u017d\u00e1dn\u00fd\"><div class=\"vce-content-background-container\"><\/div><div class=\"vce-col-content\" data-vce-element-content=\"true\" data-vce-do-apply=\"padding el-9b7fc828\"><div class=\"vce-text-block\"><div class=\"vce-text-block-wrapper vce\" id=\"el-58541df0\" data-vce-do-apply=\"all el-58541df0\"><h1><span style=\"font-size: 56pt;\">KAFFEEHAUS <\/span><span style=\"font-size: 56pt;\">ZLAT\u00dd AND\u011aL<\/span><\/h1><\/div><\/div><div class=\"vce-text-block\"><div class=\"vce-text-block-wrapper vce\" id=\"el-b42bd83f\" data-vce-do-apply=\"all el-b42bd83f\"><h1 style=\"line-height: 1;\"><span style=\"font-size: 24pt;\">KAFFEEHAUS<\/span><\/h1>\n<h2 style=\"line-height: 1;\"><span style=\"font-size: 36pt;\">ZLAT\u00dd AND\u011aL<\/span><\/h2><\/div><\/div><div class=\"vce-single-image-container vce-single-image--align-left\"><div class=\"vce vce-single-image-wrapper\" id=\"el-3782213a\" data-vce-do-apply=\"all el-3782213a\"><figure><div class=\"vce-single-image-figure-inner\" style=\"width: 1600px;\"><div class=\"vce-single-image-inner vce-single-image--absolute\" style=\"width: 100%; padding-bottom: 80%;\"><img decoding=\"async\" class=\"vce-single-image\" src=\"https:\/\/hotelzlatyandel.cz\/wp-content\/uploads\/2023\/08\/Kavarna.jpg\" data-img-src=\"https:\/\/hotelzlatyandel.cz\/wp-content\/uploads\/2023\/08\/Kavarna.jpg\" data-attachment-id=\"1419\" alt=\"\" title=\"Kavarna\"><\/div><\/div><figcaption hidden=\"\"><\/figcaption><\/figure><\/div><\/div><\/div><\/div><\/div><div class=\"vce-col vce-col--md-16p vce-col--xs-1 vce-col--xs-last vce-col--xs-first vce-col--sm-last vce-col--sm-first vce-col--md-last vce-col--lg-last vce-col--xl-last\" id=\"el-4effbe46\"><div class=\"vce-col-inner\" data-vce-do-apply=\"border margin background  el-4effbe46\" data-vce-sticky-element=\"true\" data-vce-sticky-visibility=\"true\"><div class=\"vce-content-background-container\"><\/div><div class=\"vce-col-content\" data-vce-element-content=\"true\" data-vce-do-apply=\"padding el-4effbe46\"><div class=\"vcv-row-control-wrapper\"><\/div><\/div><\/div><\/div><\/div><\/div><\/div><div class=\"vce-row-container\"><div class=\"vce-row vce-row--col-gap-20 vce-row-equal-height vce-row-content--top\" data-vce-full-width=\"true\" id=\"el-4a856170\" data-vce-do-apply=\"all el-4a856170\"><div class=\"vce-content-background-container\"><\/div><div class=\"vce-row-content\" data-vce-element-content=\"true\"><div class=\"vce-col vce-col--md-auto vce-col--xs-1 vce-col--xs-last vce-col--xs-first vce-col--sm-last vce-col--sm-first vce-col--md-first vce-col--lg-first vce-col--xl-first\" id=\"el-eee02cf6\"><div class=\"vce-col-inner\" data-vce-do-apply=\"border margin background  el-eee02cf6\"><div class=\"vce-col-content\" data-vce-element-content=\"true\" data-vce-do-apply=\"padding el-eee02cf6\"><div class=\"vce-text-block\"><div class=\"vce-text-block-wrapper vce\" id=\"el-d6bfdfcb\" data-vce-do-apply=\"all el-d6bfdfcb\"><p>Unser Kaffeehaus mit eigener Terrasse in Bestlage auf dem Hauptplatz von Krumau bietet einen grandiosen Blick auf den Schlossturm und das Renaissance-Rathaus. Genie\u00dfen Sie erstklassige Kaffeespezialit\u00e4ten, b\u00f6hmische Mehlspeisen und Desserts. Gerne essen Sie hier auch zu Mittag oder zu Abend - unsere Speisekarte mit tschechischer und internationaler K\u00fcche bietet f\u00fcr jeden Geschmack das Richtige.<\/p><\/div><\/div><\/div><\/div><\/div><div class=\"vce-col vce-col--md-auto vce-col--xs-1 vce-col--xs-last vce-col--xs-first vce-col--sm-last vce-col--sm-first vce-col--md-last vce-col--lg-last vce-col--xl-last\" id=\"el-d2f34a98\"><div class=\"vce-col-inner\" data-vce-do-apply=\"border margin background  el-d2f34a98\"><div class=\"vce-col-content\" data-vce-element-content=\"true\" data-vce-do-apply=\"padding el-d2f34a98\"><div class=\"vce-single-image-container vce-single-image--align-center\"><div class=\"vce vce-single-image-wrapper\" id=\"el-f91131dc\" data-vce-do-apply=\"all el-f91131dc\"><figure><div class=\"vce-single-image-figure-inner\" style=\"width: 95px;\"><div class=\"vce-single-image-inner vce-single-image--absolute\" style=\"width: 100%; padding-bottom: 100%;\"><img loading=\"lazy\" decoding=\"async\" class=\"vce-single-image\"  width=\"95\" height=\"95\" srcset=\"https:\/\/hotelzlatyandel.cz\/wp-content\/uploads\/2025\/09\/3-95x95.png 95w\" src=\"https:\/\/hotelzlatyandel.cz\/wp-content\/uploads\/2025\/09\/3-95x95.png\" data-img-src=\"https:\/\/hotelzlatyandel.cz\/wp-content\/uploads\/2023\/05\/3.png\" data-attachment-id=\"48\"  alt=\"\" title=\"3\" \/><\/div><\/div><figcaption hidden=\"\"><\/figcaption><\/figure><\/div><\/div><div class=\"vce-text-block\"><div class=\"vce-text-block-wrapper vce\" id=\"el-a2ef8484\" data-vce-do-apply=\"all el-a2ef8484\"><p style=\"text-align: center;\"><span style=\"color: #dba95b;\"><span style=\"font-size: 18pt;\">10:00 - 22:00<\/span><br><\/span><\/p><\/div><\/div><\/div><\/div><\/div><\/div><\/div><\/div><div class=\"vce-row-container\"><div class=\"vce-row vce-row--col-gap-30 vce-row-equal-height vce-row-content--top\" data-vce-full-width=\"true\" id=\"el-aa2b43e8\" data-vce-do-apply=\"all el-aa2b43e8\"><div class=\"vce-content-background-container\"><\/div><div class=\"vce-row-content\" data-vce-element-content=\"true\"><div class=\"vce-col vce-col--md-auto vce-col--xs-1 vce-col--xs-last vce-col--xs-first vce-col--sm-last vce-col--sm-first vce-col--md-last vce-col--lg-last vce-col--xl-last vce-col--md-first vce-col--lg-first vce-col--xl-first\" id=\"el-03a4def7\"><div class=\"vce-col-inner\" data-vce-do-apply=\"border margin background  el-03a4def7\"><div class=\"vce-col-content\" data-vce-element-content=\"true\" data-vce-do-apply=\"padding el-03a4def7\"><div class=\"vce-image-gallery-with-scaleup vce-image-gallery-with-scaleup--gap-10 vce-image-gallery-with-scaleup--columns-3\"><div class=\"vce vce-image-gallery-with-scaleup-wrapper\" id=\"el-eb06c4d2\" data-vce-do-apply=\"all el-eb06c4d2\"><div class=\"vce-image-gallery-with-scaleup-list\"><div class=\"vce-image-gallery-with-scaleup-item\"><div class=\"vce-image-gallery-with-scaleup-item-inner-wrapper\"><a href=\"https:\/\/hotelzlatyandel.cz\/wp-content\/uploads\/2023\/05\/kavarna1.jpg\" data-lightbox=\"lightbox-eb06c4d2\" class=\"vce-image-gallery-with-scaleup-item-inner\"><img decoding=\"async\" class=\"vce-image-gallery-with-scaleup-img\" src=\"https:\/\/hotelzlatyandel.cz\/wp-content\/uploads\/2023\/05\/kavarna1-1024x683.jpg\" alt=\"\" title=\"kavarna1\"><\/a><\/div><\/div><div class=\"vce-image-gallery-with-scaleup-item\"><div class=\"vce-image-gallery-with-scaleup-item-inner-wrapper\"><a href=\"https:\/\/hotelzlatyandel.cz\/wp-content\/uploads\/2023\/05\/kavarna2.jpg\" data-lightbox=\"lightbox-eb06c4d2\" class=\"vce-image-gallery-with-scaleup-item-inner\"><img decoding=\"async\" class=\"vce-image-gallery-with-scaleup-img\" src=\"https:\/\/hotelzlatyandel.cz\/wp-content\/uploads\/2023\/05\/kavarna2-1024x683.jpg\" alt=\"\" title=\"kavarna2\"><\/a><\/div><\/div><div class=\"vce-image-gallery-with-scaleup-item\"><div class=\"vce-image-gallery-with-scaleup-item-inner-wrapper\"><a href=\"https:\/\/hotelzlatyandel.cz\/wp-content\/uploads\/2023\/07\/DSC00577_kavarna.jpg\" data-lightbox=\"lightbox-eb06c4d2\" class=\"vce-image-gallery-with-scaleup-item-inner\"><img decoding=\"async\" class=\"vce-image-gallery-with-scaleup-img vce-image-gallery-with-scaleup-img--orientation-portrait\" src=\"https:\/\/hotelzlatyandel.cz\/wp-content\/uploads\/2023\/07\/DSC00577_kavarna-819x1024.jpg\" alt=\"\" title=\"DSC00577_kavarna\"><\/a><\/div><\/div><\/div><\/div><\/div><\/div><\/div><\/div><\/div><\/div><\/div>","protected":false},"excerpt":{"rendered":"<p>KAFFEEHAUS ZLAT\u00dd AND\u011aLKAFFEEHAUS ZLAT\u00dd AND\u011aLUnser Kaffeehaus mit eigener Terrasse in Bestlage auf dem Hauptplatz von Krumau bietet einen grandiosen Blick auf den Schlossturm und das Renaissance-Rathaus. Genie\u00dfen Sie erstklassige Kaffeespezialit\u00e4ten, b\u00f6hmische Mehlspeisen und Desserts. Gerne essen Sie hier auch zu Mittag oder zu Abend &#8211; unsere Speisekarte mit tschechischer und internationaler K\u00fcche bietet f\u00fcr jeden [&hellip;]<\/p>\n","protected":false},"author":1,"featured_media":0,"parent":0,"menu_order":0,"comment_status":"closed","ping_status":"closed","template":"","meta":{"footnotes":""},"class_list":["post-1025","page","type-page","status-publish","hentry"],"_links":{"self":[{"href":"https:\/\/hotelzlatyandel.cz\/de\/wp-json\/wp\/v2\/pages\/1025","targetHints":{"allow":["GET"]}}],"collection":[{"href":"https:\/\/hotelzlatyandel.cz\/de\/wp-json\/wp\/v2\/pages"}],"about":[{"href":"https:\/\/hotelzlatyandel.cz\/de\/wp-json\/wp\/v2\/types\/page"}],"author":[{"embeddable":true,"href":"https:\/\/hotelzlatyandel.cz\/de\/wp-json\/wp\/v2\/users\/1"}],"replies":[{"embeddable":true,"href":"https:\/\/hotelzlatyandel.cz\/de\/wp-json\/wp\/v2\/comments?post=1025"}],"version-history":[{"count":0,"href":"https:\/\/hotelzlatyandel.cz\/de\/wp-json\/wp\/v2\/pages\/1025\/revisions"}],"wp:attachment":[{"href":"https:\/\/hotelzlatyandel.cz\/de\/wp-json\/wp\/v2\/media?parent=1025"}],"curies":[{"name":"wp","href":"https:\/\/api.w.org\/{rel}","templated":true}]}}