{"id":1050,"date":"2023-06-21T19:45:37","date_gmt":"2023-06-21T17:45:37","guid":{"rendered":"http:\/\/www.hotelzlatyandel.cz\/?page_id=1050"},"modified":"2025-09-24T14:48:06","modified_gmt":"2025-09-24T12:48:06","slug":"allgemeine-informationen","status":"publish","type":"page","link":"https:\/\/hotelzlatyandel.cz\/de\/allgemeine-informationen\/","title":{"rendered":"Allgemeine informationen"},"content":{"rendered":"<div class=\"vce-row-container\"><div class=\"vce-row vce-row--col-gap-0 vce-row-no-paddings vce-row-equal-height vce-row-content--top\" data-vce-full-width=\"true\" data-vce-stretch-content=\"true\" id=\"el-403efb1e\" data-vce-do-apply=\"all el-403efb1e\"><div class=\"vce-content-background-container\"><\/div><div class=\"vce-row-content\" data-vce-element-content=\"true\"><div class=\"vce-col vce-col--md-70p vce-col--xs-1 vce-col--xs-last vce-col--xs-first vce-col--sm-last vce-col--sm-first vce-col--md-last vce-col--lg-last vce-col--xl-last vce-col--md-first vce-col--lg-first vce-col--xl-first\" id=\"el-4e7acc9c\"><div class=\"vce-col-inner\" data-vce-do-apply=\"border margin background  el-4e7acc9c\"><div class=\"vce-col-content\" data-vce-element-content=\"true\" data-vce-do-apply=\"padding el-4e7acc9c\"><div class=\"vce-text-block\"><div class=\"vce-text-block-wrapper vce\" id=\"el-8d5f7188\" data-vce-do-apply=\"all el-8d5f7188\"><h1><span style=\"font-size: inherit;\">ALLGEMEINE INFORMATIONEN<\/span><\/h1><\/div><\/div><div class=\"vce-text-block\"><div class=\"vce-text-block-wrapper vce\" id=\"el-9db6a20b\" data-vce-do-apply=\"all el-9db6a20b\"><h2><span style=\"font-size: inherit;\">ALLGEMEINE INFORMATIONEN<\/span><\/h2><\/div><\/div><\/div><\/div><\/div><\/div><\/div><\/div><div class=\"vce-row-container\"><div class=\"vce-row vce-row--col-gap-15 vce-row-no-paddings vce-row-equal-height vce-row-content--top\" data-vce-full-width=\"true\" data-vce-stretch-content=\"true\" id=\"el-293c53ba\" data-vce-do-apply=\"all el-293c53ba\"><div class=\"vce-content-background-container\"><\/div><div class=\"vce-row-content\" data-vce-element-content=\"true\"><div class=\"vce-col vce-col--md-50p vce-col--xs-1 vce-col--xs-last vce-col--xs-first vce-col--sm-last vce-col--sm-first vce-col--md-first vce-col--lg-first vce-col--xl-first\" id=\"el-cbebd1bc\"><div class=\"vce-col-inner\" data-vce-do-apply=\"border margin background  el-cbebd1bc\"><div class=\"vce-col-content\" data-vce-element-content=\"true\" data-vce-do-apply=\"padding el-cbebd1bc\"><div class=\"vce-simple-image-slider\" data-photoswipe-gallery=\"9452f529\" style=\"--backgroundPosition: center center; --pointerColor: #fff; --pointerColorHover: #fd9a00;\"><div class=\"vce-simple-image-slider-wrapper vce\" id=\"el-9452f529\" data-vce-do-apply=\"all el-9452f529\"><div class=\"vce-simple-image-slider-helper vce-simple-image-slider-aspect-ratio--16-9\"><div class=\"vce-simple-image-slider-list\" data-slick-autoplay=\"on\" data-slick-autoplay-delay=\"5000\" data-slick-effect=\"slideIn\" data-slick-dots=\"on\" data-slick-arrows=\"off\"><div class=\"slick-list\"><div class=\"slick-track\"><div class=\"vce-simple-image-slider-item vc-slick-item\" data-photoswipe-item=\"photoswipe-9452f529\"><a href=\"https:\/\/hotelzlatyandel.cz\/wp-content\/uploads\/2023\/06\/DSC02694_Nr28.jpg\" data-photoswipe-image=\"9452f529\" data-photoswipe-index=\"0\" style=\"background-image:url(https:\/\/hotelzlatyandel.cz\/wp-content\/uploads\/2023\/06\/DSC02694_Nr28.jpg)\" class=\"vce-simple-image-slider-img vce-simple-image-slider-img--scale\"><img decoding=\"async\" class=\"\" src=\"https:\/\/hotelzlatyandel.cz\/wp-content\/uploads\/2023\/06\/DSC02694_Nr28.jpg\" style=\"opacity:0\" alt=\"\"><\/a><\/div><div class=\"vce-simple-image-slider-item vc-slick-item\" data-photoswipe-item=\"photoswipe-9452f529\"><a href=\"https:\/\/hotelzlatyandel.cz\/wp-content\/uploads\/2023\/06\/DSC02298_Nr13.jpg\" data-photoswipe-image=\"9452f529\" data-photoswipe-index=\"1\" style=\"background-image:url(https:\/\/hotelzlatyandel.cz\/wp-content\/uploads\/2023\/06\/DSC02298_Nr13.jpg)\" class=\"vce-simple-image-slider-img vce-simple-image-slider-img--scale\"><img decoding=\"async\" class=\"\" src=\"https:\/\/hotelzlatyandel.cz\/wp-content\/uploads\/2023\/06\/DSC02298_Nr13.jpg\" style=\"opacity:0\" alt=\"\"><\/a><\/div><div class=\"vce-simple-image-slider-item vc-slick-item\" data-photoswipe-item=\"photoswipe-9452f529\"><a href=\"https:\/\/hotelzlatyandel.cz\/wp-content\/uploads\/2023\/05\/kavarna1.jpg\" data-photoswipe-image=\"9452f529\" data-photoswipe-index=\"2\" style=\"background-image:url(https:\/\/hotelzlatyandel.cz\/wp-content\/uploads\/2023\/05\/kavarna1.jpg)\" class=\"vce-simple-image-slider-img vce-simple-image-slider-img--scale\"><img decoding=\"async\" class=\"\" src=\"https:\/\/hotelzlatyandel.cz\/wp-content\/uploads\/2023\/05\/kavarna1.jpg\" style=\"opacity:0\" alt=\"\"><\/a><\/div><\/div><\/div><\/div><div class=\"vce-simple-image-slider-dots\"><\/div><\/div><\/div><\/div><\/div><\/div><\/div><div class=\"vce-col vce-col--md-50p vce-col--xs-1 vce-col--xs-last vce-col--xs-first vce-col--sm-last vce-col--sm-first vce-col--md-last vce-col--lg-last vce-col--xl-last\" id=\"el-a1cce788\"><div class=\"vce-col-inner\" data-vce-do-apply=\"border margin background  el-a1cce788\"><div class=\"vce-content-background-container\"><\/div><div class=\"vce-col-content\" data-vce-element-content=\"true\" data-vce-do-apply=\"padding el-a1cce788\"><div class=\"vce-text-block\"><div class=\"vce-text-block-wrapper vce\" id=\"el-e13755cf\" data-vce-do-apply=\"all el-e13755cf\"><p style=\"line-height: 2;\">\u2022 Check-In: <strong>15:00 - 19:00 Uhr<\/strong><br>\u2022 Check-Out: <strong>bis 11:00 Uhr<\/strong><br>\u2022 Versp\u00e4teter Check-In \/ Check-Out je nach Verf\u00fcgbarkeit und R\u00fccksprache<br>\u2022 Fr\u00fchst\u00fcck: <strong>8:00 - 10:00 Uhr<\/strong><br>\u2022 Reichhaltiges warmes und kaltes Fr\u00fchst\u00fccksbuffet ist im Zimmerpreis inkludiert.<br>\u2022 Alle Zimmer sind Nichtraucher-Zimmer.<br>\u2022 Hunde sind willkommen: 500 CZK \/ Hund \/ Nacht<br>\u2022 Zusatzbett: 1 000 CZK \/ Nacht<br>\u2022 Kinderbett: 300 CZK \/ Nacht<br>\u2022 Ortstaxe: 50 CZK \/ Person \/ Tag<\/p><\/div><\/div><\/div><\/div><\/div><\/div><\/div><\/div><div class=\"vce-row-container\"><div class=\"vce-row vce-row--col-gap-0 vce-row-no-paddings vce-row-equal-height vce-row-content--top\" data-vce-full-width=\"true\" data-vce-stretch-content=\"true\" id=\"el-57c1ce43\" data-vce-do-apply=\"all el-57c1ce43\"><div class=\"vce-content-background-container\"><\/div><div class=\"vce-row-content\" data-vce-element-content=\"true\"><div class=\"vce-col vce-col--md-auto vce-col--xs-1 vce-col--xs-last vce-col--xs-first vce-col--sm-last vce-col--sm-first vce-col--md-last vce-col--lg-last vce-col--xl-last vce-col--md-first vce-col--lg-first vce-col--xl-first\" id=\"el-6e75a72b\"><div class=\"vce-col-inner\" data-vce-do-apply=\"border margin background  el-6e75a72b\"><div class=\"vce-content-background-container\"><\/div><div class=\"vce-col-content\" data-vce-element-content=\"true\" data-vce-do-apply=\"padding el-6e75a72b\"><div class=\"vce-text-block\"><div class=\"vce-text-block-wrapper vce\" id=\"el-028c37a7\" data-vce-do-apply=\"all el-028c37a7\"><h3>Parken<\/h3><p>Um Ihnen die Anreise zu uns m\u00f6glichst bequem zu gestalten, haben wir hier alle wichtigen Infos zur Anfahrt gesammelt.<\/p><p><strong>Anreise per Auto<\/strong><\/p><p>Als eines der wenigen Hotels in Krumau, verf\u00fcgt das Zlat\u00fd and\u011bl \u00fcber einen eigenen Parkplatz im Zentrum. (Adresse: Lineck\u00e1 44, 381 01 \u010cesk\u00fd Krumlov). <br>GPS: 48\u00b048'32.399\"N, 14\u00b018'58.822\"E<\/p><p>Kosten Parkplatz f\u00fcr Hotelg\u00e4ste: 340 CZK pro Nacht je Auto. <strong>Parkplatz am Abreisetag bis 12 Uhr verf\u00fcgbar.<\/strong><\/p><p>Von hier kommen Sie auf Anfrage am besten direkt im Zuge der Reservierung mit unserem Hoteltaxi direkt ins Hotel. Reservierung des Hoteltaxis unter Tel. 00420 380 712 310.<\/p><p>Gehzeit zu Fu\u00df: ca. 3 Minuten.<\/p><\/div><\/div><\/div><\/div><\/div><\/div><\/div><\/div><div class=\"vce-row-container\"><div class=\"vce-row vce-row--col-gap-0 vce-row-no-paddings vce-row-equal-height vce-row-content--top\" data-vce-full-width=\"true\" data-vce-stretch-content=\"true\" id=\"el-34a73696\" data-vce-do-apply=\"all el-34a73696\"><div class=\"vce-content-background-container\"><\/div><div class=\"vce-row-content\" data-vce-element-content=\"true\"><div class=\"vce-col vce-col--md-auto vce-col--xs-1 vce-col--xs-last vce-col--xs-first vce-col--sm-last vce-col--sm-first vce-col--md-last vce-col--lg-last vce-col--xl-last vce-col--md-first vce-col--lg-first vce-col--xl-first\" id=\"el-11faed92\"><div class=\"vce-col-inner\" data-vce-do-apply=\"border margin background  el-11faed92\"><div class=\"vce-col-content\" data-vce-element-content=\"true\" data-vce-do-apply=\"padding el-11faed92\"><div class=\"vce-text-block\"><div class=\"vce-text-block-wrapper vce\" id=\"el-933a680f\" data-vce-do-apply=\"all el-933a680f\"><table>\n<tbody>\n<tr>\n<td colspan=\"2\" width=\"604\">\n<h3><span style=\"font-size: 18pt;\"><span style=\"font-weight: bold; font-style: normal;\">STORNOBEDINGUNGEN <\/span><span style=\"font-weight: 400; font-style: normal;\">f\u00fcr Gruppen (ab 15 Personen):<\/span><\/span><\/h3>\n<\/td>\n<\/tr>\n<tr>\n<td width=\"264\">\n<p>45 - 25 Tage vor Anreise<\/p>\n<\/td>\n<td width=\"340\">\n<p>10 % des Preises der reservierten Kapazit\u00e4t<\/p>\n<\/td>\n<\/tr>\n<tr>\n<td width=\"264\">\n<p>24 - 15 Tage vor Anreise<\/p>\n<\/td>\n<td width=\"340\">\n<p>30 % des Preises der reservierten Kapazit\u00e4t<\/p>\n<\/td>\n<\/tr>\n<tr>\n<td width=\"264\">\n<p>14 - 7 Tage vor Anreise<\/p>\n<\/td>\n<td width=\"340\">\n<p>60 % des Preises der reservierten Kapazit\u00e4t<\/p>\n<\/td>\n<\/tr>\n<tr>\n<td width=\"264\">\n<p>7 - 0 Tage vor Anreise<\/p>\n<\/td>\n<td width=\"340\">\n<p>100 % des Preises der reservierten Kapazit\u00e4t<\/p>\n<\/td>\n<\/tr>\n<tr>\n<td colspan=\"2\" width=\"604\">&nbsp;<\/td>\n<\/tr>\n<tr>\n<td colspan=\"2\" width=\"604\">\n<h3><span style=\"font-size: 18pt;\"><span style=\"font-weight: bold; font-style: normal;\">STORNOBEDINGUNGEN <\/span>f\u00fcr Individualg\u00e4ste:<\/span><\/h3>\n<\/td>\n<\/tr>\n<tr>\n<td width=\"264\">\n<p>7 - 0 Tage vor Anreise<\/p>\n<\/td>\n<td width=\"340\">\n<p>100 % des Preises der reservierten Kapazit\u00e4t<\/p>\n<\/td>\n<\/tr>\n<\/tbody>\n<\/table>\n<p>&nbsp;<\/p><\/div><\/div><\/div><\/div><\/div><\/div><\/div><\/div>\n","protected":false},"excerpt":{"rendered":"<p>ALLGEMEINE INFORMATIONENALLGEMEINE INFORMATIONEN\u2022 Check-In: 15:00 &#8211; 19:00 Uhr\u2022 Check-Out: bis 11:00 Uhr\u2022 Versp\u00e4teter Check-In \/ Check-Out je nach Verf\u00fcgbarkeit und R\u00fccksprache\u2022 Fr\u00fchst\u00fcck: 8:00 &#8211; 10:00 Uhr\u2022 Reichhaltiges warmes und kaltes Fr\u00fchst\u00fccksbuffet ist im Zimmerpreis inkludiert.\u2022 Alle Zimmer sind Nichtraucher-Zimmer.\u2022 Hunde sind willkommen: 500 CZK \/ Hund \/ Nacht\u2022 Zusatzbett: 1 000 CZK \/ Nacht\u2022 Kinderbett: [&hellip;]<\/p>\n","protected":false},"author":1,"featured_media":0,"parent":0,"menu_order":0,"comment_status":"closed","ping_status":"closed","template":"","meta":{"footnotes":""},"class_list":["post-1050","page","type-page","status-publish","hentry"],"_links":{"self":[{"href":"https:\/\/hotelzlatyandel.cz\/de\/wp-json\/wp\/v2\/pages\/1050","targetHints":{"allow":["GET"]}}],"collection":[{"href":"https:\/\/hotelzlatyandel.cz\/de\/wp-json\/wp\/v2\/pages"}],"about":[{"href":"https:\/\/hotelzlatyandel.cz\/de\/wp-json\/wp\/v2\/types\/page"}],"author":[{"embeddable":true,"href":"https:\/\/hotelzlatyandel.cz\/de\/wp-json\/wp\/v2\/users\/1"}],"replies":[{"embeddable":true,"href":"https:\/\/hotelzlatyandel.cz\/de\/wp-json\/wp\/v2\/comments?post=1050"}],"version-history":[{"count":0,"href":"https:\/\/hotelzlatyandel.cz\/de\/wp-json\/wp\/v2\/pages\/1050\/revisions"}],"wp:attachment":[{"href":"https:\/\/hotelzlatyandel.cz\/de\/wp-json\/wp\/v2\/media?parent=1050"}],"curies":[{"name":"wp","href":"https:\/\/api.w.org\/{rel}","templated":true}]}}