{"id":1054,"date":"2023-07-02T19:35:03","date_gmt":"2023-07-02T17:35:03","guid":{"rendered":"http:\/\/www.hotelzlatyandel.cz\/?page_id=1054"},"modified":"2025-09-24T14:54:44","modified_gmt":"2025-09-24T12:54:44","slug":"krumau-erleben","status":"publish","type":"page","link":"https:\/\/hotelzlatyandel.cz\/de\/krumau-erleben\/","title":{"rendered":"Za\u017e\u00edt Krumlov"},"content":{"rendered":"<div class=\"vce-row-container\"><div class=\"vce-row vce-row--col-gap-0 vce-row-equal-height vce-row-content--top\" data-vce-full-width=\"true\" id=\"el-34651ca4\" data-vce-do-apply=\"all el-34651ca4\"><div class=\"vce-content-background-container\"><\/div><div class=\"vce-row-content\" data-vce-element-content=\"true\"><div class=\"vce-col vce-col--md-auto vce-col--xs-1 vce-col--xs-last vce-col--xs-first vce-col--sm-last vce-col--sm-first vce-col--md-last vce-col--lg-last vce-col--xl-last vce-col--md-first vce-col--lg-first vce-col--xl-first\" id=\"el-2e83bf9a\"><div class=\"vce-col-inner\" data-vce-do-apply=\"border margin background  el-2e83bf9a\"><div class=\"vce-content-background-container\"><\/div><div class=\"vce-col-content\" data-vce-element-content=\"true\" data-vce-do-apply=\"padding el-2e83bf9a\"><div class=\"vce-text-block\"><div class=\"vce-text-block-wrapper vce\" id=\"el-051a5e05\" data-vce-do-apply=\"all el-051a5e05\"><h1><span style=\"font-size: 56pt;\">Von der Moldau umschlungen, vom Schloss bewacht<\/span><\/h1><\/div><\/div><div class=\"vce-text-block\"><div class=\"vce-text-block-wrapper vce\" id=\"el-f51b5641\" data-vce-do-apply=\"all el-f51b5641\"><h3><span style=\"font-size: 36pt;\">Von der Moldau umschlungen, vom Schloss bewacht<\/span><\/h3><\/div><\/div><\/div><\/div><\/div><\/div><\/div><\/div><div class=\"vce-row-container\"><div class=\"vce-row vce-row--col-gap-25 vce-row-equal-height vce-row-content--top\" data-vce-full-width=\"true\" id=\"el-293c53ba\" data-vce-do-apply=\"all el-293c53ba\"><div class=\"vce-content-background-container\"><\/div><div class=\"vce-row-content\" data-vce-element-content=\"true\"><div class=\"vce-col vce-col--md-40p vce-col--xs-1 vce-col--xs-last vce-col--xs-first vce-col--sm-last vce-col--sm-first vce-col--md-first vce-col--lg-first vce-col--xl-first\" id=\"el-cbebd1bc\"><div class=\"vce-col-inner\" data-vce-do-apply=\"border margin background  el-cbebd1bc\"><div class=\"vce-col-content\" data-vce-element-content=\"true\" data-vce-do-apply=\"padding el-cbebd1bc\"><div class=\"vce-simple-image-slider\" data-photoswipe-gallery=\"9452f529\" style=\"--backgroundPosition: center center; --pointerColor: #fff; --pointerColorHover: #fd9a00;\"><div class=\"vce-simple-image-slider-wrapper vce\" id=\"el-9452f529\" data-vce-do-apply=\"all el-9452f529\"><div class=\"vce-simple-image-slider-helper vce-simple-image-slider-aspect-ratio--9-16\"><div class=\"vce-simple-image-slider-list\" data-slick-autoplay=\"on\" data-slick-autoplay-delay=\"5000\" data-slick-effect=\"slideIn\" data-slick-dots=\"on\" data-slick-arrows=\"off\"><div class=\"slick-list\"><div class=\"slick-track\"><div class=\"vce-simple-image-slider-item vc-slick-item\" data-photoswipe-item=\"photoswipe-9452f529\"><a href=\"https:\/\/hotelzlatyandel.cz\/wp-content\/uploads\/2023\/05\/krumlovzamek.jpg\" data-photoswipe-image=\"9452f529\" data-photoswipe-index=\"0\" style=\"background-image:url(https:\/\/hotelzlatyandel.cz\/wp-content\/uploads\/2023\/05\/krumlovzamek.jpg)\" class=\"vce-simple-image-slider-img vce-simple-image-slider-img--scale\"><img decoding=\"async\" class=\"\" src=\"https:\/\/hotelzlatyandel.cz\/wp-content\/uploads\/2023\/05\/krumlovzamek.jpg\" style=\"opacity:0\" alt=\"\"><\/a><\/div><div class=\"vce-simple-image-slider-item vc-slick-item\" data-photoswipe-item=\"photoswipe-9452f529\"><a href=\"https:\/\/hotelzlatyandel.cz\/wp-content\/uploads\/2023\/07\/DSC02966.jpg\" data-photoswipe-image=\"9452f529\" data-photoswipe-index=\"1\" style=\"background-image:url(https:\/\/hotelzlatyandel.cz\/wp-content\/uploads\/2023\/07\/DSC02966.jpg)\" class=\"vce-simple-image-slider-img vce-simple-image-slider-img--scale\"><img decoding=\"async\" class=\"\" src=\"https:\/\/hotelzlatyandel.cz\/wp-content\/uploads\/2023\/07\/DSC02966.jpg\" style=\"opacity:0\" alt=\"\"><\/a><\/div><div class=\"vce-simple-image-slider-item vc-slick-item\" data-photoswipe-item=\"photoswipe-9452f529\"><a href=\"https:\/\/hotelzlatyandel.cz\/wp-content\/uploads\/2023\/07\/DSC02419.jpg\" data-photoswipe-image=\"9452f529\" data-photoswipe-index=\"2\" style=\"background-image:url(https:\/\/hotelzlatyandel.cz\/wp-content\/uploads\/2023\/07\/DSC02419.jpg)\" class=\"vce-simple-image-slider-img vce-simple-image-slider-img--scale\"><img decoding=\"async\" class=\"\" src=\"https:\/\/hotelzlatyandel.cz\/wp-content\/uploads\/2023\/07\/DSC02419.jpg\" style=\"opacity:0\" alt=\"\"><\/a><\/div><\/div><\/div><\/div><div class=\"vce-simple-image-slider-dots\"><\/div><\/div><\/div><\/div><\/div><\/div><\/div><div class=\"vce-col vce-col--md-60p vce-col--xs-1 vce-col--xs-last vce-col--xs-first vce-col--sm-last vce-col--sm-first vce-col--md-last vce-col--lg-last vce-col--xl-last\" id=\"el-a1cce788\"><div class=\"vce-col-inner\" data-vce-do-apply=\"border margin background  el-a1cce788\"><div class=\"vce-content-background-container\"><\/div><div class=\"vce-col-content\" data-vce-element-content=\"true\" data-vce-do-apply=\"padding el-a1cce788\"><div class=\"vce-text-block\"><div class=\"vce-text-block-wrapper vce\" id=\"el-0429d755\" data-vce-do-apply=\"all el-0429d755\"><p>&nbsp;<\/p><p>Verbringen Sie einen unvergesslichen Urlaub in der UNESCO Weltkulturerbe-Stadt im sch\u00f6nen S\u00fcdb\u00f6hmen. Wir laden Sie ein, kulturelle H\u00f6hepunkte zu erleben, an traditionellen Veranstaltungen teilzuhaben und einfach abzuschalten und dem stressigen Alltag zu entfliehen. \u010cesk\u00fd Krumlov ist ein Ort zum Wohlf\u00fchlen, zum Entdecken und zum Entschleunigen \u2013 \u00fcberzeugen Sie sich selbst!<\/p><\/div><\/div><div class=\"vce-single-image-container vce-single-image--align-left\"><div class=\"vce vce-single-image-wrapper\" id=\"el-73bcab38\" data-vce-do-apply=\"all el-73bcab38\"><figure><div class=\"vce-single-image-figure-inner\" style=\"width: 1024px;\"><div class=\"vce-single-image-inner vce-single-image--absolute\" style=\"width: 100%; padding-bottom: 66.6992%;\"><img loading=\"lazy\" decoding=\"async\" class=\"vce-single-image\"  width=\"1024\" height=\"683\" srcset=\"https:\/\/hotelzlatyandel.cz\/wp-content\/uploads\/2023\/07\/Stadt-von-oben-klein-320x213.jpg 320w, https:\/\/hotelzlatyandel.cz\/wp-content\/uploads\/2023\/07\/Stadt-von-oben-klein-480x320.jpg 480w, https:\/\/hotelzlatyandel.cz\/wp-content\/uploads\/2023\/07\/Stadt-von-oben-klein-800x534.jpg 800w, https:\/\/hotelzlatyandel.cz\/wp-content\/uploads\/2025\/09\/Stadt-von-oben-klein-1024x683.jpg 1024w\" src=\"https:\/\/hotelzlatyandel.cz\/wp-content\/uploads\/2025\/09\/Stadt-von-oben-klein-1024x683.jpg\" data-img-src=\"https:\/\/hotelzlatyandel.cz\/wp-content\/uploads\/2023\/07\/Stadt-von-oben-klein.jpg\" data-attachment-id=\"1253\"  alt=\"\" title=\"Stadt von oben klein\" \/><\/div><\/div><figcaption hidden=\"\"><\/figcaption><\/figure><\/div><\/div><\/div><\/div><\/div><\/div><\/div><\/div><div class=\"vce-row-container\"><div class=\"vce-row vce-element--xl--has-background vce-element--lg--has-background vce-element--md--has-background vce-element--sm--has-background vce-element--xs--has-background vce-row--col-gap-0 vce-row-equal-height vce-row-content--top\" data-vce-full-width=\"true\" id=\"el-2160e9ca\" data-vce-do-apply=\"all el-2160e9ca\"><div class=\"vce-content-background-container\"><\/div><div class=\"vce-row-content\" data-vce-element-content=\"true\"><div class=\"vce-col vce-col--md-auto vce-col--xs-1 vce-col--xs-last vce-col--xs-first vce-col--sm-last vce-col--sm-first vce-col--md-last vce-col--lg-last vce-col--xl-last vce-col--md-first vce-col--lg-first vce-col--xl-first\" id=\"el-e0b09347\"><div class=\"vce-col-inner\" data-vce-do-apply=\"border margin background  el-e0b09347\"><div class=\"vce-content-background-container\"><\/div><div class=\"vce-col-content\" data-vce-element-content=\"true\" data-vce-do-apply=\"padding el-e0b09347\"><div class=\"vce-text-block\"><div class=\"vce-text-block-wrapper vce\" id=\"el-61b3874f\" data-vce-do-apply=\"all el-61b3874f\"><h2><span style=\"font-size: inherit;\">UNESCO WELTKULTURERBE HAUTNAH<\/span><\/h2><\/div><\/div><div class=\"vce-text-block\"><div class=\"vce-text-block-wrapper vce\" id=\"el-26bd20e7\" data-vce-do-apply=\"all el-26bd20e7\"><h2 style=\"text-align: left;\"><span style=\"font-size: 24pt;\">UNESCO WELTKULTURERBE HAUTNAH<\/span><\/h2><\/div><\/div><div class=\"vce-text-block\"><div class=\"vce-text-block-wrapper vce\" id=\"el-e13755cf\" data-vce-do-apply=\"all el-e13755cf\"><p>Die ideale Lage des Hotels im Zentrum von \u010cesk\u00fd Krumlov bringt Sie ganz nah an die Geschichte der Innenstadt, ihre romantischen Stra\u00dfen und Ecken bis zum Schloss mit dem wundersch\u00f6nen Park und dem Freilichttheater mit drehbarem Zuschauerraum. Weitere Sehensw\u00fcrdigkeiten, wie die St.-Veits Kiche, das Minoritenkloster, das Egon Schiele Art Zentrum, das Museum Fotoatelier Seidel, das Regionalmuseum und viele andere historische Geb\u00e4ude und Museen sind jedenfalls auch einen Besuch wert.<\/p><p>Zugleich bietet \u010cesk\u00fd Krumlov den Besuchern auch ein breites Spektrum an kulturellen Erlebnissen, wie z.B. Fest der F\u00fcnfbl\u00e4ttrigen Rose, das St.-Wenzelsfest, das Internationale Musikfestival, das Barockmusikfestival und viele andere.<\/p><p>Auch unsere sportlichen G\u00e4ste werden sich hier wohlf\u00fchlen. Neben Tennis ist ein besonderes Highlight \u2013 auch f\u00fcr Familien mit Kindern eine Fahrt auf dem Flo\u00df, mit Kanus oder Schlauchbooten auf der Moldau, bei der einzigartige Ausblicke auf die Stadt und ihre Umgebung geboten werden. Die Stadt und S\u00fcdb\u00f6hmen lassen sich auch hervorragend mit dem Fahrrad erkunden. Eine Tour auf den beliebten Hausberg Kle\u0165 bietet einen grandiosen Rundum-Blick!<\/p><\/div><\/div><div class=\"vce-button--style-underline-container\" style=\"--alignment: center; --underlineResizeWidth: -15px; --titleColor: #3d3d3d; --underlineColor: rgb(219, 169, 91);\"><div class=\"vce-button--style-underline-wrapper vce\" id=\"el-f02205ce\" data-vce-do-apply=\"margin el-f02205ce\"><a class=\"vce-button vce-button--style-underline\" href=\"https:\/\/www.ckrumlov.info\/de\/cesky-krumlov\/\" title=\"\" target=\"_blank\" data-vce-do-apply=\"padding border background  el-f02205ce\"><span class=\"vce-button--style-underline-inner\">WEITERE TIPPS F\u00dcR IHREN AUFENTHALT<\/span><\/a><\/div><\/div><\/div><\/div><\/div><\/div><\/div><\/div>\n","protected":false},"excerpt":{"rendered":"<p>Von der Moldau umschlungen, vom Schloss bewachtVon der Moldau umschlungen, vom Schloss bewacht&nbsp;Verbringen Sie einen unvergesslichen Urlaub in der UNESCO Weltkulturerbe-Stadt im sch\u00f6nen S\u00fcdb\u00f6hmen. Wir laden Sie ein, kulturelle H\u00f6hepunkte zu erleben, an traditionellen Veranstaltungen teilzuhaben und einfach abzuschalten und dem stressigen Alltag zu entfliehen. \u010cesk\u00fd Krumlov ist ein Ort zum Wohlf\u00fchlen, zum Entdecken und [&hellip;]<\/p>\n","protected":false},"author":1,"featured_media":0,"parent":0,"menu_order":0,"comment_status":"closed","ping_status":"closed","template":"","meta":{"footnotes":""},"class_list":["post-1054","page","type-page","status-publish","hentry"],"_links":{"self":[{"href":"https:\/\/hotelzlatyandel.cz\/de\/wp-json\/wp\/v2\/pages\/1054","targetHints":{"allow":["GET"]}}],"collection":[{"href":"https:\/\/hotelzlatyandel.cz\/de\/wp-json\/wp\/v2\/pages"}],"about":[{"href":"https:\/\/hotelzlatyandel.cz\/de\/wp-json\/wp\/v2\/types\/page"}],"author":[{"embeddable":true,"href":"https:\/\/hotelzlatyandel.cz\/de\/wp-json\/wp\/v2\/users\/1"}],"replies":[{"embeddable":true,"href":"https:\/\/hotelzlatyandel.cz\/de\/wp-json\/wp\/v2\/comments?post=1054"}],"version-history":[{"count":0,"href":"https:\/\/hotelzlatyandel.cz\/de\/wp-json\/wp\/v2\/pages\/1054\/revisions"}],"wp:attachment":[{"href":"https:\/\/hotelzlatyandel.cz\/de\/wp-json\/wp\/v2\/media?parent=1054"}],"curies":[{"name":"wp","href":"https:\/\/api.w.org\/{rel}","templated":true}]}}