{"id":1855,"date":"2024-01-22T17:10:16","date_gmt":"2024-01-22T16:10:16","guid":{"rendered":"https:\/\/www.hotelzlatyandel.cz\/?page_id=1855"},"modified":"2026-03-09T09:40:16","modified_gmt":"2026-03-09T08:40:16","slug":"spezielle-angebote","status":"publish","type":"page","link":"https:\/\/hotelzlatyandel.cz\/de\/spezielle-angebote\/","title":{"rendered":"Spezielle Angebote"},"content":{"rendered":"<div class=\"vce-row-container\" data-vce-boxed-width=\"true\"><div class=\"vce-row vce-row--col-gap-30 vce-row-equal-height vce-row-content--top\" id=\"el-74d41d3c\" data-vce-do-apply=\"all el-74d41d3c\"><div class=\"vce-row-content\" data-vce-element-content=\"true\"><div class=\"vce-col vce-col--md-auto vce-col--xs-1 vce-col--xs-last vce-col--xs-first vce-col--sm-last vce-col--sm-first vce-col--md-last vce-col--lg-last vce-col--xl-last vce-col--md-first vce-col--lg-first vce-col--xl-first\" id=\"el-668c6393\"><div class=\"vce-col-inner\" data-vce-do-apply=\"border margin background  el-668c6393\"><div class=\"vce-col-content\" data-vce-element-content=\"true\" data-vce-do-apply=\"padding el-668c6393\"><div class=\"vce-text-block\"><div class=\"vce-text-block-wrapper vce\" id=\"el-00c0e885\" data-vce-do-apply=\"all el-00c0e885\"><h1 style=\"text-align: center;\">Spezielle Angebote<\/h1>\n<p>&nbsp;<\/p><\/div><\/div><\/div><\/div><\/div><\/div><\/div><\/div><div class=\"vce-row-container\"><div class=\"vce-row vce-row--col-gap-30 vce-row-equal-height vce-row-content--top\" data-vce-full-width=\"true\" id=\"el-b9e122f9\" data-vce-do-apply=\"all el-b9e122f9\"><div class=\"vce-content-background-container\"><\/div><div class=\"vce-row-content\" data-vce-element-content=\"true\"><div class=\"vce-col vce-col--md-auto vce-col--xs-1 vce-col--xs-last vce-col--xs-first vce-col--sm-last vce-col--sm-first vce-col--md-last vce-col--lg-last vce-col--xl-last vce-col--md-first vce-col--lg-first vce-col--xl-first\" id=\"el-5b288462\"><div class=\"vce-col-inner\" data-vce-do-apply=\"border margin background  el-5b288462\" vce-box-shadow=\"el-5b288462\"><div class=\"vce-content-background-container\"><\/div><div class=\"vce-col-content\" data-vce-element-content=\"true\" data-vce-do-apply=\"padding el-5b288462\"><div class=\"vce-text-block\"><div class=\"vce-text-block-wrapper vce\" id=\"el-e0294b8e\" data-vce-do-apply=\"all el-e0294b8e\"><h3 style=\"text-align: center;\">Oster-Spezialangebot 1.4.\u20136.4.2026<\/h3><p><img loading=\"lazy\" decoding=\"async\" class=\"alignnone wp-image-4912 size-medium\" src=\"https:\/\/hotelzlatyandel.cz\/wp-content\/uploads\/2026\/03\/Design-ohne-Titel-300x251.jpg\" alt=\"velikonoce\" width=\"300\" height=\"251\" srcset=\"https:\/\/hotelzlatyandel.cz\/wp-content\/uploads\/2026\/03\/Design-ohne-Titel-300x251.jpg 300w, https:\/\/hotelzlatyandel.cz\/wp-content\/uploads\/2026\/03\/Design-ohne-Titel-150x126.jpg 150w, https:\/\/hotelzlatyandel.cz\/wp-content\/uploads\/2026\/03\/Design-ohne-Titel-768x644.jpg 768w, https:\/\/hotelzlatyandel.cz\/wp-content\/uploads\/2026\/03\/Design-ohne-Titel-320x268.jpg 320w, https:\/\/hotelzlatyandel.cz\/wp-content\/uploads\/2026\/03\/Design-ohne-Titel-480x402.jpg 480w, https:\/\/hotelzlatyandel.cz\/wp-content\/uploads\/2026\/03\/Design-ohne-Titel-800x671.jpg 800w, https:\/\/hotelzlatyandel.cz\/wp-content\/uploads\/2026\/03\/Design-ohne-Titel.jpg 940w\" sizes=\"auto, (max-width: 300px) 100vw, 300px\" \/><\/p><p style=\"text-align: center;\">Genie\u00dfen Sie die festliche Osteratmosph\u00e4re zu einem attraktiven Preis.<\/p><p style=\"text-align: center;\">G\u00f6nnen Sie sich den Komfort unseres Superior-Doppelzimmers inklusive Fr\u00fchst\u00fcck und feiern Sie den Fr\u00fchlingsbeginn stilvoll und in vollkommener Behaglichkeit.<\/p><\/div><\/div><div class=\"vce-button--style-basic-container vce-button--style-basic-container--align-center\"><span class=\"vce-button--style-basic-wrapper vce\" id=\"el-7ea9b87f\" data-vce-do-apply=\"margin el-7ea9b87f\"><a class=\"vce-button vce-button--style-basic vce-button--style-basic--border-square vce-button--style-basic--size-large vce-button--style-basic--color-b-219-170-95--fff\" href=\"https:\/\/hotelzlatyandel.cz\/de\/reservierung\/?preferpackage=all&nights-count=1&datein=2026-04-01&nights=1\" title=\"\" target=\"_blank\" data-vce-do-apply=\"padding border background  el-7ea9b87f\">Mehr hier<\/a><\/span><\/div><\/div><\/div><\/div><\/div><\/div><\/div><div class=\"vce-row-container\" data-vce-boxed-width=\"true\"><div class=\"vce-row vce-row--col-gap-30 vce-row-equal-height vce-row-content--top\" id=\"el-a94955be\" data-vce-do-apply=\"all el-a94955be\"><div class=\"vce-row-content\" data-vce-element-content=\"true\"><div class=\"vce-col vce-col--md-auto vce-col--xs-1 vce-col--xs-last vce-col--xs-first vce-col--sm-last vce-col--sm-first vce-col--md-last vce-col--lg-last vce-col--xl-last vce-col--md-first vce-col--lg-first vce-col--xl-first\" id=\"el-6ab980b8\"><div class=\"vce-col-inner\" data-vce-do-apply=\"border margin background  el-6ab980b8\"><div class=\"vce-col-content\" data-vce-element-content=\"true\" data-vce-do-apply=\"padding el-6ab980b8\"><div class=\"vce-text-block\"><div class=\"vce-text-block-wrapper vce\" id=\"el-c32b8f99\" data-vce-do-apply=\"all el-c32b8f99\"><p style=\"text-align: center;\">&nbsp;<\/p>\n<p>&nbsp;<\/p>\n<p style=\"text-align: center;\">Melden Sie sich gerne auf der Startseite zu unserem Newsletter an und erhalten Sie neue Angebote als Erste:r.<\/p><\/div><\/div><\/div><\/div><\/div><\/div><\/div><\/div><div class=\"vce-row-container\" data-vce-boxed-width=\"true\"><div class=\"vce-row vce-row--col-gap-30 vce-row-equal-height vce-row-content--top\" id=\"el-e1bbef56\" data-vce-do-apply=\"all el-e1bbef56\"><div class=\"vce-row-content\" data-vce-element-content=\"true\"><div class=\"vce-col vce-col--md-auto vce-col--xs-1 vce-col--xs-last vce-col--xs-first vce-col--sm-last vce-col--sm-first vce-col--md-last vce-col--lg-last vce-col--xl-last vce-col--md-first vce-col--lg-first vce-col--xl-first\" id=\"el-0b9e6a15\"><div class=\"vce-col-inner\" data-vce-do-apply=\"border margin background  el-0b9e6a15\"><div class=\"vce-col-content\" data-vce-element-content=\"true\" data-vce-do-apply=\"padding el-0b9e6a15\"><div class=\"vce-button--style-basic-container vce-button--style-basic-container--align-center\"><span class=\"vce-button--style-basic-wrapper vce\" id=\"el-8f8ff316\" data-vce-do-apply=\"margin el-8f8ff316\"><a class=\"vce-button vce-button--style-basic vce-button--style-basic--border-square vce-button--style-basic--size-large vce-button--style-basic--color-b-219-170-95--fff\" href=\"https:\/\/hotelzlatyandel.cz\/de\/\" title=\"\" target=\"_blank\" data-vce-do-apply=\"padding border background  el-8f8ff316\">zur Newsletter-Anmeldung<\/a><\/span><\/div><\/div><\/div><\/div><\/div><\/div><\/div>\n","protected":false},"excerpt":{"rendered":"<p>Spezielle Angebote &nbsp;Oster-Spezialangebot 1.4.\u20136.4.2026Genie\u00dfen Sie die festliche Osteratmosph\u00e4re zu einem attraktiven Preis.G\u00f6nnen Sie sich den Komfort unseres Superior-Doppelzimmers inklusive Fr\u00fchst\u00fcck und feiern Sie den Fr\u00fchlingsbeginn stilvoll und in vollkommener Behaglichkeit.Mehr hier&nbsp; &nbsp; Melden Sie sich gerne auf der Startseite zu unserem Newsletter an und erhalten Sie neue Angebote als Erste:r.zur Newsletter-Anmeldung<\/p>\n","protected":false},"author":1,"featured_media":0,"parent":0,"menu_order":0,"comment_status":"closed","ping_status":"closed","template":"","meta":{"footnotes":""},"class_list":["post-1855","page","type-page","status-publish","hentry"],"_links":{"self":[{"href":"https:\/\/hotelzlatyandel.cz\/de\/wp-json\/wp\/v2\/pages\/1855","targetHints":{"allow":["GET"]}}],"collection":[{"href":"https:\/\/hotelzlatyandel.cz\/de\/wp-json\/wp\/v2\/pages"}],"about":[{"href":"https:\/\/hotelzlatyandel.cz\/de\/wp-json\/wp\/v2\/types\/page"}],"author":[{"embeddable":true,"href":"https:\/\/hotelzlatyandel.cz\/de\/wp-json\/wp\/v2\/users\/1"}],"replies":[{"embeddable":true,"href":"https:\/\/hotelzlatyandel.cz\/de\/wp-json\/wp\/v2\/comments?post=1855"}],"version-history":[{"count":19,"href":"https:\/\/hotelzlatyandel.cz\/de\/wp-json\/wp\/v2\/pages\/1855\/revisions"}],"predecessor-version":[{"id":4915,"href":"https:\/\/hotelzlatyandel.cz\/de\/wp-json\/wp\/v2\/pages\/1855\/revisions\/4915"}],"wp:attachment":[{"href":"https:\/\/hotelzlatyandel.cz\/de\/wp-json\/wp\/v2\/media?parent=1855"}],"curies":[{"name":"wp","href":"https:\/\/api.w.org\/{rel}","templated":true}]}}