{"id":2856,"date":"2025-07-22T10:11:33","date_gmt":"2025-07-22T08:11:33","guid":{"rendered":"https:\/\/www.hotelzlatyandel.cz\/?page_id=2856"},"modified":"2026-01-12T13:56:41","modified_gmt":"2026-01-12T12:56:41","slug":"seminare","status":"publish","type":"page","link":"https:\/\/hotelzlatyandel.cz\/de\/seminare\/","title":{"rendered":"Seminare"},"content":{"rendered":"<div class=\"vce-row-container\"><div class=\"vce-row vce-row--has-col-background vce-element--xl--has-background vce-element--lg--has-background vce-element--md--has-background vce-element--sm--has-background vce-element--xs--has-background vce-row--col-gap-30 vce-row-equal-height vce-row-content--top\" data-vce-full-width=\"true\" id=\"el-48e5a07f\" data-vce-do-apply=\"all el-48e5a07f\"><div class=\"vce-content-background-container\"><\/div><div class=\"vce-row-content\" data-vce-element-content=\"true\"><div class=\"vce-col vce-element--has-background vce-col--md-auto vce-col--xs-1 vce-col--xs-last vce-col--xs-first vce-col--sm-last vce-col--sm-first vce-col--md-last vce-col--lg-last vce-col--xl-last vce-col--md-first vce-col--lg-first vce-col--xl-first\" id=\"el-b0834a77\"><div class=\"vce-col-inner\" data-vce-do-apply=\"border margin background  el-b0834a77\" data-vce-animate=\"vce-o-animate--\u017d\u00e1dn\u00fd\"><div class=\"vce-content-background-container\"><\/div><div class=\"vce-col-content\" data-vce-element-content=\"true\" data-vce-do-apply=\"padding el-b0834a77\"><div class=\"vce-text-block\"><div class=\"vce-text-block-wrapper vce\" id=\"el-db67c4a3\" data-vce-do-apply=\"all el-db67c4a3\"><h1><span style=\"font-size: 56pt;\">SEMINARE<\/span><\/h1><\/div><\/div><div class=\"vce-text-block\"><div class=\"vce-text-block-wrapper vce\" id=\"el-14067b89\" data-vce-do-apply=\"all el-14067b89\"><h2><span style=\"font-size: 36pt;\">SEMINARE<\/span><\/h2><\/div><\/div><\/div><\/div><\/div><\/div><\/div><\/div><div class=\"vce-row-container\"><div class=\"vce-row vce-row--col-gap-30 vce-row-equal-height vce-row-content--top\" data-vce-full-width=\"true\" id=\"el-a0fd80bf\" data-vce-do-apply=\"all el-a0fd80bf\"><div class=\"vce-content-background-container\"><\/div><div class=\"vce-row-content\" data-vce-element-content=\"true\"><div class=\"vce-col vce-col--md-auto vce-col--xs-1 vce-col--xs-last vce-col--xs-first vce-col--sm-last vce-col--sm-first vce-col--md-last vce-col--lg-last vce-col--xl-last vce-col--md-first vce-col--lg-first vce-col--xl-first\" id=\"el-f4739c76\"><div class=\"vce-col-inner\" data-vce-do-apply=\"border margin background  el-f4739c76\"><div class=\"vce-content-background-container\"><\/div><div class=\"vce-col-content\" data-vce-element-content=\"true\" data-vce-do-apply=\"padding el-f4739c76\"><div class=\"vce-text-block\"><div class=\"vce-text-block-wrapper vce\" id=\"el-bb6fa8cc\" data-vce-do-apply=\"all el-bb6fa8cc\"><h3>Business (not) as usual in einem historischen Geb\u00e4ude<\/h3>\n<p>Nur rund 30 Autominuten von der \u00f6sterreichisch-tschechischen Grenze entfernt bietet das Hotel Zlat\u00fd and\u011bl in \u010cesk\u00fd Krumlov (Krumau) den idealen Rahmen und R\u00e4umlichkeiten f\u00fcr Seminare, Tagungen und Incentives <strong>bis zu 150 Personen<\/strong> (2 verbundene Seminarr\u00e4ume f\u00fcr einmal <strong>max. 60 Personen<\/strong> und einmal <strong>max. 90 Personen<\/strong>).<\/p>\n<p>Das Seminarhotel befindet sich mitten im malerischen UNESCO-Weltkulturerbe \u010cesk\u00fd Krumlov. Das unter <strong>\u00f6sterreichischer F\u00fchrung<\/strong> stehende Hotel Zlat\u00fd and\u011bl bietet \u2013 umgeben von der historischen Kulisse und der gr\u00fcnen Landschaft S\u00fcdb\u00f6hmens - top ausgestattete Seminarr\u00e4ume mit einzigartigem Ambiente, 50 Zimmer, einen eigenen Parkplatz, einen Shuttle, ein Restaurant, ein Caf\u00e9 und eine Hotelbar.<\/p>\n<p>Viele Unternehmen vertrauen bereits auf die jahrelange Erfahrung des Hotels.<\/p><\/div><\/div><div class=\"vce-text-block\"><div class=\"vce-text-block-wrapper vce\" id=\"el-e08339f2\" data-vce-do-apply=\"all el-e08339f2\"><h3>&nbsp;<\/h3><h3>Seminarr\u00e4ume<\/h3><p>Beide Seminarr\u00e4ume befinden sich im ersten Stock (kein Lift). Sie sind durch eine Verbindungst\u00fcr getrennt, jeder Saal hat einen eigenen Eingang.<\/p><p><strong>Raum 1 (82 m2)<\/strong><br>Theaterbestuhlung: max. 90 Personen<br>Seminarbestuhlung: max. 40 Personen<br>U-Form: max. 22 Personen<\/p><p><strong>Raum 2 (60 m2)<\/strong><br>Theaterbestuhlung: max. 60 Personen<br>Seminarbestuhlung: max. 24 Personen<br>Block: max. 22 Personen<\/p><p><strong>Ausstattung<br><\/strong>- eigene K\u00fcche und Bar, ger\u00e4umiges Foyer mit WC<br>- moderne, audiovisuelle Pr\u00e4sentationstechnik<br>- drahtloses Mikrofon und Kopfh\u00f6rermikrofon<br>- Verdunkelungsvorh\u00e4nge<br>- WLAN<br>- Beschallung mit Audiotechnik<br>- Rednerpult<br>- Pr\u00e4sentationsger\u00e4t<br>- Blumenschmuck und Dekoration der S\u00e4le nach Wunsch<br>- Organisation Freizeitprogramm nach Wunsch<br>- Flipchart inkl. Zubeh\u00f6r<br>- Notizbl\u00f6cke und Stifte nach Bedarf<\/p><p>&nbsp;<\/p><\/div><\/div><div class=\"vce-text-block\"><div class=\"vce-text-block-wrapper vce\" id=\"el-1d4d059c\" data-vce-do-apply=\"all el-1d4d059c\"><h3>Verpflegung<\/h3>\n<p>Bei <strong>N\u00e4chtigung<\/strong> ist f\u00fcr Seminarg\u00e4ste das <strong>Fr\u00fchst\u00fcck am Tag 2 inklusive<\/strong>. Ein Lunch oder Abendessen mit traditionell b\u00f6hmischer K\u00fcche kann gerne nach Wunsch dazu gebucht werden. W\u00e4hrend Ihrer produktiven Zeit bieten wir als St\u00e4rkung gerne folgende <strong>Seminarverpflegung<\/strong> an:<\/p>\n<p><strong>Coffee Break Basic<\/strong><br><span style=\"font-weight: 400;\">Kaffee und Tee, S\u00e4fte, Wasser, Mineralwasser<\/span><\/p>\n<p><strong>Coffee Break Easy<br><\/strong><span style=\"font-weight: 400;\">Kaffee und Tee, S\u00e4fte, Wasser, Mineralwasser<br><\/span><span style=\"font-weight: 400;\">3 pikante Br\u00f6tchen\/Person oder&nbsp;<\/span><span style=\"font-weight: 400;\">Wrap mit H\u00fchnerfleisch oder Mozzarella<br><\/span><span style=\"font-weight: 400;\">Desserts<\/span><\/p>\n<p><strong>Coffee Break Standard<br><\/strong><span style=\"font-weight: 400;\">Kaffee und Tee, S\u00e4fte, Wasser, Mineralwasser<br>3 pikante Br\u00f6tchen\/Person oder&nbsp;<\/span><span style=\"font-weight: 400;\">Wrap mit H\u00fchnerfleisch oder Mozzarella<br><\/span><span style=\"font-weight: 400;\">Desserts &amp; Obst<\/span><\/p>\n<p><strong>Coffee Break Premium<br><\/strong>Kaffee und Tee, S\u00e4fte, Wasser, Mineralwasser Suppe<br><span style=\"font-weight: 400;\">3 pikante Br\u00f6tchen\/Person oder&nbsp;<\/span><span style=\"font-weight: 400;\">Wrap mit H\u00fchnerfleisch oder Mozzarella<br><\/span><span style=\"font-weight: 400;\">Gem\u00fcsesticks mit 2erlei Dips<br><\/span><span style=\"font-weight: 400;\">Desserts &amp; Obst&nbsp;<\/span><\/p><\/div><\/div><\/div><\/div><\/div><\/div><\/div><\/div><div class=\"vce-row-container\"><div class=\"vce-row vce-row--col-gap-30 vce-row-equal-height vce-row-content--top\" data-vce-full-width=\"true\" id=\"el-29a0d72a\" data-vce-do-apply=\"all el-29a0d72a\"><div class=\"vce-content-background-container\"><\/div><div class=\"vce-row-content\" data-vce-element-content=\"true\"><div class=\"vce-col vce-col--md-auto vce-col--xs-1 vce-col--xs-last vce-col--xs-first vce-col--sm-last vce-col--sm-first vce-col--md-last vce-col--lg-last vce-col--xl-last vce-col--md-first vce-col--lg-first vce-col--xl-first\" id=\"el-e0490a57\"><div class=\"vce-col-inner\" data-vce-do-apply=\"border margin background  el-e0490a57\"><div class=\"vce-col-content\" data-vce-element-content=\"true\" data-vce-do-apply=\"padding el-e0490a57\"><div class=\"vce-row-container\"><div class=\"vce-row vce-row--col-gap-20 vce-row-equal-height vce-row-content--top\" data-vce-full-width=\"true\" id=\"el-6c4e3d32\" data-vce-do-apply=\"all el-6c4e3d32\"><div class=\"vce-row-content\" data-vce-element-content=\"true\"><div class=\"vce-col vce-col--md-94p vce-col--xs-1 vce-col--xs-last vce-col--xs-first vce-col--sm-last vce-col--sm-first vce-col--md-first vce-col--lg-first vce-col--xl-first\" id=\"el-2f4666b9\"><div class=\"vce-col-inner\" data-vce-do-apply=\"border margin background  el-2f4666b9\"><div class=\"vce-col-content\" data-vce-element-content=\"true\" data-vce-do-apply=\"padding el-2f4666b9\"><div class=\"vcv-row-control-wrapper\"><\/div><\/div><\/div><\/div><div class=\"vce-col vce-col--md-6p vce-col--xs-1 vce-col--xs-last vce-col--xs-first vce-col--sm-last vce-col--sm-first vce-col--md-last vce-col--lg-last vce-col--xl-last\" id=\"el-161dc60c\"><div class=\"vce-col-inner\" data-vce-do-apply=\"border margin background  el-161dc60c\"><div class=\"vce-col-content\" data-vce-element-content=\"true\" data-vce-do-apply=\"padding el-161dc60c\"><div class=\"vcv-row-control-wrapper\"><\/div><\/div><\/div><\/div><\/div><\/div><\/div><\/div><\/div><\/div><\/div><\/div><\/div><div class=\"vce-row-container\"><div class=\"vce-row vce-row--col-gap-20 vce-row-equal-height vce-row-content--top\" data-vce-full-width=\"true\" id=\"el-4d9a0177\" data-vce-do-apply=\"all el-4d9a0177\"><div class=\"vce-content-background-container\"><\/div><div class=\"vce-row-content\" data-vce-element-content=\"true\"><div class=\"vce-col vce-col--md-auto vce-col--xs-1 vce-col--xs-last vce-col--xs-first vce-col--sm-last vce-col--sm-first vce-col--md-first vce-col--lg-first vce-col--xl-first\" id=\"el-75fc4977\"><div class=\"vce-col-inner\" data-vce-do-apply=\"border margin background  el-75fc4977\"><div class=\"vce-col-content\" data-vce-element-content=\"true\" data-vce-do-apply=\"padding el-75fc4977\"><div class=\"vce-button--style-basic-container vce-button--style-basic-container--align-left\"><span class=\"vce-button--style-basic-wrapper vce\" id=\"el-340de397\" data-vce-do-apply=\"margin el-340de397\"><a class=\"vce-button vce-button--style-basic vce-button--style-basic--border-square vce-button--style-basic--size-medium vce-button--style-basic--color-b-231-180-96--fff\" href=\"https:\/\/www.hotelzlatyandel.cz\/wp-content\/uploads\/2025\/07\/Seminar-Info_Deutsch.pdf\" title=\"\" target=\"_blank\" data-vce-do-apply=\"padding border background  el-340de397\" data-vce-animate=\"vce-o-animate--zoomIn-xl vce-o-animate--zoomIn-lg vce-o-animate--zoomIn-md vce-o-animate--zoomIn-sm vce-o-animate--zoomIn-xs\" data-vce-animate-delay=\"vce-o-animate-delay--0-xl vce-o-animate-delay--0-lg vce-o-animate-delay--0-md vce-o-animate-delay--0-sm vce-o-animate-delay--0-xs\">Download Seminarfolder<\/a><\/span><\/div><\/div><\/div><\/div><div class=\"vce-col vce-col--md-auto vce-col--xs-1 vce-col--xs-last vce-col--xs-first vce-col--sm-last vce-col--sm-first vce-col--md-last vce-col--lg-last vce-col--xl-last\" id=\"el-3f1517a7\"><div class=\"vce-col-inner\" data-vce-do-apply=\"border margin background  el-3f1517a7\"><div class=\"vce-col-content\" data-vce-element-content=\"true\" data-vce-do-apply=\"padding el-3f1517a7\"><div class=\"vce-button--style-basic-container vce-button--style-basic-container--align-center\"><span class=\"vce-button--style-basic-wrapper vce\" id=\"el-878ffb6b\" data-vce-do-apply=\"margin el-878ffb6b\"><a class=\"vce-button vce-button--style-basic vce-button--style-basic--border-square vce-button--style-basic--size-medium vce-button--style-basic--color-b-231-180-96--fff\" href=\"https:\/\/hotelzlatyandel.cz\/de\/seminarni-formular\/\" title=\"\" target=\"_blank\" data-vce-do-apply=\"padding border background  el-878ffb6b\" data-vce-animate=\"vce-o-animate--zoomIn-xl vce-o-animate--zoomIn-lg vce-o-animate--zoomIn-md vce-o-animate--zoomIn-sm vce-o-animate--zoomIn-xs\" data-vce-animate-delay=\"vce-o-animate-delay--0-xl vce-o-animate-delay--0-lg vce-o-animate-delay--0-md vce-o-animate-delay--0-sm vce-o-animate-delay--0-xs\">Hier anfragen<\/a><\/span><\/div><\/div><\/div><\/div><\/div><\/div><\/div><div class=\"vce-row-container\"><div class=\"vce-row vce-row--col-gap-30 vce-row-equal-height vce-row-content--top\" data-vce-full-width=\"true\" id=\"el-90417bc7\" data-vce-do-apply=\"all el-90417bc7\"><div class=\"vce-content-background-container\"><\/div><div class=\"vce-row-content\" data-vce-element-content=\"true\"><div class=\"vce-col vce-col--md-auto vce-col--xs-1 vce-col--xs-last vce-col--xs-first vce-col--sm-last vce-col--sm-first vce-col--md-last vce-col--lg-last vce-col--xl-last vce-col--md-first vce-col--lg-first vce-col--xl-first\" id=\"el-8254a247\"><div class=\"vce-col-inner\" data-vce-do-apply=\"border margin background  el-8254a247\"><div class=\"vce-col-content\" data-vce-element-content=\"true\" data-vce-do-apply=\"padding el-8254a247\"><div class=\"vce-row-container\"><div class=\"vce-row vce-row--col-gap-20 vce-row-equal-height vce-row-content--top\" data-vce-full-width=\"true\" id=\"el-961e373e\" data-vce-do-apply=\"all el-961e373e\"><div class=\"vce-row-content\" data-vce-element-content=\"true\"><div class=\"vce-col vce-col--md-auto vce-col--xs-1 vce-col--xs-last vce-col--xs-first vce-col--sm-last vce-col--sm-first vce-col--md-last vce-col--lg-last vce-col--xl-last vce-col--md-first vce-col--lg-first vce-col--xl-first\" id=\"el-cd6f1b23\"><div class=\"vce-col-inner\" data-vce-do-apply=\"border margin background  el-cd6f1b23\"><div class=\"vce-content-background-container\"><\/div><div class=\"vce-col-content\" data-vce-element-content=\"true\" data-vce-do-apply=\"padding el-cd6f1b23\"><div class=\"vce-image-gallery-with-scaleup vce-image-gallery-with-scaleup--gap-10 vce-image-gallery-with-scaleup--columns-3\"><div class=\"vce vce-image-gallery-with-scaleup-wrapper\" id=\"el-9b2e010e\" data-vce-do-apply=\"all el-9b2e010e\"><div class=\"vce-image-gallery-with-scaleup-list\"><div class=\"vce-image-gallery-with-scaleup-item\"><div class=\"vce-image-gallery-with-scaleup-item-inner-wrapper\"><a href=\"https:\/\/www.hotelzlatyandel.cz\/wp-content\/uploads\/2024\/03\/IMG-20240207-WA0012.jpg\" data-lightbox=\"lightbox-9b2e010e\" class=\"vce-image-gallery-with-scaleup-item-inner\"><img decoding=\"async\" class=\"vce-image-gallery-with-scaleup-img vce-image-gallery-with-scaleup-img--orientation-portrait\" src=\"https:\/\/www.hotelzlatyandel.cz\/wp-content\/uploads\/2024\/03\/IMG-20240207-WA0012-819x1024.jpg\" alt=\"\" title=\"IMG-20240207-WA0012\"><\/a><\/div><\/div><div class=\"vce-image-gallery-with-scaleup-item\"><div class=\"vce-image-gallery-with-scaleup-item-inner-wrapper\"><a href=\"https:\/\/www.hotelzlatyandel.cz\/wp-content\/uploads\/2025\/09\/DSC06854.jpg\" data-lightbox=\"lightbox-9b2e010e\" class=\"vce-image-gallery-with-scaleup-item-inner\"><img decoding=\"async\" class=\"vce-image-gallery-with-scaleup-img\" src=\"https:\/\/www.hotelzlatyandel.cz\/wp-content\/uploads\/2025\/09\/DSC06854-1024x683.jpg\" alt=\"\" title=\"Hotel Zlaty Andel Seminarraum mit Ausblick\"><\/a><\/div><\/div><div class=\"vce-image-gallery-with-scaleup-item\"><div class=\"vce-image-gallery-with-scaleup-item-inner-wrapper\"><a href=\"https:\/\/www.hotelzlatyandel.cz\/wp-content\/uploads\/2025\/09\/DSC06910-HDR.jpg\" data-lightbox=\"lightbox-9b2e010e\" class=\"vce-image-gallery-with-scaleup-item-inner\"><img decoding=\"async\" class=\"vce-image-gallery-with-scaleup-img\" src=\"https:\/\/www.hotelzlatyandel.cz\/wp-content\/uploads\/2025\/09\/DSC06910-HDR-1024x683.jpg\" alt=\"\" title=\"Hotel Zlaty Andel Seminarraum mit Ausblick\"><\/a><\/div><\/div><div class=\"vce-image-gallery-with-scaleup-item\"><div class=\"vce-image-gallery-with-scaleup-item-inner-wrapper\"><a href=\"https:\/\/www.hotelzlatyandel.cz\/wp-content\/uploads\/2025\/09\/DSC06986.jpg\" data-lightbox=\"lightbox-9b2e010e\" class=\"vce-image-gallery-with-scaleup-item-inner\"><img decoding=\"async\" class=\"vce-image-gallery-with-scaleup-img\" src=\"https:\/\/www.hotelzlatyandel.cz\/wp-content\/uploads\/2025\/09\/DSC06986-1024x683.jpg\" alt=\"\" title=\"DSC06986\"><\/a><\/div><\/div><div class=\"vce-image-gallery-with-scaleup-item\"><div class=\"vce-image-gallery-with-scaleup-item-inner-wrapper\"><a href=\"https:\/\/www.hotelzlatyandel.cz\/wp-content\/uploads\/2025\/09\/DSC02368-HDR.jpg\" data-lightbox=\"lightbox-9b2e010e\" class=\"vce-image-gallery-with-scaleup-item-inner\"><img decoding=\"async\" class=\"vce-image-gallery-with-scaleup-img\" src=\"https:\/\/www.hotelzlatyandel.cz\/wp-content\/uploads\/2025\/09\/DSC02368-HDR-1024x683.jpg\" alt=\"\" title=\"Hotel Zlaty Andel Zimmer\"><\/a><\/div><\/div><div class=\"vce-image-gallery-with-scaleup-item\"><div class=\"vce-image-gallery-with-scaleup-item-inner-wrapper\"><a href=\"https:\/\/www.hotelzlatyandel.cz\/wp-content\/uploads\/2025\/09\/DSC02845.jpg\" data-lightbox=\"lightbox-9b2e010e\" class=\"vce-image-gallery-with-scaleup-item-inner\"><img decoding=\"async\" class=\"vce-image-gallery-with-scaleup-img\" src=\"https:\/\/www.hotelzlatyandel.cz\/wp-content\/uploads\/2025\/09\/DSC02845-1024x683.jpg\" alt=\"\" title=\"DSC02845\"><\/a><\/div><\/div><\/div><\/div><\/div><\/div><\/div><\/div><\/div><\/div><\/div><div class=\"vce-text-block\"><div class=\"vce-text-block-wrapper vce\" id=\"el-bb6b7886\" data-vce-do-apply=\"all el-bb6b7886\"><h3>&nbsp;<\/h3>\n<h3>Erlebnisreiches Freizeitprogramm<\/h3>\n<p>Damit die Veranstaltung nicht nur inhaltlich ein Erfolg wird, sondern auch <strong>das Miteinander f\u00f6rdert<\/strong>, bietet \u010cesk\u00fd Krumlov (Krumau) viele M\u00f6glichkeiten: die Stadt zu Fu\u00df erkunden, eine <strong>gef\u00fchrte Stadtf\u00fchrung<\/strong> durch die malerischen Gassen oder das Renaissance-Schloss, <strong>Brauereif\u00fchrungen<\/strong>, Teambuilding bei <strong>Kanu- oder Rafting-Touren<\/strong> auf der Moldau, <strong>Wanderungen<\/strong> im B\u00f6hmerwald oder <strong>kulturelle Veranstaltungen<\/strong>. Die <strong>hoteleigene Music- &amp; Cocktailbar<\/strong> bietet noch den idealen Abschluss eines erfolgreichen Tages.<\/p>\n<p>&nbsp;<\/p>\n<h3>Events &amp; private Veranstaltungen<\/h3>\n<p>Planen Sie eine <strong>Familienfeier, Weihnachtsfeier,&nbsp; Hochzeit oder ein Treffen mit Freunden<\/strong>? Nutzen Sie unsere R\u00e4umlichkeiten im Haus Hrozen, nur wenige Meter vom Hotel Zlat\u00fd and\u011bl entfernt. Wir sorgen daf\u00fcr, dass Ihre Feier alle Erwartungen erf\u00fcllt. Gerne helfen wir Ihnen bei der Organisation und der Auswahl des passenden Men\u00fcs f\u00fcr Ihre G\u00e4ste.<\/p><\/div><\/div><div class=\"vce-button--style-basic-container vce-button--style-basic-container--align-left\"><span class=\"vce-button--style-basic-wrapper vce\" id=\"el-b5e2c897\" data-vce-do-apply=\"margin el-b5e2c897\"><a class=\"vce-button vce-button--style-basic vce-button--style-basic--border-square vce-button--style-basic--size-medium vce-button--style-basic--color-b-231-180-96--fff\" href=\"https:\/\/www.hotelzlatyandel.cz\/de\/gruppenreisen-cesky-krumlov\/\" title=\"\" target=\"_blank\" data-vce-do-apply=\"padding border background  el-b5e2c897\" data-vce-animate=\"vce-o-animate--zoomIn-xl vce-o-animate--zoomIn-lg vce-o-animate--zoomIn-md vce-o-animate--zoomIn-sm vce-o-animate--zoomIn-xs\" data-vce-animate-delay=\"vce-o-animate-delay--0-xl vce-o-animate-delay--0-lg vce-o-animate-delay--0-md vce-o-animate-delay--0-sm vce-o-animate-delay--0-xs\">Events<\/a><\/span><\/div><\/div><\/div><\/div><\/div><\/div><\/div>","protected":false},"excerpt":{"rendered":"<p>SEMINARESEMINAREBusiness (not) as usual in einem historischen Geb\u00e4ude Nur rund 30 Autominuten von der \u00f6sterreichisch-tschechischen Grenze entfernt bietet das Hotel Zlat\u00fd and\u011bl in \u010cesk\u00fd Krumlov (Krumau) den idealen Rahmen und R\u00e4umlichkeiten f\u00fcr Seminare, Tagungen und Incentives bis zu 150 Personen (2 verbundene Seminarr\u00e4ume f\u00fcr einmal max. 60 Personen und einmal max. 90 Personen). Das Seminarhotel [&hellip;]<\/p>\n","protected":false},"author":1,"featured_media":0,"parent":0,"menu_order":0,"comment_status":"closed","ping_status":"closed","template":"","meta":{"footnotes":""},"class_list":["post-2856","page","type-page","status-publish","hentry"],"_links":{"self":[{"href":"https:\/\/hotelzlatyandel.cz\/de\/wp-json\/wp\/v2\/pages\/2856","targetHints":{"allow":["GET"]}}],"collection":[{"href":"https:\/\/hotelzlatyandel.cz\/de\/wp-json\/wp\/v2\/pages"}],"about":[{"href":"https:\/\/hotelzlatyandel.cz\/de\/wp-json\/wp\/v2\/types\/page"}],"author":[{"embeddable":true,"href":"https:\/\/hotelzlatyandel.cz\/de\/wp-json\/wp\/v2\/users\/1"}],"replies":[{"embeddable":true,"href":"https:\/\/hotelzlatyandel.cz\/de\/wp-json\/wp\/v2\/comments?post=2856"}],"version-history":[{"count":4,"href":"https:\/\/hotelzlatyandel.cz\/de\/wp-json\/wp\/v2\/pages\/2856\/revisions"}],"predecessor-version":[{"id":4428,"href":"https:\/\/hotelzlatyandel.cz\/de\/wp-json\/wp\/v2\/pages\/2856\/revisions\/4428"}],"wp:attachment":[{"href":"https:\/\/hotelzlatyandel.cz\/de\/wp-json\/wp\/v2\/media?parent=2856"}],"curies":[{"name":"wp","href":"https:\/\/api.w.org\/{rel}","templated":true}]}}