{"id":3574,"date":"2025-10-13T06:50:02","date_gmt":"2025-10-13T04:50:02","guid":{"rendered":"https:\/\/www.hotelzlatyandel.cz\/?page_id=3574"},"modified":"2025-10-23T08:52:19","modified_gmt":"2025-10-23T06:52:19","slug":"3574-2","status":"publish","type":"page","link":"https:\/\/hotelzlatyandel.cz\/de\/3574-2\/","title":{"rendered":"Newsletter DE"},"content":{"rendered":"<div class=\"vce-row-container\" data-vce-boxed-width=\"true\"><div class=\"vce-row vce-row--col-gap-30 vce-row-equal-height vce-row-content--top\" id=\"el-c68def70\" data-vce-do-apply=\"all el-c68def70\"><div class=\"vce-row-content\" data-vce-element-content=\"true\"><div class=\"vce-col vce-col--md-auto vce-col--xs-1 vce-col--xs-last vce-col--xs-first vce-col--sm-last vce-col--sm-first vce-col--md-last vce-col--lg-last vce-col--xl-last vce-col--md-first vce-col--lg-first vce-col--xl-first\" id=\"el-6ddb6c2c\"><div class=\"vce-col-inner\" data-vce-do-apply=\"border margin background  el-6ddb6c2c\"><div class=\"vce-col-content\" data-vce-element-content=\"true\" data-vce-do-apply=\"padding el-6ddb6c2c\"><div class=\"vce-row-container\"><div class=\"vce-row vce-row--has-col-background vce-element--xl--has-background vce-element--lg--has-background vce-element--md--has-background vce-element--sm--has-background vce-element--xs--has-background vce-row--col-gap-30 vce-row-equal-height vce-row-content--top\" data-vce-full-width=\"true\" id=\"el-11cd95d9\" data-vce-do-apply=\"all el-11cd95d9\"><div class=\"vce-content-background-container\"><\/div><div class=\"vce-row-content\" data-vce-element-content=\"true\"><div class=\"vce-col vce-element--has-background vce-col--md-auto vce-col--xs-1 vce-col--xs-last vce-col--xs-first vce-col--sm-last vce-col--sm-first vce-col--md-last vce-col--lg-last vce-col--xl-last vce-col--md-first vce-col--lg-first vce-col--xl-first\" id=\"el-f5c9134b\"><div class=\"vce-col-inner\" data-vce-do-apply=\"border margin background  el-f5c9134b\" data-vce-animate=\"vce-o-animate--\u017d\u00e1dn\u00fd\"><div class=\"vce-content-background-container\"><\/div><div class=\"vce-col-content\" data-vce-element-content=\"true\" data-vce-do-apply=\"padding el-f5c9134b\"><div class=\"vce-text-block\"><div class=\"vce-text-block-wrapper vce\" id=\"el-3996a92d\" data-vce-do-apply=\"all el-3996a92d\"><h3 style=\"text-align: center;\">Sie haben den Newsletter des Hotels Zlat\u00fd And\u011bl abonniert.<\/h3><\/div><\/div><\/div><\/div><\/div><\/div><\/div><\/div><\/div><\/div><\/div><\/div><\/div><\/div><div class=\"vce-row-container\" data-vce-boxed-width=\"true\"><div class=\"vce-row vce-row--col-gap-30 vce-row-equal-height vce-row-content--top\" id=\"el-57eadffa\" data-vce-do-apply=\"all el-57eadffa\"><div class=\"vce-row-content\" data-vce-element-content=\"true\"><div class=\"vce-col vce-col--md-auto vce-col--xs-1 vce-col--xs-last vce-col--xs-first vce-col--sm-last vce-col--sm-first vce-col--md-last vce-col--lg-last vce-col--xl-last vce-col--md-first vce-col--lg-first vce-col--xl-first\" id=\"el-8ac44ad1\"><div class=\"vce-col-inner\" data-vce-do-apply=\"border margin background  el-8ac44ad1\"><div class=\"vce-col-content\" data-vce-element-content=\"true\" data-vce-do-apply=\"padding el-8ac44ad1\"><div class=\"vce-row-container\" data-vce-boxed-width=\"true\"><div class=\"vce-row vce-row--col-gap-30 vce-row-equal-height vce-row-content--top\" id=\"el-2ff275c3\" data-vce-do-apply=\"all el-2ff275c3\"><div class=\"vce-row-content\" data-vce-element-content=\"true\"><div class=\"vce-col vce-col--md-auto vce-col--xs-1 vce-col--xs-last vce-col--xs-first vce-col--sm-last vce-col--sm-first vce-col--md-last vce-col--lg-last vce-col--xl-last vce-col--md-first vce-col--lg-first vce-col--xl-first\" id=\"el-fc24fa1f\"><div class=\"vce-col-inner\" data-vce-do-apply=\"border margin background  el-fc24fa1f\"><div class=\"vce-col-content\" data-vce-element-content=\"true\" data-vce-do-apply=\"padding el-fc24fa1f\"><div class=\"vce-button--style-outline-container vce-button--style-outline-container--align-center\"><span class=\"vce-button--style-outline-wrapper vce\" id=\"el-809d892f\" data-vce-do-apply=\"margin el-809d892f\"><a class=\"vce-button vce-button--style-outline-animated vce-button--style-outline--border-square vce-button--style-outline--size-medium vce-button--style-outline-animated--color-b-255-255-255--b-255-255-255--ba-0-0-0-0 vce-button--style-outline-animated--border-color-b-219-169-91--b-231-180-96 vce-button--style-outline-animated--background-color-b-219-169-91\" href=\"https:\/\/www.hotelzlatyandel.cz\/de\" title=\"\" data-vce-do-apply=\"padding border background  el-809d892f\"><span class=\"vce-button--style-outline-text\">Zur Startseite<\/span><\/a><\/span><\/div><\/div><\/div><\/div><\/div><\/div><\/div><\/div><\/div><\/div><\/div><\/div><\/div>\n","protected":false},"excerpt":{"rendered":"<p>Sie haben den Newsletter des Hotels Zlat\u00fd And\u011bl abonniert.Zur Startseite<\/p>\n","protected":false},"author":1,"featured_media":0,"parent":0,"menu_order":0,"comment_status":"closed","ping_status":"closed","template":"","meta":{"footnotes":""},"class_list":["post-3574","page","type-page","status-publish","hentry"],"_links":{"self":[{"href":"https:\/\/hotelzlatyandel.cz\/de\/wp-json\/wp\/v2\/pages\/3574","targetHints":{"allow":["GET"]}}],"collection":[{"href":"https:\/\/hotelzlatyandel.cz\/de\/wp-json\/wp\/v2\/pages"}],"about":[{"href":"https:\/\/hotelzlatyandel.cz\/de\/wp-json\/wp\/v2\/types\/page"}],"author":[{"embeddable":true,"href":"https:\/\/hotelzlatyandel.cz\/de\/wp-json\/wp\/v2\/users\/1"}],"replies":[{"embeddable":true,"href":"https:\/\/hotelzlatyandel.cz\/de\/wp-json\/wp\/v2\/comments?post=3574"}],"version-history":[{"count":0,"href":"https:\/\/hotelzlatyandel.cz\/de\/wp-json\/wp\/v2\/pages\/3574\/revisions"}],"wp:attachment":[{"href":"https:\/\/hotelzlatyandel.cz\/de\/wp-json\/wp\/v2\/media?parent=3574"}],"curies":[{"name":"wp","href":"https:\/\/api.w.org\/{rel}","templated":true}]}}