{"id":3720,"date":"2025-10-20T12:24:55","date_gmt":"2025-10-20T10:24:55","guid":{"rendered":"https:\/\/www.hotelzlatyandel.cz\/?page_id=3720"},"modified":"2025-11-03T14:20:21","modified_gmt":"2025-11-03T13:20:21","slug":"impresum","status":"publish","type":"page","link":"https:\/\/hotelzlatyandel.cz\/de\/impresum\/","title":{"rendered":""},"content":{"rendered":"<div class=\"vce-row-container\"><div class=\"vce-row vce-row--col-gap-30 vce-row-equal-height vce-row-content--top\" data-vce-full-width=\"true\" id=\"el-90630d51\" data-vce-do-apply=\"all el-90630d51\"><div class=\"vce-row-content\" data-vce-element-content=\"true\"><div class=\"vce-col vce-col--md-auto vce-col--xs-1 vce-col--xs-last vce-col--xs-first vce-col--sm-last vce-col--sm-first vce-col--md-last vce-col--lg-last vce-col--xl-last vce-col--md-first vce-col--lg-first vce-col--xl-first\" id=\"el-9e9b1c6e\"><div class=\"vce-col-inner\" data-vce-do-apply=\"border margin background  el-9e9b1c6e\"><div class=\"vce-col-content\" data-vce-element-content=\"true\" data-vce-do-apply=\"padding el-9e9b1c6e\"><div class=\"vce-text-block\"><div class=\"vce-text-block-wrapper vce\" id=\"el-e497919f\" data-vce-do-apply=\"all el-e497919f\"><div class=\"vce-row-container\"><div id=\"el-c376724a\" class=\"vce-row vce-row--col-gap-30 vce-row-equal-height vce-row-content--top\" data-vce-do-apply=\"all el-c376724a\" data-vce-full-width=\"true\"><div class=\"vce-row-content\" data-vce-element-content=\"true\"><p><\/p><div id=\"el-62894b5d\" class=\"vce-col vce-col--md-auto vce-col--xs-1 vce-col--xs-last vce-col--xs-first vce-col--sm-last vce-col--sm-first vce-col--md-last vce-col--lg-last vce-col--xl-last vce-col--md-first vce-col--lg-first vce-col--xl-first\"><div class=\"vce-col-inner\" data-vce-do-apply=\"border margin background el-62894b5d\"><div class=\"vce-col-content\" data-vce-element-content=\"true\" data-vce-do-apply=\"padding el-62894b5d\"><p><\/p><div class=\"vce-row-container\" data-vce-boxed-width=\"true\"><div id=\"el-61428f44\" class=\"vce-row vce-row--col-gap-30 vce-row-equal-height vce-row-content--top\" data-vce-do-apply=\"all el-61428f44\"><div class=\"vce-row-content\" data-vce-element-content=\"true\"><p><\/p><div id=\"el-44eb323e\" class=\"vce-col vce-col--md-auto vce-col--xs-1 vce-col--xs-last vce-col--xs-first vce-col--sm-last vce-col--sm-first vce-col--md-last vce-col--lg-last vce-col--xl-last vce-col--md-first vce-col--lg-first vce-col--xl-first\"><div class=\"vce-col-inner\" data-vce-do-apply=\"border margin background el-44eb323e\"><div class=\"vce-col-content\" data-vce-element-content=\"true\" data-vce-do-apply=\"padding el-44eb323e\"><p><\/p><div class=\"vce-text-block\"><div id=\"el-21a3357a\" class=\"vce-text-block-wrapper vce\" data-vce-do-apply=\"all el-21a3357a\"><h3 style=\"text-align: left;\"><span style=\"font-size: 18pt;\">Der Betreiber dieser Website ist:<\/span><\/h3><p style=\"text-align: left;\">Zlat\u00fd and\u011bl s.r.o.<br>N\u00e1m\u011bst\u00ed Svornosti 11, 38101 \u010cesk\u00fd Krumlov<br>Tschechische Republik<br>E-Mail: info@hotelzlatyandel.cz<br>Telefonnummer: +420 380 712 310<\/p><p style=\"text-align: left;\">IdNr: 63887363<\/p><p style=\"text-align: left;\">USt-IdNr: CZ63887363<\/p><h3 style=\"text-align: left;\"><span style=\"font-size: 16pt;\">1. Allgemein<\/span><\/h3><p>1.1 Wir sind bei Krajsk\u00fd soud v \u010c. Bud\u011bjovic\u00edch unter der Registrierungsnummer registriert: C, 5583<\/p><\/div><\/div><p><\/p><\/div><\/div><\/div><p><\/p><\/div><\/div><\/div><p><\/p><\/div><\/div><\/div><p><\/p><\/div><\/div><\/div><p><!--vcv no format--><\/p><\/div><\/div><\/div><\/div><\/div><\/div><\/div><\/div>\n","protected":false},"excerpt":{"rendered":"<p>Der Betreiber dieser Website ist:Zlat\u00fd and\u011bl s.r.o.N\u00e1m\u011bst\u00ed Svornosti 11, 38101 \u010cesk\u00fd KrumlovTschechische RepublikE-Mail: info@hotelzlatyandel.czTelefonnummer: +420 380 712 310IdNr: 63887363USt-IdNr: CZ638873631. Allgemein1.1 Wir sind bei Krajsk\u00fd soud v \u010c. Bud\u011bjovic\u00edch unter der Registrierungsnummer registriert: C, 5583<\/p>\n","protected":false},"author":1,"featured_media":0,"parent":0,"menu_order":0,"comment_status":"closed","ping_status":"closed","template":"","meta":{"footnotes":""},"class_list":["post-3720","page","type-page","status-publish","hentry"],"_links":{"self":[{"href":"https:\/\/hotelzlatyandel.cz\/de\/wp-json\/wp\/v2\/pages\/3720","targetHints":{"allow":["GET"]}}],"collection":[{"href":"https:\/\/hotelzlatyandel.cz\/de\/wp-json\/wp\/v2\/pages"}],"about":[{"href":"https:\/\/hotelzlatyandel.cz\/de\/wp-json\/wp\/v2\/types\/page"}],"author":[{"embeddable":true,"href":"https:\/\/hotelzlatyandel.cz\/de\/wp-json\/wp\/v2\/users\/1"}],"replies":[{"embeddable":true,"href":"https:\/\/hotelzlatyandel.cz\/de\/wp-json\/wp\/v2\/comments?post=3720"}],"version-history":[{"count":0,"href":"https:\/\/hotelzlatyandel.cz\/de\/wp-json\/wp\/v2\/pages\/3720\/revisions"}],"wp:attachment":[{"href":"https:\/\/hotelzlatyandel.cz\/de\/wp-json\/wp\/v2\/media?parent=3720"}],"curies":[{"name":"wp","href":"https:\/\/api.w.org\/{rel}","templated":true}]}}