{"id":891,"date":"2023-06-21T18:33:56","date_gmt":"2023-06-21T16:33:56","guid":{"rendered":"http:\/\/www.hotelzlatyandel.cz\/?page_id=891"},"modified":"2025-09-30T15:06:40","modified_gmt":"2025-09-30T13:06:40","slug":"jobs","status":"publish","type":"page","link":"https:\/\/hotelzlatyandel.cz\/de\/jobs\/","title":{"rendered":"Jobs"},"content":{"rendered":"<div class=\"vce-row-container\"><div class=\"vce-row vce-row--col-gap-0 vce-row-equal-height vce-row-content--top\" data-vce-full-width=\"true\" id=\"el-403efb1e\" data-vce-do-apply=\"all el-403efb1e\"><div class=\"vce-content-background-container\"><\/div><div class=\"vce-row-content\" data-vce-element-content=\"true\"><div class=\"vce-col vce-col--md-auto vce-col--xs-1 vce-col--xs-last vce-col--xs-first vce-col--sm-last vce-col--sm-first vce-col--md-last vce-col--lg-last vce-col--xl-last vce-col--md-first vce-col--lg-first vce-col--xl-first\" id=\"el-4e7acc9c\"><div class=\"vce-col-inner\" data-vce-do-apply=\"border margin background  el-4e7acc9c\"><div class=\"vce-col-content\" data-vce-element-content=\"true\" data-vce-do-apply=\"padding el-4e7acc9c\"><div class=\"vce-text-block\"><div class=\"vce-text-block-wrapper vce\" id=\"el-f51b5641\" data-vce-do-apply=\"all el-f51b5641\"><h1>Werde ein Teil von uns!<\/h1><\/div><\/div><\/div><\/div><\/div><\/div><\/div><\/div><div class=\"vce-row-container\"><div class=\"vce-row vce-row--col-gap-30 vce-row-equal-height vce-row-content--top\" data-vce-full-width=\"true\" id=\"el-293c53ba\" data-vce-do-apply=\"all el-293c53ba\"><div class=\"vce-content-background-container\"><\/div><div class=\"vce-row-content\" data-vce-element-content=\"true\"><div class=\"vce-col vce-col--md-40p vce-col--xs-1 vce-col--xs-last vce-col--xs-first vce-col--sm-last vce-col--sm-first vce-col--md-first vce-col--lg-first vce-col--xl-first\" id=\"el-cbebd1bc\"><div class=\"vce-col-inner\" data-vce-do-apply=\"border margin background  el-cbebd1bc\"><div class=\"vce-col-content\" data-vce-element-content=\"true\" data-vce-do-apply=\"padding el-cbebd1bc\"><div class=\"vce-simple-image-slider\" data-photoswipe-gallery=\"9452f529\" style=\"--backgroundPosition: center center; --pointerColor: #fff; --pointerColorHover: #fd9a00;\"><div class=\"vce-simple-image-slider-wrapper vce\" id=\"el-9452f529\" data-vce-do-apply=\"all el-9452f529\"><div class=\"vce-simple-image-slider-helper vce-simple-image-slider-aspect-ratio--9-16\"><div class=\"vce-simple-image-slider-list\" data-slick-autoplay=\"on\" data-slick-autoplay-delay=\"5000\" data-slick-effect=\"slideIn\" data-slick-dots=\"on\" data-slick-arrows=\"off\"><div class=\"slick-list\"><div class=\"slick-track\"><div class=\"vce-simple-image-slider-item vc-slick-item\" data-photoswipe-item=\"photoswipe-9452f529\"><a href=\"https:\/\/hotelzlatyandel.cz\/wp-content\/uploads\/2025\/09\/DSC00015-1.avif\" data-photoswipe-image=\"9452f529\" data-photoswipe-index=\"0\" style=\"background-image:url(https:\/\/hotelzlatyandel.cz\/wp-content\/uploads\/2025\/09\/DSC00015-1.avif)\" class=\"vce-simple-image-slider-img vce-simple-image-slider-img--scale\"><img decoding=\"async\" class=\"\" src=\"https:\/\/hotelzlatyandel.cz\/wp-content\/uploads\/2025\/09\/DSC00015-1.avif\" style=\"opacity:0\" alt=\"\"><\/a><\/div><div class=\"vce-simple-image-slider-item vc-slick-item\" data-photoswipe-item=\"photoswipe-9452f529\"><a href=\"https:\/\/hotelzlatyandel.cz\/wp-content\/uploads\/2023\/06\/DSC00061.jpg\" data-photoswipe-image=\"9452f529\" data-photoswipe-index=\"1\" style=\"background-image:url(https:\/\/hotelzlatyandel.cz\/wp-content\/uploads\/2023\/06\/DSC00061.jpg)\" class=\"vce-simple-image-slider-img vce-simple-image-slider-img--scale\"><img decoding=\"async\" class=\"\" src=\"https:\/\/hotelzlatyandel.cz\/wp-content\/uploads\/2023\/06\/DSC00061.jpg\" style=\"opacity:0\" alt=\"\"><\/a><\/div><div class=\"vce-simple-image-slider-item vc-slick-item\" data-photoswipe-item=\"photoswipe-9452f529\"><a href=\"https:\/\/hotelzlatyandel.cz\/wp-content\/uploads\/2023\/06\/DSC00080.jpg\" data-photoswipe-image=\"9452f529\" data-photoswipe-index=\"2\" style=\"background-image:url(https:\/\/hotelzlatyandel.cz\/wp-content\/uploads\/2023\/06\/DSC00080.jpg)\" class=\"vce-simple-image-slider-img vce-simple-image-slider-img--scale\"><img decoding=\"async\" class=\"\" src=\"https:\/\/hotelzlatyandel.cz\/wp-content\/uploads\/2023\/06\/DSC00080.jpg\" style=\"opacity:0\" alt=\"\"><\/a><\/div><div class=\"vce-simple-image-slider-item vc-slick-item\" data-photoswipe-item=\"photoswipe-9452f529\"><a href=\"https:\/\/hotelzlatyandel.cz\/wp-content\/uploads\/2023\/06\/DSC00236.jpg\" data-photoswipe-image=\"9452f529\" data-photoswipe-index=\"3\" style=\"background-image:url(https:\/\/hotelzlatyandel.cz\/wp-content\/uploads\/2023\/06\/DSC00236.jpg)\" class=\"vce-simple-image-slider-img vce-simple-image-slider-img--scale\"><img decoding=\"async\" class=\"\" src=\"https:\/\/hotelzlatyandel.cz\/wp-content\/uploads\/2023\/06\/DSC00236.jpg\" style=\"opacity:0\" alt=\"\"><\/a><\/div><\/div><\/div><\/div><div class=\"vce-simple-image-slider-dots\"><\/div><\/div><\/div><\/div><\/div><\/div><\/div><div class=\"vce-col vce-col--md-60p vce-col--xs-1 vce-col--xs-last vce-col--xs-first vce-col--sm-last vce-col--sm-first vce-col--md-last vce-col--lg-last vce-col--xl-last\" id=\"el-a1cce788\"><div class=\"vce-col-inner\" data-vce-do-apply=\"border margin background  el-a1cce788\"><div class=\"vce-content-background-container\"><\/div><div class=\"vce-col-content\" data-vce-element-content=\"true\" data-vce-do-apply=\"padding el-a1cce788\"><div class=\"vce-text-block\"><div class=\"vce-text-block-wrapper vce\" id=\"el-0429d755\" data-vce-do-apply=\"all el-0429d755\"><p>Sie haben Freude daran, anderen Freude zu bereiten? Ihre Leidenschaft ist es, G\u00e4sten aus aller Herren L\u00e4nder ihren Urlaub oder ihre Gesch\u00e4ftsreise mit perfektem Service so angenehm wie m\u00f6glich zu machen?<\/p>\n<p>Dann sind Sie bei uns richtig! Auf Sie warten abwechslungsreiche Aufgaben, sowie die allerbesten Kolleg:innen und G\u00e4ste, die man sich w\u00fcnschen kann. Wir sind schon lange ein Team mit langj\u00e4hrigen Mitarbeiter:innen und freuen uns, wenn Sie mit uns gemeinsam unsere Ziele verfolgen.<\/p><\/div><\/div><\/div><\/div><\/div><\/div><\/div><\/div><div class=\"vce-row-container\"><div class=\"vce-row vce-element--has-background vce-row--col-gap-0 vce-row-equal-height vce-row-content--top\" data-vce-full-width=\"true\" id=\"el-f752c821\" data-vce-do-apply=\"all el-f752c821\"><div class=\"vce-content-background-container\"><\/div><div class=\"vce-row-content\" data-vce-element-content=\"true\"><div class=\"vce-col vce-col--md-auto vce-col--xs-1 vce-col--xs-last vce-col--xs-first vce-col--sm-last vce-col--sm-first vce-col--md-first vce-col--lg-first vce-col--xl-first\" id=\"el-e52bcaac\"><div class=\"vce-col-inner\" data-vce-do-apply=\"border margin background  el-e52bcaac\"><div class=\"vce-col-content\" data-vce-element-content=\"true\" data-vce-do-apply=\"padding el-e52bcaac\"><div class=\"vce-text-block\"><div class=\"vce-text-block-wrapper vce\" id=\"el-26bd20e7\" data-vce-do-apply=\"all el-26bd20e7\"><h2>Im Moment suchen wir<\/h2><\/div><\/div><div class=\"vce-text-block\"><div class=\"vce-text-block-wrapper vce\" id=\"el-e13755cf\" data-vce-do-apply=\"all el-e13755cf\"><p>F\u00fcr folgende Positionen sind wir aktuell auf der Suche nach neuen Kolleg:innen f\u00fcr unser Team:<\/p>\n<p><br>\u2022 Rezeptionist:innen (Tag \/ Nacht)<br>\u2022 Portier<br>\u2022 Servicepersonal<br>\u2022 K\u00f6ch:innen<br>\u2022 Reinigungspersonal<br>\u2022 Barkeeper<\/p>\n<p><br>Egal ob Vollzeit oder als Teilzeitkraft \u2013 bewerben Sie sich f\u00fcr eine unserer offenen Stellen oder schreiben Sie einfach eine Initiativbewerbung an <span style=\"color: #bf9f58;\"><a style=\"color: #bf9f58;\" href=\"mailto:office@hotelzlatyandel.cz\">office@hotelzlatyandel.cz<\/a>.<\/span> Wir melden uns auf jeden Fall bei Ihnen!<\/p><\/div><\/div><\/div><\/div><\/div><div class=\"vce-col vce-col--md-auto vce-col--xs-1 vce-col--xs-last vce-col--xs-first vce-col--sm-last vce-col--sm-first vce-col--md-last vce-col--lg-last vce-col--xl-last\" id=\"el-4d4971f8\"><div class=\"vce-col-inner\" data-vce-do-apply=\"border margin background  el-4d4971f8\"><div class=\"vce-col-content\" data-vce-element-content=\"true\" data-vce-do-apply=\"padding el-4d4971f8\"><div class=\"vcv-row-control-wrapper\"><\/div><\/div><\/div><\/div><\/div><\/div><\/div>","protected":false},"excerpt":{"rendered":"<p>Werde ein Teil von uns!Sie haben Freude daran, anderen Freude zu bereiten? Ihre Leidenschaft ist es, G\u00e4sten aus aller Herren L\u00e4nder ihren Urlaub oder ihre Gesch\u00e4ftsreise mit perfektem Service so angenehm wie m\u00f6glich zu machen? Dann sind Sie bei uns richtig! Auf Sie warten abwechslungsreiche Aufgaben, sowie die allerbesten Kolleg:innen und G\u00e4ste, die man sich [&hellip;]<\/p>\n","protected":false},"author":1,"featured_media":0,"parent":0,"menu_order":0,"comment_status":"closed","ping_status":"closed","template":"","meta":{"footnotes":""},"class_list":["post-891","page","type-page","status-publish","hentry"],"_links":{"self":[{"href":"https:\/\/hotelzlatyandel.cz\/de\/wp-json\/wp\/v2\/pages\/891","targetHints":{"allow":["GET"]}}],"collection":[{"href":"https:\/\/hotelzlatyandel.cz\/de\/wp-json\/wp\/v2\/pages"}],"about":[{"href":"https:\/\/hotelzlatyandel.cz\/de\/wp-json\/wp\/v2\/types\/page"}],"author":[{"embeddable":true,"href":"https:\/\/hotelzlatyandel.cz\/de\/wp-json\/wp\/v2\/users\/1"}],"replies":[{"embeddable":true,"href":"https:\/\/hotelzlatyandel.cz\/de\/wp-json\/wp\/v2\/comments?post=891"}],"version-history":[{"count":0,"href":"https:\/\/hotelzlatyandel.cz\/de\/wp-json\/wp\/v2\/pages\/891\/revisions"}],"wp:attachment":[{"href":"https:\/\/hotelzlatyandel.cz\/de\/wp-json\/wp\/v2\/media?parent=891"}],"curies":[{"name":"wp","href":"https:\/\/api.w.org\/{rel}","templated":true}]}}