{"id":922,"date":"2023-05-28T19:39:59","date_gmt":"2023-05-28T17:39:59","guid":{"rendered":"http:\/\/www.hotelzlatyandel.cz\/?page_id=922"},"modified":"2025-09-24T14:56:00","modified_gmt":"2025-09-24T12:56:00","slug":"kontakt","status":"publish","type":"page","link":"https:\/\/hotelzlatyandel.cz\/de\/kontakt\/","title":{"rendered":"Kontakt"},"content":{"rendered":"<div class=\"vce-row-container\"><div class=\"vce-row vce-row--col-gap-30 vce-row-equal-height vce-row-content--top\" data-vce-full-width=\"true\" id=\"el-debf93c5\" data-vce-do-apply=\"all el-debf93c5\"><div class=\"vce-content-background-container\"><\/div><div class=\"vce-row-content\" data-vce-element-content=\"true\"><div class=\"vce-col vce-col--md-auto vce-col--xs-1 vce-col--xs-last vce-col--xs-first vce-col--sm-last vce-col--sm-first vce-col--md-last vce-col--lg-last vce-col--xl-last vce-col--md-first vce-col--lg-first vce-col--xl-first\" id=\"el-f4f0be88\"><div class=\"vce-col-inner\" data-vce-do-apply=\"border margin background  el-f4f0be88\"><div class=\"vce-content-background-container\"><\/div><div class=\"vce-col-content\" data-vce-element-content=\"true\" data-vce-do-apply=\"padding el-f4f0be88\"><div class=\"vce-text-block\"><div class=\"vce-text-block-wrapper vce\" id=\"el-ecd78b51\" data-vce-do-apply=\"all el-ecd78b51\"><h1 class=\"desktop-heading\" style=\"text-align: center;\">KONTAKT<\/h1><\/div><\/div><div class=\"vce-text-block\"><div class=\"vce-text-block-wrapper vce\" id=\"el-b3f759e9\" data-vce-do-apply=\"all el-b3f759e9\"><h2 class=\"desktop-heading\" style=\"text-align: center;\">KONTAKT<\/h2><\/div><\/div><\/div><\/div><\/div><\/div><\/div><\/div><div class=\"vce-row-container\"><div class=\"vce-row vce-row--col-gap-30 vce-row-equal-height vce-row-content--top\" data-vce-full-width=\"true\" id=\"el-6a993933\" data-vce-do-apply=\"all el-6a993933\"><div class=\"vce-content-background-container\"><\/div><div class=\"vce-row-content\" data-vce-element-content=\"true\"><div class=\"vce-col vce-col--md-auto vce-col--xs-1 vce-col--xs-last vce-col--xs-first vce-col--sm-last vce-col--sm-first vce-col--md-last vce-col--lg-last vce-col--xl-last vce-col--md-first vce-col--lg-first vce-col--xl-first\" id=\"el-ee84d123\"><div class=\"vce-col-inner\" data-vce-do-apply=\"border margin background  el-ee84d123\"><div class=\"vce-content-background-container\"><\/div><div class=\"vce-col-content\" data-vce-element-content=\"true\" data-vce-do-apply=\"padding el-ee84d123\"><div class=\"vce-text-block\"><div class=\"vce-text-block-wrapper vce\" id=\"el-c1e67d8a\" data-vce-do-apply=\"all el-c1e67d8a\"><p style=\"line-height: 1.5; text-align: center;\"><span style=\"font-size: 24pt;\"><strong>Hotel Zlat\u00fd and\u011bl<\/strong><\/span><br><span style=\"font-size: inherit;\">N\u00e1m\u011bst\u00ed Svornosti 11<\/span><br><span style=\"font-size: inherit;\">381 01 \u010cesk\u00fd Krumlov<\/span><\/p>\n<p style=\"line-height: 1.5; text-align: center;\"><span style=\"font-size: inherit;\">+420 380 712 310<\/span><br><br><span style=\"color: #dba95b;\"><a style=\"color: #dba95b;\" href=\"mailto:info@hotelzlatyandel.cz\"><span style=\"font-size: inherit;\">info@hotelzlatyandel.cz<\/span><\/a><\/span><br><span style=\"color: #dba95b;\"><a style=\"color: #dba95b;\" href=\"https:\/\/hotelzlatyandel.cz\"><span style=\"font-size: inherit;\">www.hotelzlatyandel.cz<\/span><\/a><\/span><\/p><\/div><\/div><\/div><\/div><\/div><\/div><\/div><\/div><div class=\"vce-row-container\"><div class=\"vce-row vce-row--col-gap-30 vce-row-equal-height vce-row-content--top\" data-vce-full-width=\"true\" id=\"el-7e2f04ed\" data-vce-do-apply=\"all el-7e2f04ed\"><div class=\"vce-content-background-container\"><\/div><div class=\"vce-row-content\" data-vce-element-content=\"true\"><div class=\"vce-col vce-col--md-auto vce-col--xs-1 vce-col--xs-last vce-col--xs-first vce-col--sm-last vce-col--sm-first vce-col--md-first vce-col--lg-first vce-col--xl-first\" id=\"el-5feca60c\"><div class=\"vce-col-inner\" data-vce-do-apply=\"border margin background  el-5feca60c\"><div class=\"vce-col-content\" data-vce-element-content=\"true\" data-vce-do-apply=\"padding el-5feca60c\"><div class=\"vce-features vce-var-icon vce-features--style-filled-circle vce-features--size-medium\" style=\"--iconAlignment: center; --iconColor: rgb(33, 33, 33); --iconColorHover: #fff; --shapeColor: rgb(219, 170, 95); --shapeColorHover: rgba(195, 189, 189, 0.5); --linkColorHover: rgb(196,152,85);\"><div id=\"el-5571aa92\" class=\"vce vce-features-icon-wrapper\" data-vce-do-apply=\"all el-5571aa92\"><a class=\"vce-features--icon vce-icon\" href=\"tel:+420380712310\" title=\"\"><svg xmlns=\"https:\/\/www.w3.org\/2000\/svg\" viewBox=\"0 0 769 769\"><path stroke-width=\"25\" d=\"M565.755 696.27h-360l-180-311.77 180-311.77h360l180 311.77z\"><\/path><\/svg><span class=\"vce-icon-container vcv-ui-icon-feather vcv-ui-icon-feather-phone-call\"><\/span><\/a><\/div><\/div><\/div><\/div><\/div><div class=\"vce-col vce-col--md-auto vce-col--xs-1 vce-col--xs-last vce-col--xs-first vce-col--sm-last vce-col--sm-first\" id=\"el-97b5b45b\"><div class=\"vce-col-inner\" data-vce-do-apply=\"border margin background  el-97b5b45b\"><div class=\"vce-col-content\" data-vce-element-content=\"true\" data-vce-do-apply=\"padding el-97b5b45b\"><div class=\"vce-features vce-var-icon vce-features--style-filled-circle vce-features--size-medium\" style=\"--iconAlignment: center; --iconColor: rgb(33, 33, 33); --iconColorHover: #fff; --shapeColor: rgb(219, 170, 95); --shapeColorHover: rgb(255, 255, 255); --linkColorHover: rgb(196,152,85);\"><div id=\"el-e3a22dfd\" class=\"vce vce-features-icon-wrapper\" data-vce-do-apply=\"all el-e3a22dfd\"><a class=\"vce-features--icon vce-icon\" href=\"mailto:info@hotelzlatyandel.cz\" title=\"\"><svg xmlns=\"https:\/\/www.w3.org\/2000\/svg\" viewBox=\"0 0 769 769\"><path stroke-width=\"25\" d=\"M565.755 696.27h-360l-180-311.77 180-311.77h360l180 311.77z\"><\/path><\/svg><span class=\"vce-icon-container vcv-ui-icon-feather vcv-ui-icon-feather-mail\"><\/span><\/a><\/div><\/div><\/div><\/div><\/div><div class=\"vce-col vce-col--md-auto vce-col--xs-1 vce-col--xs-last vce-col--xs-first vce-col--sm-last vce-col--sm-first\" id=\"el-aaf19725\"><div class=\"vce-col-inner\" data-vce-do-apply=\"border margin background  el-aaf19725\"><div class=\"vce-col-content\" data-vce-element-content=\"true\" data-vce-do-apply=\"padding el-aaf19725\"><div class=\"vce-features vce-var-icon vce-features--style-filled-circle vce-features--size-medium\" style=\"--iconAlignment: center; --iconColor: rgb(33, 33, 33); --iconColorHover: #fff; --shapeColor: rgb(219, 169, 91); --shapeColorHover: #3cb878; --linkColorHover: rgb(196,151,81);\"><div id=\"el-58f6043a\" class=\"vce vce-features-icon-wrapper\" data-vce-do-apply=\"all el-58f6043a\"><a class=\"vce-features--icon vce-icon\" href=\"https:\/\/www.instagram.com\/hotel_zlaty_andel\/\" title=\"\" target=\"_blank\"><svg xmlns=\"https:\/\/www.w3.org\/2000\/svg\" viewBox=\"0 0 769 769\"><path stroke-width=\"25\" d=\"M565.755 696.27h-360l-180-311.77 180-311.77h360l180 311.77z\"><\/path><\/svg><span class=\"vce-icon-container vcv-ui-icon-socialicons vcv-ui-icon-socialicons-instagram\"><\/span><\/a><\/div><\/div><\/div><\/div><\/div><div class=\"vce-col vce-col--md-auto vce-col--xs-1 vce-col--xs-last vce-col--xs-first vce-col--sm-last vce-col--sm-first vce-col--md-last vce-col--lg-last vce-col--xl-last\" id=\"el-6575dfc1\"><div class=\"vce-col-inner\" data-vce-do-apply=\"border margin background  el-6575dfc1\"><div class=\"vce-col-content\" data-vce-element-content=\"true\" data-vce-do-apply=\"padding el-6575dfc1\"><div class=\"vce-features vce-var-icon vce-features--style-filled-circle vce-features--size-medium\" style=\"--iconAlignment: center; --iconColor: rgb(33, 33, 33); --iconColorHover: #fff; --shapeColor: rgb(219, 169, 91); --shapeColorHover: rgb(255, 255, 255); --linkColorHover: rgb(196,151,81);\"><div id=\"el-22742838\" class=\"vce vce-features-icon-wrapper\" data-vce-do-apply=\"all el-22742838\"><a class=\"vce-features--icon vce-icon\" href=\"https:\/\/www.facebook.com\/profile.php?id=100063560834512\" title=\"\" target=\"_blank\"><svg xmlns=\"https:\/\/www.w3.org\/2000\/svg\" viewBox=\"0 0 769 769\"><path stroke-width=\"25\" d=\"M565.755 696.27h-360l-180-311.77 180-311.77h360l180 311.77z\"><\/path><\/svg><span class=\"vce-icon-container vcv-ui-icon-socialicons vcv-ui-icon-socialicons-facebook\"><\/span><\/a><\/div><\/div><\/div><\/div><\/div><\/div><\/div><\/div><div class=\"vce-row-container\"><div class=\"vce-row vce-row--has-col-background vce-row--col-gap-30 vce-row-content--top\" data-vce-full-width=\"true\" id=\"el-c87d1939\" data-vce-do-apply=\"all el-c87d1939\"><div class=\"vce-content-background-container\"><\/div><div class=\"vce-row-content\" data-vce-element-content=\"true\"><div class=\"vce-col vce-col--xs-100p vce-col--xs-visible vce-col--xs-last vce-col--xs-first vce-col--sm-100p vce-col--sm-visible vce-col--sm-last vce-col--sm-first vce-col--md-auto vce-col--md-visible vce-col--md-first vce-col--lg-auto vce-col--lg-visible vce-col--lg-first vce-col--xl-auto vce-col--xl-visible vce-col--xl-first\" id=\"el-f11f25a6\"><div class=\"vce-col-inner\" data-vce-do-apply=\"border margin background  el-f11f25a6\"><div class=\"vce-content-background-container\"><\/div><div class=\"vce-col-content\" data-vce-element-content=\"true\" data-vce-do-apply=\"padding el-f11f25a6\"><div class=\"vce-text-block\"><div class=\"vce-text-block-wrapper vce\" id=\"el-06c5fad0\" data-vce-do-apply=\"all el-06c5fad0\"><h4><span style=\"font-size: 18pt; font-family: inherit; color: #212121;\">Telefon<\/span><\/h4>\n<p><span style=\"font-family: inherit; color: #212121; font-weight: 300; font-style: normal;\"><strong> Rezeption:<\/strong><span style=\"color: #dba95b;\"> <a style=\"color: #dba95b;\" href=\"http:\/\/TEL:+420380712310\" data-wplink-url-error=\"true\">+420&nbsp;380&nbsp;712&nbsp;310<\/a><\/span><br><strong>Restaurant:<\/strong> <span style=\"color: #ff9900;\"><span style=\"color: #dba95b;\"><a style=\"color: #dba95b;\" href=\"http:\/\/TEL:+420736677340\" data-wplink-url-error=\"true\">+420&nbsp;736&nbsp;677&nbsp;340,<\/a> <a style=\"color: #dba95b;\" href=\"http:\/\/TEL:+420&nbsp;736&nbsp;677&nbsp;348\" data-wplink-url-error=\"true\">+420&nbsp;736&nbsp;677&nbsp;348<\/a><\/span><\/span><\/span><\/p><\/div><\/div><div class=\"vce-text-block\"><div class=\"vce-text-block-wrapper vce\" id=\"el-6ddc8863\" data-vce-do-apply=\"all el-6ddc8863\"><h4><span style=\"font-size: 18pt; font-family: inherit; color: #212121;\">E-mail<\/span><\/h4>\n<p><strong>Rezeption:<\/strong><span style=\"color: #dba95b;\"> <a style=\"color: #dba95b;\" href=\"mailto:info@hotelzlatyandel.cz\">info@hotelzlatyandel.cz<\/a><\/span><br><strong>Restaurant:<\/strong><span style=\"color: #dba95b;\"><a style=\"color: #dba95b;\" href=\"mailto:fbd@hotelzlatyandel.cz\"> fbd@hotelzlatyandel.cz<\/a><\/span><\/p><\/div><\/div><\/div><\/div><\/div><div class=\"vce-col vce-element--has-background vce-col--xs-100p vce-col--xs-visible vce-col--xs-last vce-col--xs-first vce-col--sm-100p vce-col--sm-visible vce-col--sm-last vce-col--sm-first vce-col--md-auto vce-col--md-visible vce-col--md-last vce-col--lg-auto vce-col--lg-visible vce-col--lg-last vce-col--xl-auto vce-col--xl-visible vce-col--xl-last\" id=\"el-f580f29c\"><div class=\"vce-col-inner\" data-vce-do-apply=\"border margin background  el-f580f29c\"><div class=\"vce-content-background-container\"><\/div><div class=\"vce-col-content\" data-vce-element-content=\"true\" data-vce-do-apply=\"padding el-f580f29c\"><div class=\"vce-text-block\"><div class=\"vce-text-block-wrapper vce\" id=\"el-0f3f773b\" data-vce-do-apply=\"all el-0f3f773b\"><p><strong>Schicken Sie uns eine Nachricht<\/strong><\/p>\n<p>Haben Sie eine Frage? Kontaktieren Sie uns \u00fcber das untenstehende Formular und wir werden uns so schnell wie m\u00f6glich bei Ihnen melden.<\/p><\/div><\/div><div class=\"vce vce-simple-contact-form-container vce-simple-contact-form--shape-rounded\" data-vce-do-apply=\"all el-91466465\" id=\"el-91466465\" data-vce-simple-contact-form-subject=\"Dotaz z webu\" style=\"--labelColor: #555555; --outlineColor: #CECECE; --backgroundColor: #fff; --placeholderColor: #DADADA; --inputColor: #555555; --fieldGapsPx: 20px;\"><form><div class=\"vce-simple-contact-form-confirmation-message\"><div class=\"vce-message-box vce vce-message-box-border--rounded vce-message-box-style--success\" id=\"el-9538fa75\" data-vce-do-apply=\"margin padding border background  el-9538fa75\" style=\"--background: rgb(255, 247, 162); --iconColor: #fff;\"><div class=\"vce-message-box-inner\"><span class=\"vce-message-box-icon vcv-ui-icon-material vcv-ui-icon-material-check\"><\/span><span class=\"vce-message-box-text\"><p style=\"color: #ffffff;\">Thank you for your message. We will contact you back shortly - sit back and enjoy!<\/p><\/span><\/div><\/div><\/div><input type=\"hidden\" name=\"vcv-source-id\" value=\"922\"><input type=\"text\" required=\"\" id=\"vce-simple-form--name-91466465\" class=\"vce-simple-contact-form-input\" placeholder=\"Ihr Name \"><input type=\"email\" required=\"\" id=\"vce-simple-form--email-91466465\" class=\"vce-simple-contact-form-input\" placeholder=\"E-mail\"><textarea required=\"\" id=\"vce-simple-form--message-91466465\" class=\"vce-simple-contact-form-textarea vce-simple-contact-form-input\" cols=\"30\" rows=\"10\" placeholder=\"\"><\/textarea><div class=\"vce-button--style-basic-container vce-button--style-basic-container--align-left\"><span class=\"vce-button--style-basic-wrapper vce\" id=\"el-1787f58a\" data-vce-do-apply=\"margin el-1787f58a\"><button class=\"vce-button vce-button--style-basic vce-button--style-basic--border-square vce-button--style-basic--size-medium vce-button--style-basic--color-b-219-170-95--fff\" data-vce-do-apply=\"padding border background  el-1787f58a\">ABSENDEN<\/button><\/span><\/div><\/form><\/div><\/div><\/div><\/div><\/div><\/div><\/div><div class=\"vce-row-container\"><div class=\"vce-row vce-row--col-gap-30 vce-row-equal-height vce-row-content--top\" data-vce-full-width=\"true\" id=\"el-bed0c317\" data-vce-do-apply=\"all el-bed0c317\"><div class=\"vce-content-background-container\"><\/div><div class=\"vce-row-content\" data-vce-element-content=\"true\"><div class=\"vce-col vce-col--md-auto vce-col--xs-1 vce-col--xs-last vce-col--xs-first vce-col--sm-last vce-col--sm-first vce-col--md-last vce-col--lg-last vce-col--xl-last vce-col--md-first vce-col--lg-first vce-col--xl-first\" id=\"el-4e17487a\"><div class=\"vce-col-inner\" data-vce-do-apply=\"border margin background  el-4e17487a\"><div class=\"vce-col-content\" data-vce-element-content=\"true\" data-vce-do-apply=\"padding el-4e17487a\"><div class=\"vce-text-block\"><div class=\"vce-text-block-wrapper vce\" id=\"el-7ca3e5e6\" data-vce-do-apply=\"all el-7ca3e5e6\"><p style=\"text-align: center;\">Diese Website wird von Zlat\u00fd and\u011bl s.r.o. betrieben. mit Sitz n\u00e1m\u011bst\u00ed Svornosti 11, 38101 \u010cesk\u00fd Krumlov,<br>ID-Nummer: 63887363, aufbewahrt beim Bezirksgericht in \u010c. Bud\u011bjovice in der Abteilung C, Aktenzeichen 5583<\/p><\/div><\/div><\/div><\/div><\/div><\/div><\/div><\/div>\n","protected":false},"excerpt":{"rendered":"<p>KONTAKTKONTAKTHotel Zlat\u00fd and\u011blN\u00e1m\u011bst\u00ed Svornosti 11381 01 \u010cesk\u00fd Krumlov +420 380 712 310info@hotelzlatyandel.czwww.hotelzlatyandel.czTelefon Rezeption: +420&nbsp;380&nbsp;712&nbsp;310Restaurant: +420&nbsp;736&nbsp;677&nbsp;340, +420&nbsp;736&nbsp;677&nbsp;348E-mail Rezeption: info@hotelzlatyandel.czRestaurant: fbd@hotelzlatyandel.czSchicken Sie uns eine Nachricht Haben Sie eine Frage? Kontaktieren Sie uns \u00fcber das untenstehende Formular und wir werden uns so schnell wie m\u00f6glich bei Ihnen melden.Thank you for your message. We will contact you back shortly [&hellip;]<\/p>\n","protected":false},"author":1,"featured_media":0,"parent":0,"menu_order":0,"comment_status":"closed","ping_status":"closed","template":"","meta":{"footnotes":""},"class_list":["post-922","page","type-page","status-publish","hentry"],"_links":{"self":[{"href":"https:\/\/hotelzlatyandel.cz\/de\/wp-json\/wp\/v2\/pages\/922","targetHints":{"allow":["GET"]}}],"collection":[{"href":"https:\/\/hotelzlatyandel.cz\/de\/wp-json\/wp\/v2\/pages"}],"about":[{"href":"https:\/\/hotelzlatyandel.cz\/de\/wp-json\/wp\/v2\/types\/page"}],"author":[{"embeddable":true,"href":"https:\/\/hotelzlatyandel.cz\/de\/wp-json\/wp\/v2\/users\/1"}],"replies":[{"embeddable":true,"href":"https:\/\/hotelzlatyandel.cz\/de\/wp-json\/wp\/v2\/comments?post=922"}],"version-history":[{"count":0,"href":"https:\/\/hotelzlatyandel.cz\/de\/wp-json\/wp\/v2\/pages\/922\/revisions"}],"wp:attachment":[{"href":"https:\/\/hotelzlatyandel.cz\/de\/wp-json\/wp\/v2\/media?parent=922"}],"curies":[{"name":"wp","href":"https:\/\/api.w.org\/{rel}","templated":true}]}}