{"id":2854,"date":"2025-07-22T10:11:33","date_gmt":"2025-07-22T08:11:33","guid":{"rendered":"https:\/\/www.hotelzlatyandel.cz\/?page_id=2854"},"modified":"2026-01-12T13:58:42","modified_gmt":"2026-01-12T12:58:42","slug":"seminare","status":"publish","type":"page","link":"https:\/\/hotelzlatyandel.cz\/en\/seminare\/","title":{"rendered":"SEMINARS"},"content":{"rendered":"<div class=\"vce-row-container\"><div class=\"vce-row vce-row--has-col-background vce-element--xl--has-background vce-element--lg--has-background vce-element--md--has-background vce-element--sm--has-background vce-element--xs--has-background vce-row--col-gap-30 vce-row-equal-height vce-row-content--top\" data-vce-full-width=\"true\" id=\"el-83ebd549\" data-vce-do-apply=\"all el-83ebd549\"><div class=\"vce-content-background-container\"><\/div><div class=\"vce-row-content\" data-vce-element-content=\"true\"><div class=\"vce-col vce-element--has-background vce-col--md-auto vce-col--xs-1 vce-col--xs-last vce-col--xs-first vce-col--sm-last vce-col--sm-first vce-col--md-last vce-col--lg-last vce-col--xl-last vce-col--md-first vce-col--lg-first vce-col--xl-first\" id=\"el-94c1f570\"><div class=\"vce-col-inner\" data-vce-do-apply=\"border margin background  el-94c1f570\" data-vce-animate=\"vce-o-animate--\u017d\u00e1dn\u00fd\"><div class=\"vce-content-background-container\"><\/div><div class=\"vce-col-content\" data-vce-element-content=\"true\" data-vce-do-apply=\"padding el-94c1f570\"><div class=\"vce-text-block\"><div class=\"vce-text-block-wrapper vce\" id=\"el-5c7adda5\" data-vce-do-apply=\"all el-5c7adda5\"><h1><span style=\"font-size: 56pt;\">SEMINARS<\/span><\/h1><\/div><\/div><div class=\"vce-text-block\"><div class=\"vce-text-block-wrapper vce\" id=\"el-590df91e\" data-vce-do-apply=\"all el-590df91e\"><h2><span style=\"font-size: 36pt;\">SEMINARS<\/span><\/h2><\/div><\/div><\/div><\/div><\/div><\/div><\/div><\/div><div class=\"vce-row-container\"><div class=\"vce-row vce-row--col-gap-30 vce-row-equal-height vce-row-content--top\" data-vce-full-width=\"true\" id=\"el-3a7fa536\" data-vce-do-apply=\"all el-3a7fa536\"><div class=\"vce-content-background-container\"><\/div><div class=\"vce-row-content\" data-vce-element-content=\"true\"><div class=\"vce-col vce-col--md-auto vce-col--xs-1 vce-col--xs-last vce-col--xs-first vce-col--sm-last vce-col--sm-first vce-col--md-last vce-col--lg-last vce-col--xl-last vce-col--md-first vce-col--lg-first vce-col--xl-first\" id=\"el-8e58eb7d\"><div class=\"vce-col-inner\" data-vce-do-apply=\"border margin background  el-8e58eb7d\"><div class=\"vce-col-content\" data-vce-element-content=\"true\" data-vce-do-apply=\"padding el-8e58eb7d\"><div class=\"vce-text-block\"><div class=\"vce-text-block-wrapper vce\" id=\"el-e0e842dd\" data-vce-do-apply=\"all el-e0e842dd\"><h3>Business (not) as usual in a historic building<\/h3>\n<p>The Hotel Zlat\u00fd and\u011bl in \u010cesk\u00fd Krumlov offers the ideal setting and facilities for seminars, conferences and incentives for <strong>up to 150 people<\/strong> (2 connected seminar rooms for <strong>up to 60<\/strong> and <strong>up to 90 people<\/strong>).<\/p>\n<p>The hotel is located in the heart of the picturesque UNESCO World Heritage Site of \u010cesk\u00fd Krumlov. Surrounded by the historic backdrop and green landscape of South Bohemia, the Hotel Zlat\u00fd and\u011bl offers well-equipped seminar rooms with a unique ambience, 50 rooms, its own car park, a shuttle service, a restaurant, a caf\u00e9 and a hotel bar.<\/p>\n<p>Many companies already rely on the hotel's years of experience.<\/p><\/div><\/div><\/div><\/div><\/div><\/div><\/div><\/div><div class=\"vce-row-container\"><div class=\"vce-row vce-row--col-gap-30 vce-row-equal-height vce-row-content--top\" data-vce-full-width=\"true\" id=\"el-f1fe5e03\" data-vce-do-apply=\"all el-f1fe5e03\"><div class=\"vce-content-background-container\"><\/div><div class=\"vce-row-content\" data-vce-element-content=\"true\"><div class=\"vce-col vce-col--md-auto vce-col--xs-1 vce-col--xs-last vce-col--xs-first vce-col--sm-last vce-col--sm-first vce-col--md-last vce-col--lg-last vce-col--xl-last vce-col--md-first vce-col--lg-first vce-col--xl-first\" id=\"el-cee05798\"><div class=\"vce-col-inner\" data-vce-do-apply=\"border margin background  el-cee05798\"><div class=\"vce-col-content\" data-vce-element-content=\"true\" data-vce-do-apply=\"padding el-cee05798\"><div class=\"vce-row-container\"><div class=\"vce-row vce-row--col-gap-20 vce-row-equal-height vce-row-content--top\" data-vce-full-width=\"true\" id=\"el-5cefedf9\" data-vce-do-apply=\"all el-5cefedf9\"><div class=\"vce-row-content\" data-vce-element-content=\"true\"><div class=\"vce-col vce-col--md-96p vce-col--xs-1 vce-col--xs-last vce-col--xs-first vce-col--sm-last vce-col--sm-first vce-col--md-first vce-col--lg-first vce-col--xl-first\" id=\"el-c0a38725\"><div class=\"vce-col-inner\" data-vce-do-apply=\"border margin background  el-c0a38725\"><div class=\"vce-col-content\" data-vce-element-content=\"true\" data-vce-do-apply=\"padding el-c0a38725\"><div class=\"vce-text-block\"><div class=\"vce-text-block-wrapper vce\" id=\"el-06d7cca1\" data-vce-do-apply=\"all el-06d7cca1\"><h3>Seminar rooms<\/h3><p>Both seminar rooms are located on the first floor (no lift). They are separated by a connecting door, and each room has its own entrance.<\/p><p><strong>Room 1 (82 m\u00b2)<\/strong><br>Theatre: max. 90 people<br>Seminar: max. 40 people<br>U-shape: max. 22 people<\/p><p><strong>Room 2 (60 m\u00b2)<\/strong><br>Theatre: max. 60 people<br>Seminar: max. 24 people<br>Block: max. 22 people<\/p><p><strong>Facilities<br><\/strong>- Own kitchen and bar, spacious foyer with WC<br>- Modern audiovisual presentation technology<br>- Wireless microphone and headset microphone<br>- Blackout curtains<br>- Wi-Fi<br>- Sound system with audio technology<br>- Lectern<br>- Presentation equipment<br>- Floral arrangements and decoration of the rooms as desired<br>- Organisation of leisure programme as desired<br>- Flipchart incl. accessories<br>- Notepads and pens as required<\/p><p>&nbsp;<\/p><\/div><\/div><div class=\"vce-text-block\"><div class=\"vce-text-block-wrapper vce\" id=\"el-2b1ebb35\" data-vce-do-apply=\"all el-2b1ebb35\"><h3>Catering<\/h3>\n<p>Breakfast on day 2 is included in the overnight stay for seminar guests. Lunch or dinner featuring traditional Bohemian cuisine can be booked on request. We are happy to offer the following seminar catering options for refreshments between meals:<\/p>\n<p><strong>Coffee Break Basic<\/strong><br><span style=\"font-weight: 400;\">Coffee and tea, juices, water, mineral water<\/span><\/p>\n<p><strong>Coffee Break Easy<br><\/strong><span style=\"font-weight: 400;\">Coffee and tea, juices, water, mineral water<br><\/span><span style=\"font-weight: 400;\">3 canap\u00e9s\/person or <\/span><span style=\"font-weight: 400;\">wrap with chicken or mozzarella<br><\/span><span style=\"font-weight: 400;\">Desserts<\/span><\/p>\n<p><strong>Coffee Break Standard<br><\/strong><span style=\"font-weight: 400;\">Coffee and tea, juices, water, mineral water<br><\/span><span style=\"font-weight: 400;\">3 canap\u00e9s\/person or&nbsp;<\/span><span style=\"font-weight: 400;\">wrap with chicken or mozzarella<br><\/span><span style=\"font-weight: 400;\">Desserts &amp; fruit<\/span><\/p>\n<p><strong>Coffee Break Premium<br><\/strong><span style=\"font-weight: 400;\">Coffee and tea, juices, water, mineral water<br><\/span><span style=\"font-weight: 400;\">soup<br><\/span><span style=\"font-weight: 400;\">3 canap\u00e9s\/person or&nbsp;<\/span><span style=\"font-weight: 400;\">wrap with chicken or mozzarella<br><\/span><span style=\"font-weight: 400;\">veggie sticks with 2 types of dips<br><\/span><span style=\"font-weight: 400;\">Desserts &amp; fruit <\/span><\/p><\/div><\/div><div class=\"vce-text-block\"><div class=\"vce-text-block-wrapper vce\" id=\"el-739e3906\" data-vce-do-apply=\"all el-739e3906\"><h3>We offer:<\/h3>\n<p><span style=\"font-size: 12pt;\">- Catering<\/span><\/p>\n<p><span style=\"font-size: 12pt;\">- In-house accommodation<\/span><\/p>\n<p><span style=\"font-size: 12pt;\">- Parking spaces<\/span><\/p>\n<p><span style=\"font-size: 12pt;\">- Restaurants Don Julius &amp; Petr Vok<\/span><\/p>\n<p><span style=\"font-size: 12pt;\">- Caf\u00e9, Music &amp; Cocktail Bar<\/span><\/p>\n<p><span style=\"font-size: 12pt;\">- Supporting programs<\/span><\/p><\/div><\/div><\/div><\/div><\/div><div class=\"vce-col vce-col--md-4p vce-col--xs-1 vce-col--xs-last vce-col--xs-first vce-col--sm-last vce-col--sm-first vce-col--md-last vce-col--lg-last vce-col--xl-last\" id=\"el-a6de1cae\"><div class=\"vce-col-inner\" data-vce-do-apply=\"border margin background  el-a6de1cae\"><div class=\"vce-col-content\" data-vce-element-content=\"true\" data-vce-do-apply=\"padding el-a6de1cae\"><div class=\"vcv-row-control-wrapper\"><\/div><\/div><\/div><\/div><\/div><\/div><\/div><\/div><\/div><\/div><\/div><\/div><\/div><div class=\"vce-row-container\"><div class=\"vce-row vce-row--col-gap-20 vce-row-equal-height vce-row-content--top\" data-vce-full-width=\"true\" id=\"el-94e5d6f5\" data-vce-do-apply=\"all el-94e5d6f5\"><div class=\"vce-content-background-container\"><\/div><div class=\"vce-row-content\" data-vce-element-content=\"true\"><div class=\"vce-col vce-col--md-auto vce-col--xs-1 vce-col--xs-last vce-col--xs-first vce-col--sm-last vce-col--sm-first vce-col--md-first vce-col--lg-first vce-col--xl-first\" id=\"el-cb4df2e9\"><div class=\"vce-col-inner\" data-vce-do-apply=\"border margin background  el-cb4df2e9\"><div class=\"vce-col-content\" data-vce-element-content=\"true\" data-vce-do-apply=\"padding el-cb4df2e9\"><div class=\"vce-button--style-basic-container vce-button--style-basic-container--align-left\"><span class=\"vce-button--style-basic-wrapper vce\" id=\"el-edb72cc5\" data-vce-do-apply=\"margin el-edb72cc5\"><a class=\"vce-button vce-button--style-basic vce-button--style-basic--border-square vce-button--style-basic--size-medium vce-button--style-basic--color-b-231-180-96--fff\" href=\"https:\/\/www.hotelzlatyandel.cz\/wp-content\/uploads\/2025\/07\/Seminar-Info_English.pdf\" title=\"\" target=\"_blank\" data-vce-do-apply=\"padding border background  el-edb72cc5\" data-vce-animate=\"vce-o-animate--zoomIn-xl vce-o-animate--zoomIn-lg vce-o-animate--zoomIn-md vce-o-animate--zoomIn-sm vce-o-animate--zoomIn-xs\" data-vce-animate-delay=\"vce-o-animate-delay--0-xl vce-o-animate-delay--0-lg vce-o-animate-delay--0-md vce-o-animate-delay--0-sm vce-o-animate-delay--0-xs\">Download Seminar Folder<\/a><\/span><\/div><\/div><\/div><\/div><div class=\"vce-col vce-col--md-auto vce-col--xs-1 vce-col--xs-last vce-col--xs-first vce-col--sm-last vce-col--sm-first vce-col--md-last vce-col--lg-last vce-col--xl-last\" id=\"el-771b6216\"><div class=\"vce-col-inner\" data-vce-do-apply=\"border margin background  el-771b6216\"><div class=\"vce-col-content\" data-vce-element-content=\"true\" data-vce-do-apply=\"padding el-771b6216\"><div class=\"vce-button--style-basic-container vce-button--style-basic-container--align-center\"><span class=\"vce-button--style-basic-wrapper vce\" id=\"el-c5079302\" data-vce-do-apply=\"margin el-c5079302\"><a class=\"vce-button vce-button--style-basic vce-button--style-basic--border-square vce-button--style-basic--size-medium vce-button--style-basic--color-b-231-180-96--fff\" href=\"https:\/\/hotelzlatyandel.cz\/en\/seminarni-formular\/\" title=\"\" target=\"_blank\" data-vce-do-apply=\"padding border background  el-c5079302\" data-vce-animate=\"vce-o-animate--zoomIn-xl vce-o-animate--zoomIn-lg vce-o-animate--zoomIn-md vce-o-animate--zoomIn-sm vce-o-animate--zoomIn-xs\" data-vce-animate-delay=\"vce-o-animate-delay--0-xl vce-o-animate-delay--0-lg vce-o-animate-delay--0-md vce-o-animate-delay--0-sm vce-o-animate-delay--0-xs\">Inquire here<\/a><\/span><\/div><\/div><\/div><\/div><\/div><\/div><\/div><div class=\"vce-row-container\"><div class=\"vce-row vce-row--col-gap-30 vce-row-equal-height vce-row-content--top\" data-vce-full-width=\"true\" id=\"el-3b3fc9e1\" data-vce-do-apply=\"all el-3b3fc9e1\"><div class=\"vce-content-background-container\"><\/div><div class=\"vce-row-content\" data-vce-element-content=\"true\"><div class=\"vce-col vce-col--md-auto vce-col--xs-1 vce-col--xs-last vce-col--xs-first vce-col--sm-last vce-col--sm-first vce-col--md-last vce-col--lg-last vce-col--xl-last vce-col--md-first vce-col--lg-first vce-col--xl-first\" id=\"el-b10cc1ca\"><div class=\"vce-col-inner\" data-vce-do-apply=\"border margin background  el-b10cc1ca\"><div class=\"vce-col-content\" data-vce-element-content=\"true\" data-vce-do-apply=\"padding el-b10cc1ca\"><div class=\"vce-row-container\"><div class=\"vce-row vce-row--col-gap-20 vce-row-equal-height vce-row-content--top\" data-vce-full-width=\"true\" id=\"el-d7d73787\" data-vce-do-apply=\"all el-d7d73787\"><div class=\"vce-row-content\" data-vce-element-content=\"true\"><div class=\"vce-col vce-col--md-auto vce-col--xs-1 vce-col--xs-last vce-col--xs-first vce-col--sm-last vce-col--sm-first vce-col--md-last vce-col--lg-last vce-col--xl-last vce-col--md-first vce-col--lg-first vce-col--xl-first\" id=\"el-20d43ba2\"><div class=\"vce-col-inner\" data-vce-do-apply=\"border margin background  el-20d43ba2\"><div class=\"vce-content-background-container\"><\/div><div class=\"vce-col-content\" data-vce-element-content=\"true\" data-vce-do-apply=\"padding el-20d43ba2\"><div class=\"vce-image-gallery-with-scaleup vce-image-gallery-with-scaleup--gap-10 vce-image-gallery-with-scaleup--columns-3\"><div class=\"vce vce-image-gallery-with-scaleup-wrapper\" id=\"el-e81e05bf\" data-vce-do-apply=\"all el-e81e05bf\"><div class=\"vce-image-gallery-with-scaleup-list\"><div class=\"vce-image-gallery-with-scaleup-item\"><div class=\"vce-image-gallery-with-scaleup-item-inner-wrapper\"><a href=\"https:\/\/www.hotelzlatyandel.cz\/wp-content\/uploads\/2024\/03\/IMG-20240207-WA0012.jpg\" data-lightbox=\"lightbox-e81e05bf\" class=\"vce-image-gallery-with-scaleup-item-inner\"><img decoding=\"async\" class=\"vce-image-gallery-with-scaleup-img vce-image-gallery-with-scaleup-img--orientation-portrait\" src=\"https:\/\/www.hotelzlatyandel.cz\/wp-content\/uploads\/2024\/03\/IMG-20240207-WA0012-819x1024.jpg\" alt=\"\" title=\"IMG-20240207-WA0012\"><\/a><\/div><\/div><div class=\"vce-image-gallery-with-scaleup-item\"><div class=\"vce-image-gallery-with-scaleup-item-inner-wrapper\"><a href=\"https:\/\/www.hotelzlatyandel.cz\/wp-content\/uploads\/2023\/05\/Hotel-Zlaty-Andel_Seminarraum1.jpg\" data-lightbox=\"lightbox-e81e05bf\" class=\"vce-image-gallery-with-scaleup-item-inner\"><img decoding=\"async\" class=\"vce-image-gallery-with-scaleup-img\" src=\"https:\/\/www.hotelzlatyandel.cz\/wp-content\/uploads\/2023\/05\/Hotel-Zlaty-Andel_Seminarraum1-1024x683.jpg\" alt=\"\" title=\"Hotel Zlaty Andel_Seminarraum1\"><\/a><\/div><\/div><div class=\"vce-image-gallery-with-scaleup-item\"><div class=\"vce-image-gallery-with-scaleup-item-inner-wrapper\"><a href=\"https:\/\/www.hotelzlatyandel.cz\/wp-content\/uploads\/2025\/09\/DSC06910-HDR.jpg\" data-lightbox=\"lightbox-e81e05bf\" class=\"vce-image-gallery-with-scaleup-item-inner\"><img decoding=\"async\" class=\"vce-image-gallery-with-scaleup-img\" src=\"https:\/\/www.hotelzlatyandel.cz\/wp-content\/uploads\/2025\/09\/DSC06910-HDR-1024x683.jpg\" alt=\"\" title=\"DSC06910-HDR\"><\/a><\/div><\/div><div class=\"vce-image-gallery-with-scaleup-item\"><div class=\"vce-image-gallery-with-scaleup-item-inner-wrapper\"><a href=\"https:\/\/www.hotelzlatyandel.cz\/wp-content\/uploads\/2025\/09\/DSC06986.jpg\" data-lightbox=\"lightbox-e81e05bf\" class=\"vce-image-gallery-with-scaleup-item-inner\"><img decoding=\"async\" class=\"vce-image-gallery-with-scaleup-img\" src=\"https:\/\/www.hotelzlatyandel.cz\/wp-content\/uploads\/2025\/09\/DSC06986-1024x683.jpg\" alt=\"\" title=\"DSC06986\"><\/a><\/div><\/div><div class=\"vce-image-gallery-with-scaleup-item\"><div class=\"vce-image-gallery-with-scaleup-item-inner-wrapper\"><a href=\"https:\/\/www.hotelzlatyandel.cz\/wp-content\/uploads\/2025\/09\/DSC02368-HDR.jpg\" data-lightbox=\"lightbox-e81e05bf\" class=\"vce-image-gallery-with-scaleup-item-inner\"><img decoding=\"async\" class=\"vce-image-gallery-with-scaleup-img\" src=\"https:\/\/www.hotelzlatyandel.cz\/wp-content\/uploads\/2025\/09\/DSC02368-HDR-1024x683.jpg\" alt=\"\" title=\"DSC02368-HDR\"><\/a><\/div><\/div><div class=\"vce-image-gallery-with-scaleup-item\"><div class=\"vce-image-gallery-with-scaleup-item-inner-wrapper\"><a href=\"https:\/\/www.hotelzlatyandel.cz\/wp-content\/uploads\/2025\/09\/DSC02845.jpg\" data-lightbox=\"lightbox-e81e05bf\" class=\"vce-image-gallery-with-scaleup-item-inner\"><img decoding=\"async\" class=\"vce-image-gallery-with-scaleup-img\" src=\"https:\/\/www.hotelzlatyandel.cz\/wp-content\/uploads\/2025\/09\/DSC02845-1024x683.jpg\" alt=\"\" title=\"DSC02845\"><\/a><\/div><\/div><\/div><\/div><\/div><div class=\"vce-text-block\"><div class=\"vce-text-block-wrapper vce\" id=\"el-d28e0bf1\" data-vce-do-apply=\"all el-d28e0bf1\"><h3>&nbsp;<\/h3>\n<h3>Exciting leisure programme<\/h3>\n<p>\u010cesk\u00fd Krumlov (Krumau) offers many opportunities to ensure that the event is not only a success in terms of content, but also promotes togetherness. There are many ways to explore the town on foot, including a guided tour through the picturesque streets or the Renaissance castle, brewery tours, team building with canoeing or rafting trips on the Vltava River, hiking in the Bohemian Forest or cultural events. The hotel's own music and cocktail bar offers the ideal end to a successful day.<\/p>\n<p>&nbsp;<\/p>\n<h3>Events &amp; private meetings<\/h3>\n<p>Are you planning a family celebration, a wedding or a get-together with friends? Make use of the facilities at our house Hrozen, just a few metres from Hotel Zlat\u00fd and\u011bl. We will ensure that your celebration meets all your expectations. We will be happy to help you with the organisation and the right menu for your guests.<\/p><\/div><\/div><\/div><\/div><\/div><\/div><\/div><\/div><div class=\"vce-button--style-basic-container vce-button--style-basic-container--align-left\"><span class=\"vce-button--style-basic-wrapper vce\" id=\"el-8aad092a\" data-vce-do-apply=\"margin el-8aad092a\"><a class=\"vce-button vce-button--style-basic vce-button--style-basic--border-square vce-button--style-basic--size-medium vce-button--style-basic--color-b-231-180-96--fff\" href=\"https:\/\/www.hotelzlatyandel.cz\/en\/events-cesky-krumlov\/\" title=\"\" target=\"_blank\" data-vce-do-apply=\"padding border background  el-8aad092a\" data-vce-animate=\"vce-o-animate--zoomIn-xl vce-o-animate--zoomIn-lg vce-o-animate--zoomIn-md vce-o-animate--zoomIn-sm vce-o-animate--zoomIn-xs\" data-vce-animate-delay=\"vce-o-animate-delay--0-xl vce-o-animate-delay--0-lg vce-o-animate-delay--0-md vce-o-animate-delay--0-sm vce-o-animate-delay--0-xs\">Events<\/a><\/span><\/div><\/div><\/div><\/div><\/div><\/div><\/div>","protected":false},"excerpt":{"rendered":"<p>SEMINARSSEMINARSBusiness (not) as usual in a historic building The Hotel Zlat\u00fd and\u011bl in \u010cesk\u00fd Krumlov offers the ideal setting and facilities for seminars, conferences and incentives for up to 150 people (2 connected seminar rooms for up to 60 and up to 90 people). The hotel is located in the heart of the picturesque UNESCO [&hellip;]<\/p>\n","protected":false},"author":1,"featured_media":0,"parent":0,"menu_order":0,"comment_status":"closed","ping_status":"closed","template":"","meta":{"footnotes":""},"class_list":["post-2854","page","type-page","status-publish","hentry"],"_links":{"self":[{"href":"https:\/\/hotelzlatyandel.cz\/en\/wp-json\/wp\/v2\/pages\/2854","targetHints":{"allow":["GET"]}}],"collection":[{"href":"https:\/\/hotelzlatyandel.cz\/en\/wp-json\/wp\/v2\/pages"}],"about":[{"href":"https:\/\/hotelzlatyandel.cz\/en\/wp-json\/wp\/v2\/types\/page"}],"author":[{"embeddable":true,"href":"https:\/\/hotelzlatyandel.cz\/en\/wp-json\/wp\/v2\/users\/1"}],"replies":[{"embeddable":true,"href":"https:\/\/hotelzlatyandel.cz\/en\/wp-json\/wp\/v2\/comments?post=2854"}],"version-history":[{"count":3,"href":"https:\/\/hotelzlatyandel.cz\/en\/wp-json\/wp\/v2\/pages\/2854\/revisions"}],"predecessor-version":[{"id":4430,"href":"https:\/\/hotelzlatyandel.cz\/en\/wp-json\/wp\/v2\/pages\/2854\/revisions\/4430"}],"wp:attachment":[{"href":"https:\/\/hotelzlatyandel.cz\/en\/wp-json\/wp\/v2\/media?parent=2854"}],"curies":[{"name":"wp","href":"https:\/\/api.w.org\/{rel}","templated":true}]}}