{"id":3718,"date":"2025-10-20T12:24:55","date_gmt":"2025-10-20T10:24:55","guid":{"rendered":"https:\/\/www.hotelzlatyandel.cz\/?page_id=3718"},"modified":"2025-11-03T14:19:27","modified_gmt":"2025-11-03T13:19:27","slug":"impresum","status":"publish","type":"page","link":"https:\/\/hotelzlatyandel.cz\/en\/impresum\/","title":{"rendered":""},"content":{"rendered":"<div class=\"vce-row-container\" data-vce-boxed-width=\"true\"><div class=\"vce-row vce-row--col-gap-30 vce-row-equal-height vce-row-content--top\" id=\"el-6afbe9d0\" data-vce-do-apply=\"all el-6afbe9d0\"><div class=\"vce-row-content\" data-vce-element-content=\"true\"><div class=\"vce-col vce-col--md-auto vce-col--xs-1 vce-col--xs-last vce-col--xs-first vce-col--sm-last vce-col--sm-first vce-col--md-last vce-col--lg-last vce-col--xl-last vce-col--md-first vce-col--lg-first vce-col--xl-first\" id=\"el-8b06d66c\"><div class=\"vce-col-inner\" data-vce-do-apply=\"border margin background  el-8b06d66c\"><div class=\"vce-col-content\" data-vce-element-content=\"true\" data-vce-do-apply=\"padding el-8b06d66c\"><div class=\"vce-text-block\"><div class=\"vce-text-block-wrapper vce\" id=\"el-642d6369\" data-vce-do-apply=\"all el-642d6369\"><div class=\"vce-row-container\"><div id=\"el-c376724a\" class=\"vce-row vce-row--col-gap-30 vce-row-equal-height vce-row-content--top\" data-vce-do-apply=\"all el-c376724a\" data-vce-full-width=\"true\"><div class=\"vce-row-content\" data-vce-element-content=\"true\"><p><\/p><div id=\"el-62894b5d\" class=\"vce-col vce-col--md-auto vce-col--xs-1 vce-col--xs-last vce-col--xs-first vce-col--sm-last vce-col--sm-first vce-col--md-last vce-col--lg-last vce-col--xl-last vce-col--md-first vce-col--lg-first vce-col--xl-first\"><div class=\"vce-col-inner\" data-vce-do-apply=\"border margin background el-62894b5d\"><div class=\"vce-col-content\" data-vce-element-content=\"true\" data-vce-do-apply=\"padding el-62894b5d\"><p><\/p><div class=\"vce-row-container\" data-vce-boxed-width=\"true\"><div id=\"el-61428f44\" class=\"vce-row vce-row--col-gap-30 vce-row-equal-height vce-row-content--top\" data-vce-do-apply=\"all el-61428f44\"><div class=\"vce-row-content\" data-vce-element-content=\"true\"><p><\/p><div id=\"el-44eb323e\" class=\"vce-col vce-col--md-auto vce-col--xs-1 vce-col--xs-last vce-col--xs-first vce-col--sm-last vce-col--sm-first vce-col--md-last vce-col--lg-last vce-col--xl-last vce-col--md-first vce-col--lg-first vce-col--xl-first\"><div class=\"vce-col-inner\" data-vce-do-apply=\"border margin background el-44eb323e\"><div class=\"vce-col-content\" data-vce-element-content=\"true\" data-vce-do-apply=\"padding el-44eb323e\"><p><\/p><div class=\"vce-text-block\"><div id=\"el-21a3357a\" class=\"vce-text-block-wrapper vce\" data-vce-do-apply=\"all el-21a3357a\"><h3 class=\"cmplz-subtitle\"><span style=\"font-size: 18pt;\">The provider of this website is:<\/span><\/h3><p style=\"text-align: left;\">Zlat\u00fd and\u011bl s.r.o.&nbsp;<br>N\u00e1m\u011bst\u00ed Svornosti 11, 38101 \u010cesk\u00fd Krumlov<br>Czech Republic<br>Email: info@hotelzlatyandel.cz<br>Phone number: +420 380 712 310<\/p><p style=\"text-align: left;\">ID:63887363<\/p><p style=\"text-align: left;\">VAT ID: CZ63887363<\/p><h3 style=\"text-align: left;\"><span style=\"font-size: 16pt;\">1. General<\/span><\/h3><p>1.1 We are registered at&nbsp; Krajsk\u00fd soud v \u010c. Bud\u011bjovic\u00edch under egistration number: C, 5583.<\/p><\/div><\/div><p><\/p><\/div><\/div><\/div><p><\/p><\/div><\/div><\/div><p><\/p><\/div><\/div><\/div><p><\/p><\/div><\/div><\/div><p><!--vcv no format--><\/p><\/div><\/div><\/div><\/div><\/div><\/div><\/div><\/div>\n","protected":false},"excerpt":{"rendered":"<p>The provider of this website is:Zlat\u00fd and\u011bl s.r.o.&nbsp;N\u00e1m\u011bst\u00ed Svornosti 11, 38101 \u010cesk\u00fd KrumlovCzech RepublicEmail: info@hotelzlatyandel.czPhone number: +420 380 712 310ID:63887363VAT ID: CZ638873631. General1.1 We are registered at&nbsp; Krajsk\u00fd soud v \u010c. Bud\u011bjovic\u00edch under egistration number: C, 5583.<\/p>\n","protected":false},"author":1,"featured_media":0,"parent":0,"menu_order":0,"comment_status":"closed","ping_status":"closed","template":"","meta":{"footnotes":""},"class_list":["post-3718","page","type-page","status-publish","hentry"],"_links":{"self":[{"href":"https:\/\/hotelzlatyandel.cz\/en\/wp-json\/wp\/v2\/pages\/3718","targetHints":{"allow":["GET"]}}],"collection":[{"href":"https:\/\/hotelzlatyandel.cz\/en\/wp-json\/wp\/v2\/pages"}],"about":[{"href":"https:\/\/hotelzlatyandel.cz\/en\/wp-json\/wp\/v2\/types\/page"}],"author":[{"embeddable":true,"href":"https:\/\/hotelzlatyandel.cz\/en\/wp-json\/wp\/v2\/users\/1"}],"replies":[{"embeddable":true,"href":"https:\/\/hotelzlatyandel.cz\/en\/wp-json\/wp\/v2\/comments?post=3718"}],"version-history":[{"count":0,"href":"https:\/\/hotelzlatyandel.cz\/en\/wp-json\/wp\/v2\/pages\/3718\/revisions"}],"wp:attachment":[{"href":"https:\/\/hotelzlatyandel.cz\/en\/wp-json\/wp\/v2\/media?parent=3718"}],"curies":[{"name":"wp","href":"https:\/\/api.w.org\/{rel}","templated":true}]}}