{"id":4965,"date":"2026-02-11T10:40:34","date_gmt":"2026-02-11T09:40:34","guid":{"rendered":"https:\/\/hotelzlatyandel.cz\/?page_id=4965"},"modified":"2026-03-12T10:30:28","modified_gmt":"2026-03-12T09:30:28","slug":"objednavka-voucheru","status":"publish","type":"page","link":"https:\/\/hotelzlatyandel.cz\/en\/voucher\/objednavka-voucheru\/","title":{"rendered":"Objedn\u00e1vka Voucheru"},"content":{"rendered":"<div class=\"vce-row-container\" data-vce-boxed-width=\"true\"><div class=\"vce-row vce-row--col-gap-30 vce-row-equal-height vce-row-content--top\" id=\"el-ba173b17\" data-vce-do-apply=\"all el-ba173b17\"><div class=\"vce-row-content\" data-vce-element-content=\"true\"><div class=\"vce-col vce-col--md-auto vce-col--xs-1 vce-col--xs-last vce-col--xs-first vce-col--sm-last vce-col--sm-first vce-col--md-last vce-col--lg-last vce-col--xl-last vce-col--md-first vce-col--lg-first vce-col--xl-first\" id=\"el-02d94d6c\"><div class=\"vce-col-inner\" data-vce-do-apply=\"border margin background  el-02d94d6c\"><div class=\"vce-col-content\" data-vce-element-content=\"true\" data-vce-do-apply=\"padding el-02d94d6c\"><div class=\"vce-row-container\"><div class=\"vce-row vce-row--col-gap-30 vce-row-equal-height vce-row-content--top\" data-vce-full-width=\"true\" id=\"el-c354f715\" data-vce-do-apply=\"all el-c354f715\"><div class=\"vce-row-content\" data-vce-element-content=\"true\"><div class=\"vce-col vce-col--md-auto vce-col--xs-1 vce-col--xs-last vce-col--xs-first vce-col--sm-last vce-col--sm-first vce-col--md-last vce-col--lg-last vce-col--xl-last vce-col--md-first vce-col--lg-first vce-col--xl-first\" id=\"el-3c89c3e2\"><div class=\"vce-col-inner\" data-vce-do-apply=\"border margin background  el-3c89c3e2\"><div class=\"vce-col-content\" data-vce-element-content=\"true\" data-vce-do-apply=\"padding el-3c89c3e2\"><div class=\"vce-text-block\"><div class=\"vce-text-block-wrapper vce\" id=\"el-2e72249b\" data-vce-do-apply=\"all el-2e72249b\"><h1 style=\"text-align: center;\">Order a Voucher<\/h1><\/div><\/div><\/div><\/div><\/div><\/div><\/div><\/div><\/div><\/div><\/div><\/div><\/div><\/div><div class=\"vce-row-container\"><div class=\"vce-row vce-row--col-gap-30 vce-row-equal-height vce-row-content--top\" data-vce-full-width=\"true\" id=\"el-fb94adca\" data-vce-do-apply=\"all el-fb94adca\"><div class=\"vce-row-content\" data-vce-element-content=\"true\"><div class=\"vce-col vce-col--md-auto vce-col--xs-1 vce-col--xs-last vce-col--xs-first vce-col--sm-last vce-col--sm-first vce-col--md-last vce-col--lg-last vce-col--xl-last vce-col--md-first vce-col--lg-first vce-col--xl-first\" id=\"el-3445573d\"><div class=\"vce-col-inner\" data-vce-do-apply=\"border margin background  el-3445573d\"><div class=\"vce-col-content\" data-vce-element-content=\"true\" data-vce-do-apply=\"padding el-3445573d\"><div class=\"vce-raw-html\"><div class=\"vce-raw-html-wrapper\" id=\"el-e22cc2c5\" data-vce-do-apply=\"all el-e22cc2c5\"><style id=\"wpforms-css-vars-4959\">\n\t\t\t\t#wpforms-4959 {\n\t\t\t\t--wpforms-field-border-size: 2px;\n--wpforms-field-border-radius: 0px;\n--wpforms-field-border-color: #DBA95B;\n--wpforms-field-border-color-spare: #DBA95B;\n--wpforms-field-text-color: #444444;\n--wpforms-label-color: #524545;\n--wpforms-label-sublabel-color: #7f7f7f;\n--wpforms-label-error-color: #ff0000;\n--wpforms-button-border-style: solid;\n--wpforms-button-border-radius: 0px;\n--wpforms-button-background-color: #DBA95B;\n--wpforms-button-border-color: #cccccc;\n--wpforms-container-padding: 20px;\n--wpforms-container-border-style: solid;\n--wpforms-container-border-width: 2px;\n--wpforms-container-border-radius: 2px;\n--wpforms-container-border-color: #DBA95B;\n--wpforms-background-color: rgba(0, 0, 0, 0);\n--wpforms-page-break-color: #dddddd;\n--wpforms-field-size-input-height: 43px;\n--wpforms-field-size-input-spacing: 15px;\n--wpforms-field-size-font-size: 16px;\n--wpforms-field-size-line-height: 19px;\n--wpforms-field-size-padding-h: 14px;\n--wpforms-field-size-checkbox-size: 16px;\n--wpforms-field-size-sublabel-spacing: 5px;\n--wpforms-field-size-icon-size: 1;\n--wpforms-label-size-font-size: 14px;\n--wpforms-label-size-line-height: 17px;\n--wpforms-label-size-sublabel-font-size: 13px;\n--wpforms-label-size-sublabel-line-height: 16px;\n--wpforms-button-size-font-size: 20px;\n--wpforms-button-size-height: 48px;\n--wpforms-button-size-padding-h: 20px;\n--wpforms-button-size-margin-top: 15px;\n--wpforms-container-shadow-size-box-shadow: 0px 3px 5px 0px rgba(0, 0, 0, 0.1);\n\t\t\t}\n\t\t\t<\/style><style id=\"wpforms-css-vars-4959-custom-css\">\n\t\t\t\t#wpforms-4959 {\n\t\t\t\t\t.wpforms-form .wpforms-field-label {\r\n\r\n    display: block;\r\n\r\n    font-family: 'Poppins', sans-serif !important;\r\n\r\n    font-weight: 700;\r\n\r\n    font-size: 16px;\r\n\r\n    float: none;\r\n\r\n    line-height: 1.3;\r\n\r\n    margin: 0 0 4px 0;\r\n\r\n    padding: 0;\r\n\r\n}\r\n\r\n.wpforms-form .wpforms-field-sublabel {\r\n\r\n    display: block;\r\n\r\n    font-size: 13px;\r\n\r\n    font-family: 'Poppins', sans-serif !important;\r\n\r\n    float: none;\r\n\r\n    font-weight: 400;\r\n\r\n    line-height: 1.3;\r\n\r\n    margin: 4px 0 0;\r\n\r\n    padding: 0;\r\n\r\n}\r\n\r\n.wpforms-form .wpforms-field-description {\r\n\r\n    font-size: 13px;\r\n\r\n    line-height: 1.3;\r\n\r\n    font-family: 'Poppins', sans-serif !important;\r\n\r\n    margin: 8px 0 0 0;\r\n\r\n}\r\n\r\n.wpforms-form .wpforms-field.wpforms-field-checkbox ul li .wpforms-field-label-inline {\r\n\r\n    display: inline;\r\n\r\n    vertical-align: baseline;\r\n\r\n    font-size: 16px;\r\n\r\n    font-family: 'Poppins', sans-serif !important;\r\n\r\n    font-weight: 400;\r\n\r\n    line-height: 1.3;\r\n\r\n}\r\n\r\n.wpforms-form .choices__inner {\r\n\r\n    display: inline-block;\r\n\r\n    vertical-align: top;\r\n\r\n    width: 100%;\r\n\r\n    font-family: 'Poppins', sans-serif !important;\r\n\r\n    background-color: #ffffff;\r\n\r\n    padding: 4px 6px 1px;\r\n\r\n    border: 1px solid #cccccc;\r\n\r\n    border-radius: 2px;\r\n\r\n    min-height: 35px;\r\n\r\n    overflow: hidden;\r\n\r\n}\r\n\r\n\/* Stabiln\u00ed v\u00fd\u0161ka \u0159\u00e1dku a zarovn\u00e1n\u00ed *\/\r\n\r\n.wpforms-form ul.wpforms-field-checkbox li label.wpforms-field-label-inline {\r\n\r\n    display: inline-flex;\r\n\r\n    align-items: center;\r\n\r\n    position: relative;\r\n\r\n    padding-left: 28px; \/* prostor pro \u010dtvere\u010dek *\/\r\n\r\n    line-height: 20px; \/* fixn\u00ed v\u00fd\u0161ka *\/\r\n\r\n    min-height: 20px;\r\n\r\n}\r\n\r\n\r\n\r\n\/* \u010ctvere\u010dek (pseudo-element p\u0159ed textem) *\/\r\n\r\n.wpforms-form ul.wpforms-field-checkbox li label.wpforms-field-label-inline::before {\r\n\r\n    content: \"\";\r\n\r\n    position: absolute;\r\n\r\n    left: 0;\r\n\r\n    top: 50%;\r\n\r\n    transform: translateY(-50%);\r\n\r\n    width: 20px;\r\n\r\n    height: 20px;\r\n\r\n    border: 2px solid #333; \/* barva \u010dtvere\u010dku *\/\r\n\r\n    background: #fff; \/* pozad\u00ed *\/\r\n\r\n    box-sizing: border-box;\r\n\r\n}\r\n\r\n.wpforms-form  .wpforms-field.wpforms-field-text {\r\n\r\n   font-family: 'Poppins', sans-serif !important;\r\n\r\n}\r\n\r\n.wpforms-form .wpforms-field-sublabel {\r\n\r\n      font-family: 'Poppins', sans-serif !important;\r\n\r\n}\r\n\r\n.wpforms-form input[type=text].wpforms-field-name-first {\r\n\r\n       font-family: 'Poppins', sans-serif !important;\r\n\r\n}\r\n\r\n.wpforms-form .wpforms-field.wpforms-field-textarea textarea {\r\n\r\n          font-family: 'Poppins', sans-serif !important;\r\n\r\n}\r\n\r\n.wpforms-form input[type=text].wpforms-field-name-last {\r\n\r\n          font-family: 'Poppins', sans-serif !important;\r\n\r\n}\r\n\r\n.wpforms-form .wpforms-field.wpforms-field-email {\r\n\r\n            font-family: 'Poppins', sans-serif !important;\r\n\r\n}\r\n\r\n.wpforms-form .wpforms-field-description {\r\n\r\nfont-family: 'Poppins', sans-serif !important;\r\n\r\n}\r\n\r\n.wpforms-form .wpforms-field {\r\n\r\n    font-family: 'Poppins', sans-serif !important;\r\n\r\n}\r\n\r\n.wpforms-container em.wpforms-error {\r\n\r\n       font-family: 'Poppins', sans-serif !important;\r\n\r\n}\r\n\r\n.wpforms-form .wpforms-field.wpforms-field-text .wpforms-field-label {\r\n\r\n           font-family: 'Poppins', sans-serif !important;\r\n\r\n}\r\n\r\n.wpforms-form .wpforms-field.wpforms-field-number {\r\n\r\nfont-family: 'Poppins', sans-serif !important;\r\n\r\n}\r\n\r\n\/* Tla\u010d\u00edtko WPForms \u2013 font Poppins *\/\r\n\r\n.wpforms-submit,\r\n\r\n.wpforms-submit-container button,\r\n\r\n.wpforms-form button[type=\"submit\"] {\r\n\r\n    font-family: 'Poppins', sans-serif !important;\r\n\r\n    font-size: 16px !important;\r\n\r\n    padding: 12px 24px !important; \/* uprav podle pot\u0159eby *\/\r\n\r\n}\r\n\r\n.wpforms-form,\r\n\r\n.wpforms-form input,\r\n\r\n.wpforms-form textarea,\r\n\r\n.wpforms-form select,\r\n\r\n.wpforms-form button,\r\n\r\n.wpforms-form label,\r\n\r\n.wpforms-form .wpforms-page-title,\r\n\r\n.wpforms-form .wpforms-field-description {\r\n\r\n    font-family: 'Poppins', sans-serif !important;\r\n\r\n}\r\n\r\na {   text-decoration: underline; }\n\t\t\t\t}\n\t\t\t<\/style><div class=\"wpforms-container wpforms-container-full wpforms-render-modern\" id=\"wpforms-4959\"><form id=\"wpforms-form-4959\" class=\"wpforms-validate wpforms-form wpforms-ajax-form\" data-formid=\"4959\" method=\"post\" enctype=\"multipart\/form-data\" action=\"\/en\/wp-json\/wp\/v2\/pages\/4965\" data-token=\"8438e12eec1cef9212235d5197d933fd\" data-token-time=\"1776210820\"><noscript class=\"wpforms-error-noscript\">Please enable JavaScript in your browser to complete this form.<\/noscript><div id=\"wpforms-error-noscript\" style=\"display: none;\">Please enable JavaScript in your browser to complete this form.<\/div><div class=\"wpforms-field-container\"><div id=\"wpforms-4959-field_142-container\" class=\"wpforms-field wpforms-field-hidden\" data-field-id=\"142\"><input type=\"hidden\" id=\"wpforms-4959-field_142\" name=\"wpforms[fields][142]\"><\/div><div id=\"wpforms-4959-field_21-container\" class=\"wpforms-field wpforms-field-name\" data-field-id=\"21\"><fieldset><legend class=\"wpforms-field-label\">Customer \/ Purchaser <span class=\"wpforms-required-label\" aria-hidden=\"true\">*<\/span><\/legend><div class=\"wpforms-field-row wpforms-field-large\"><div class=\"wpforms-field-row-block wpforms-first wpforms-one-half\"><input type=\"text\" id=\"wpforms-4959-field_21\" class=\"wpforms-field-name-first wpforms-field-required\" name=\"wpforms[fields][21][first]\" placeholder=\"First Name\" aria-errormessage=\"wpforms-4959-field_21-error\" required><label for=\"wpforms-4959-field_21\" class=\"wpforms-field-sublabel after wpforms-sublabel-hide\">First<\/label><\/div><div class=\"wpforms-field-row-block wpforms-one-half\"><input type=\"text\" id=\"wpforms-4959-field_21-last\" class=\"wpforms-field-name-last wpforms-field-required\" name=\"wpforms[fields][21][last]\" placeholder=\"Last Name\" aria-errormessage=\"wpforms-4959-field_21-last-error\" required><label for=\"wpforms-4959-field_21-last\" class=\"wpforms-field-sublabel after wpforms-sublabel-hide\">Last<\/label><\/div><\/div><\/fieldset><\/div><div id=\"wpforms-4959-field_134-container\" class=\"wpforms-field wpforms-field-layout\" data-field-id=\"134\"><div class=\"wpforms-field-layout-rows wpforms-field-large\"><div class=\"wpforms-layout-row\"><div class=\"wpforms-layout-column wpforms-layout-column-50\"><div id=\"wpforms-4959-field_132-container\" class=\"wpforms-field wpforms-field-phone\" data-field-id=\"132\"><label class=\"wpforms-field-label\" for=\"wpforms-4959-field_132\">Phone Number<\/label><input type=\"tel\" id=\"wpforms-4959-field_132\" class=\"wpforms-field-large\" data-rule-int-phone-field=\"true\" name=\"wpforms[fields][132]\" placeholder=\"+ 420\" aria-label=\"Phone Number\" aria-errormessage=\"wpforms-4959-field_132-error\" ><\/div><\/div><div class=\"wpforms-layout-column wpforms-layout-column-50\"><div id=\"wpforms-4959-field_133-container\" class=\"wpforms-field wpforms-field-email\" data-field-id=\"133\"><label class=\"wpforms-field-label\" for=\"wpforms-4959-field_133\">Email <span class=\"wpforms-required-label\" aria-hidden=\"true\">*<\/span><\/label><input type=\"email\" id=\"wpforms-4959-field_133\" class=\"wpforms-field-large wpforms-field-required\" name=\"wpforms[fields][133]\" spellcheck=\"false\" aria-errormessage=\"wpforms-4959-field_133-error\" required><\/div><\/div><\/div><\/div><\/div><div id=\"wpforms-4959-field_143-container\" class=\"wpforms-field wpforms-field-name\" data-field-id=\"143\"><fieldset><legend class=\"wpforms-field-label\">Recipient <span class=\"wpforms-required-label\" aria-hidden=\"true\">*<\/span><\/legend><div class=\"wpforms-field-row wpforms-field-large\"><div class=\"wpforms-field-row-block wpforms-first wpforms-one-half\"><input type=\"text\" id=\"wpforms-4959-field_143\" class=\"wpforms-field-name-first wpforms-field-required\" name=\"wpforms[fields][143][first]\" placeholder=\"First Name\" aria-errormessage=\"wpforms-4959-field_143-error\" required><label for=\"wpforms-4959-field_143\" class=\"wpforms-field-sublabel after wpforms-sublabel-hide\">First<\/label><\/div><div class=\"wpforms-field-row-block wpforms-one-half\"><input type=\"text\" id=\"wpforms-4959-field_143-last\" class=\"wpforms-field-name-last wpforms-field-required\" name=\"wpforms[fields][143][last]\" placeholder=\"Last Name\" aria-errormessage=\"wpforms-4959-field_143-last-error\" required><label for=\"wpforms-4959-field_143-last\" class=\"wpforms-field-sublabel after wpforms-sublabel-hide\">Last<\/label><\/div><\/div><\/fieldset><\/div><div id=\"wpforms-4959-field_148-container\" class=\"wpforms-field wpforms-field-divider\" data-field-id=\"148\"><h3 id=\"wpforms-4959-field_148\" aria-errormessage=\"wpforms-4959-field_148-error\">VOUCHER<\/h3><\/div>\t\t<div id=\"wpforms-4959-field_1-container\"\n\t\t\tclass=\"wpforms-field wpforms-field-text\"\n\t\t\tdata-field-type=\"text\"\n\t\t\tdata-field-id=\"1\"\n\t\t\t>\n\t\t\t<label class=\"wpforms-field-label\" for=\"wpforms-4959-field_1\" >Layout Code Email<\/label>\n\t\t\t<input type=\"text\" id=\"wpforms-4959-field_1\" class=\"wpforms-field-medium\" name=\"wpforms[fields][1]\" >\n\t\t<\/div>\n\t\t<div id=\"wpforms-4959-field_156-container\" class=\"wpforms-field wpforms-field-text wpforms-conditional-trigger wpforms-field-readonly\" data-field-id=\"156\"><label class=\"wpforms-field-label\" for=\"wpforms-4959-field_156\">Voucher Value (EUR)<\/label><input type=\"text\" id=\"wpforms-4959-field_156\" class=\"wpforms-field-medium\" name=\"wpforms[fields][156]\" aria-errormessage=\"wpforms-4959-field_156-error\" ><\/div><div id=\"wpforms-4959-field_149-container\" class=\"wpforms-field wpforms-field-select wpforms-conditional-field wpforms-conditional-show wpforms-field-select-style-classic\" data-field-id=\"149\" style=\"display:none;\"><label class=\"wpforms-field-label\" for=\"wpforms-4959-field_149\">Voucher Value (EUR)<\/label><select id=\"wpforms-4959-field_149\" class=\"wpforms-field-medium\" name=\"wpforms[fields][149][]\" multiple=\"multiple\"><option value=\"50\"  class=\"choice-1 depth-1\"  >50<\/option><option value=\"100\"  class=\"choice-2 depth-1\"  >100<\/option><option value=\"300\"  class=\"choice-3 depth-1\"  >300<\/option><option value=\"500\"  class=\"choice-4 depth-1\"  >500<\/option><option value=\"vlastni\"  class=\"choice-5 depth-1\"  >vlastni<\/option><\/select><\/div><div id=\"wpforms-4959-field_151-container\" class=\"wpforms-field wpforms-field-number wpforms-conditional-field wpforms-conditional-show\" data-field-id=\"151\" style=\"display:none;\"><label class=\"wpforms-field-label\" for=\"wpforms-4959-field_151\">Custom Amount<\/label><input type=\"number\" id=\"wpforms-4959-field_151\" class=\"wpforms-field-medium\" name=\"wpforms[fields][151]\" min=\"50\" step=\"any\" aria-errormessage=\"wpforms-4959-field_151-error\" ><\/div><div id=\"wpforms-4959-field_104-container\" class=\"wpforms-field wpforms-field-gdpr-checkbox\" data-field-id=\"104\"><label class=\"wpforms-field-label\">Consent to Personal Data Processing <span class=\"wpforms-required-label\" aria-hidden=\"true\">*<\/span><\/label><ul id=\"wpforms-4959-field_104\" class=\"wpforms-field-required\"><li class=\"choice-1\"><input type=\"checkbox\" id=\"wpforms-4959-field_104_1\" name=\"wpforms[fields][104][]\" value=\"I agree to&lt;a href=&quot;https:\/\/hotelzlatyandel.cz\/en\/prohlaseni-o-ochrane-osobnich-udaju-eu\/&quot; target=&quot;_blank&quot;&gt; the personal data processing policy.&lt;\/a&gt;\" aria-errormessage=\"wpforms-4959-field_104_1-error\" required ><label class=\"wpforms-field-label-inline\" for=\"wpforms-4959-field_104_1\">I agree to<a href=\"https:\/\/hotelzlatyandel.cz\/en\/prohlaseni-o-ochrane-osobnich-udaju-eu\/\" target=\"_blank\"> the personal data processing policy.<\/a><\/label><\/li><\/ul><\/div><div id=\"wpforms-4959-field_158-container\" class=\"wpforms-field wpforms-field-hidden\" data-field-id=\"158\"><input type=\"hidden\" id=\"wpforms-4959-field_158\" name=\"wpforms[fields][158]\" value=\"HOTEL-2026-OXPCq2DlkThsfdgb\"><\/div><script>\n\t\t\t\t( function() {\n\t\t\t\t\tconst style = document.createElement( 'style' );\n\t\t\t\t\tstyle.appendChild( document.createTextNode( '#wpforms-4959-field_1-container { position: absolute !important; overflow: hidden !important; display: inline !important; height: 1px !important; width: 1px !important; z-index: -1000 !important; padding: 0 !important; } #wpforms-4959-field_1-container input { visibility: hidden; } #wpforms-conversational-form-page #wpforms-4959-field_1-container label { counter-increment: none; }' ) );\n\t\t\t\t\tdocument.head.appendChild( style );\n\t\t\t\t\tdocument.currentScript?.remove();\n\t\t\t\t} )();\n\t\t\t<\/script><\/div><!-- .wpforms-field-container --><div class=\"wpforms-recaptcha-container wpforms-is-recaptcha wpforms-is-recaptcha-type-invisible\" ><div class=\"g-recaptcha\" data-sitekey=\"6LfgSAMsAAAAACEd_1Px0eVnRhPRxU_SbzCvVdyC\" data-size=\"invisible\"><\/div><\/div><div class=\"wpforms-submit-container\" ><input type=\"hidden\" name=\"wpforms[id]\" value=\"4959\"><input type=\"hidden\" name=\"page_title\" value=\"\"><input type=\"hidden\" name=\"page_url\" value=\"https:\/\/hotelzlatyandel.cz\/en\/wp-json\/wp\/v2\/pages\/4965\"><input type=\"hidden\" name=\"url_referer\" value=\"\"><button type=\"submit\" name=\"wpforms[submit]\" id=\"wpforms-submit-4959\" class=\"wpforms-submit\" data-alt-text=\"Sending\u2026\" data-submit-text=\"Submit\" aria-live=\"assertive\" value=\"wpforms-submit\">Submit<\/button><img src=\"https:\/\/hotelzlatyandel.cz\/wp-content\/plugins\/wpforms\/assets\/images\/submit-spin.svg\" class=\"wpforms-submit-spinner\" style=\"display: none;\" width=\"26\" height=\"26\" alt=\"Loading\"><\/div><\/form><\/div>  <!-- .wpforms-container --><\/div><\/div><\/div><\/div><\/div><\/div><\/div><\/div>\n","protected":false},"excerpt":{"rendered":"<p>Order a Voucher<\/p>\n","protected":false},"author":1,"featured_media":0,"parent":4952,"menu_order":0,"comment_status":"closed","ping_status":"closed","template":"","meta":{"footnotes":""},"class_list":["post-4965","page","type-page","status-publish","hentry"],"_links":{"self":[{"href":"https:\/\/hotelzlatyandel.cz\/en\/wp-json\/wp\/v2\/pages\/4965","targetHints":{"allow":["GET"]}}],"collection":[{"href":"https:\/\/hotelzlatyandel.cz\/en\/wp-json\/wp\/v2\/pages"}],"about":[{"href":"https:\/\/hotelzlatyandel.cz\/en\/wp-json\/wp\/v2\/types\/page"}],"author":[{"embeddable":true,"href":"https:\/\/hotelzlatyandel.cz\/en\/wp-json\/wp\/v2\/users\/1"}],"replies":[{"embeddable":true,"href":"https:\/\/hotelzlatyandel.cz\/en\/wp-json\/wp\/v2\/comments?post=4965"}],"version-history":[{"count":4,"href":"https:\/\/hotelzlatyandel.cz\/en\/wp-json\/wp\/v2\/pages\/4965\/revisions"}],"predecessor-version":[{"id":4989,"href":"https:\/\/hotelzlatyandel.cz\/en\/wp-json\/wp\/v2\/pages\/4965\/revisions\/4989"}],"up":[{"embeddable":true,"href":"https:\/\/hotelzlatyandel.cz\/en\/wp-json\/wp\/v2\/pages\/4952"}],"wp:attachment":[{"href":"https:\/\/hotelzlatyandel.cz\/en\/wp-json\/wp\/v2\/media?parent=4965"}],"curies":[{"name":"wp","href":"https:\/\/api.w.org\/{rel}","templated":true}]}}