{"id":914,"date":"2023-05-28T19:39:59","date_gmt":"2023-05-28T17:39:59","guid":{"rendered":"http:\/\/www.hotelzlatyandel.cz\/?page_id=914"},"modified":"2025-09-24T17:16:02","modified_gmt":"2025-09-24T15:16:02","slug":"contact-hotel-zlaty-andel","status":"publish","type":"page","link":"https:\/\/hotelzlatyandel.cz\/en\/contact-hotel-zlaty-andel\/","title":{"rendered":"Kontakt"},"content":{"rendered":"<div class=\"vce-row-container\"><div class=\"vce-row vce-row--col-gap-30 vce-row-equal-height vce-row-content--top\" data-vce-full-width=\"true\" id=\"el-debf93c5\" data-vce-do-apply=\"all el-debf93c5\"><div class=\"vce-content-background-container\"><\/div><div class=\"vce-row-content\" data-vce-element-content=\"true\"><div class=\"vce-col vce-col--md-auto vce-col--xs-1 vce-col--xs-last vce-col--xs-first vce-col--sm-last vce-col--sm-first vce-col--md-last vce-col--lg-last vce-col--xl-last vce-col--md-first vce-col--lg-first vce-col--xl-first\" id=\"el-f4f0be88\"><div class=\"vce-col-inner\" data-vce-do-apply=\"border margin background  el-f4f0be88\"><div class=\"vce-col-content\" data-vce-element-content=\"true\" data-vce-do-apply=\"padding el-f4f0be88\"><div class=\"vce-text-block\"><div class=\"vce-text-block-wrapper vce\" id=\"el-263753dc\" data-vce-do-apply=\"all el-263753dc\"><h1 class=\"desktop-heading\" style=\"text-align: center;\"><span style=\"font-size: inherit;\">CONTACT<\/span><\/h1><\/div><\/div><div class=\"vce-text-block\"><div class=\"vce-text-block-wrapper vce\" id=\"el-b3f759e9\" data-vce-do-apply=\"all el-b3f759e9\"><h2 class=\"desktop-heading\" style=\"text-align: center;\"><span style=\"font-size: inherit;\">CONTACT<\/span><\/h2><\/div><\/div><\/div><\/div><\/div><\/div><\/div><\/div><div class=\"vce-row-container\"><div class=\"vce-row vce-row--col-gap-30 vce-row-equal-height vce-row-content--top\" data-vce-full-width=\"true\" id=\"el-f182e76c\" data-vce-do-apply=\"all el-f182e76c\"><div class=\"vce-content-background-container\"><\/div><div class=\"vce-row-content\" data-vce-element-content=\"true\"><div class=\"vce-col vce-col--md-auto vce-col--xs-1 vce-col--xs-last vce-col--xs-first vce-col--sm-last vce-col--sm-first vce-col--md-last vce-col--lg-last vce-col--xl-last vce-col--md-first vce-col--lg-first vce-col--xl-first\" id=\"el-ade8fd87\"><div class=\"vce-col-inner\" data-vce-do-apply=\"border margin background  el-ade8fd87\"><div class=\"vce-col-content\" data-vce-element-content=\"true\" data-vce-do-apply=\"padding el-ade8fd87\"><div class=\"vce-text-block\"><div class=\"vce-text-block-wrapper vce\" id=\"el-693725f1\" data-vce-do-apply=\"all el-693725f1\"><p style=\"line-height: 1.5; text-align: center;\"><span style=\"font-size: 24pt;\"><strong>Hotel Zlat\u00fd and\u011bl<\/strong><\/span><br><span style=\"font-size: inherit;\">N\u00e1m\u011bst\u00ed Svornosti 11<\/span><br><span style=\"font-size: inherit;\">381 01 \u010cesk\u00fd Krumlov<\/span><\/p>\n<p style=\"line-height: 1.5; text-align: center;\"><span style=\"font-size: inherit;\">+420 380 712 310<\/span><br><br><span style=\"color: #dba95b;\"><a style=\"color: #dba95b;\" href=\"mailto:info@hotelzlatyandel.cz\"><span style=\"font-size: inherit;\">info@hotelzlatyandel.cz<\/span><\/a><\/span><br><span style=\"color: #dba95b;\"><a style=\"color: #dba95b;\" href=\"https:\/\/hotelzlatyandel.cz\"><span style=\"font-size: inherit;\">www.hotelzlatyandel.cz<\/span><\/a><\/span><\/p><\/div><\/div><\/div><\/div><\/div><\/div><\/div><\/div><div class=\"vce-row-container\"><div class=\"vce-row vce-row--col-gap-30 vce-row-equal-height vce-row-content--top\" data-vce-full-width=\"true\" id=\"el-18700d94\" data-vce-do-apply=\"all el-18700d94\"><div class=\"vce-content-background-container\"><\/div><div class=\"vce-row-content\" data-vce-element-content=\"true\"><div class=\"vce-col vce-col--md-auto vce-col--xs-1 vce-col--xs-last vce-col--xs-first vce-col--sm-last vce-col--sm-first vce-col--md-first vce-col--lg-first vce-col--xl-first\" id=\"el-128d834f\"><div class=\"vce-col-inner\" data-vce-do-apply=\"border margin background  el-128d834f\"><div class=\"vce-col-content\" data-vce-element-content=\"true\" data-vce-do-apply=\"padding el-128d834f\"><div class=\"vce-features vce-var-icon vce-features--style-filled-circle vce-features--size-medium\" style=\"--iconAlignment: center; --iconColor: rgb(33, 33, 33); --iconColorHover: #fff; --shapeColor: rgb(219, 170, 95); --shapeColorHover: rgba(195, 189, 189, 0.5); --linkColorHover: rgb(196,152,85);\"><div id=\"el-a7c4e0b0\" class=\"vce vce-features-icon-wrapper\" data-vce-do-apply=\"all el-a7c4e0b0\"><a class=\"vce-features--icon vce-icon\" href=\"tel:+420380712310\" title=\"\"><svg xmlns=\"https:\/\/www.w3.org\/2000\/svg\" viewBox=\"0 0 769 769\"><path stroke-width=\"25\" d=\"M565.755 696.27h-360l-180-311.77 180-311.77h360l180 311.77z\"><\/path><\/svg><span class=\"vce-icon-container vcv-ui-icon-feather vcv-ui-icon-feather-phone-call\"><\/span><\/a><\/div><\/div><\/div><\/div><\/div><div class=\"vce-col vce-col--md-auto vce-col--xs-1 vce-col--xs-last vce-col--xs-first vce-col--sm-last vce-col--sm-first\" id=\"el-2c12af55\"><div class=\"vce-col-inner\" data-vce-do-apply=\"border margin background  el-2c12af55\"><div class=\"vce-col-content\" data-vce-element-content=\"true\" data-vce-do-apply=\"padding el-2c12af55\"><div class=\"vce-features vce-var-icon vce-features--style-filled-circle vce-features--size-medium\" style=\"--iconAlignment: center; --iconColor: rgb(33, 33, 33); --iconColorHover: #fff; --shapeColor: rgb(219, 170, 95); --shapeColorHover: rgb(255, 255, 255); --linkColorHover: rgb(196,152,85);\"><div id=\"el-f8bb0e05\" class=\"vce vce-features-icon-wrapper\" data-vce-do-apply=\"all el-f8bb0e05\"><a class=\"vce-features--icon vce-icon\" href=\"mailto:info@hotelzlatyandel.cz\" title=\"\"><svg xmlns=\"https:\/\/www.w3.org\/2000\/svg\" viewBox=\"0 0 769 769\"><path stroke-width=\"25\" d=\"M565.755 696.27h-360l-180-311.77 180-311.77h360l180 311.77z\"><\/path><\/svg><span class=\"vce-icon-container vcv-ui-icon-feather vcv-ui-icon-feather-mail\"><\/span><\/a><\/div><\/div><\/div><\/div><\/div><div class=\"vce-col vce-col--md-auto vce-col--xs-1 vce-col--xs-last vce-col--xs-first vce-col--sm-last vce-col--sm-first\" id=\"el-2add9cf2\"><div class=\"vce-col-inner\" data-vce-do-apply=\"border margin background  el-2add9cf2\"><div class=\"vce-col-content\" data-vce-element-content=\"true\" data-vce-do-apply=\"padding el-2add9cf2\"><div class=\"vce-features vce-var-icon vce-features--style-filled-circle vce-features--size-medium\" style=\"--iconAlignment: center; --iconColor: rgb(33, 33, 33); --iconColorHover: #fff; --shapeColor: rgb(219, 169, 91); --shapeColorHover: rgb(255, 255, 255); --linkColorHover: rgb(196,151,81);\"><div id=\"el-198e71c4\" class=\"vce vce-features-icon-wrapper\" data-vce-do-apply=\"all el-198e71c4\"><a class=\"vce-features--icon vce-icon\" href=\"https:\/\/www.instagram.com\/hotel_zlaty_andel\/\" title=\"\" target=\"_blank\"><svg xmlns=\"https:\/\/www.w3.org\/2000\/svg\" viewBox=\"0 0 769 769\"><path stroke-width=\"25\" d=\"M565.755 696.27h-360l-180-311.77 180-311.77h360l180 311.77z\"><\/path><\/svg><span class=\"vce-icon-container vcv-ui-icon-socialicons vcv-ui-icon-socialicons-instagram\"><\/span><\/a><\/div><\/div><\/div><\/div><\/div><div class=\"vce-col vce-col--md-auto vce-col--xs-1 vce-col--xs-last vce-col--xs-first vce-col--sm-last vce-col--sm-first vce-col--md-last vce-col--lg-last vce-col--xl-last\" id=\"el-acfe5d0a\"><div class=\"vce-col-inner\" data-vce-do-apply=\"border margin background  el-acfe5d0a\"><div class=\"vce-col-content\" data-vce-element-content=\"true\" data-vce-do-apply=\"padding el-acfe5d0a\"><div class=\"vce-features vce-var-icon vce-features--style-filled-circle vce-features--size-medium\" style=\"--iconAlignment: center; --iconColor: rgb(33, 33, 33); --iconColorHover: #fff; --shapeColor: rgb(219, 169, 91); --shapeColorHover: rgb(255, 255, 255); --linkColorHover: rgb(196,151,81);\"><div id=\"el-c2bcd670\" class=\"vce vce-features-icon-wrapper\" data-vce-do-apply=\"all el-c2bcd670\"><a class=\"vce-features--icon vce-icon\" href=\"https:\/\/www.facebook.com\/profile.php?id=100063560834512\" title=\"\" target=\"_blank\"><svg xmlns=\"https:\/\/www.w3.org\/2000\/svg\" viewBox=\"0 0 769 769\"><path stroke-width=\"25\" d=\"M565.755 696.27h-360l-180-311.77 180-311.77h360l180 311.77z\"><\/path><\/svg><span class=\"vce-icon-container vcv-ui-icon-socialicons vcv-ui-icon-socialicons-facebook\"><\/span><\/a><\/div><\/div><\/div><\/div><\/div><\/div><\/div><\/div><div class=\"vce-row-container\"><div class=\"vce-row vce-row--has-col-background vce-row--col-gap-30 vce-row-content--top\" data-vce-full-width=\"true\" id=\"el-718d9121\" data-vce-do-apply=\"all el-718d9121\"><div class=\"vce-content-background-container\"><\/div><div class=\"vce-row-content\" data-vce-element-content=\"true\"><div class=\"vce-col vce-col--xs-100p vce-col--xs-visible vce-col--xs-last vce-col--xs-first vce-col--sm-100p vce-col--sm-visible vce-col--sm-last vce-col--sm-first vce-col--md-auto vce-col--md-visible vce-col--md-first vce-col--lg-auto vce-col--lg-visible vce-col--lg-first vce-col--xl-auto vce-col--xl-visible vce-col--xl-first\" id=\"el-90004e7c\"><div class=\"vce-col-inner\" data-vce-do-apply=\"border margin background  el-90004e7c\"><div class=\"vce-content-background-container\"><\/div><div class=\"vce-col-content\" data-vce-element-content=\"true\" data-vce-do-apply=\"padding el-90004e7c\"><div class=\"vce-text-block\"><div class=\"vce-text-block-wrapper vce\" id=\"el-49685436\" data-vce-do-apply=\"all el-49685436\"><h4><span style=\"font-size: 18pt; font-family: inherit; color: #212121;\">Phone<\/span><\/h4>\n<p><span style=\"font-family: inherit; color: #212121; font-weight: 300; font-style: normal;\"><strong> Reception:<\/strong> <span style=\"color: #dba95b;\"><a style=\"color: #dba95b;\" href=\"http:\/\/TEL:+420380712310\" data-wplink-url-error=\"true\">+420&nbsp;380&nbsp;712&nbsp;310<\/a><\/span><br><strong>Restaurant:<\/strong> <span style=\"color: #ff9900;\"><span style=\"color: #dba95b;\"><a style=\"color: #dba95b;\" href=\"http:\/\/TEL:+420736677340\" data-wplink-url-error=\"true\">+420&nbsp;736&nbsp;677&nbsp;340,<\/a> <a style=\"color: #dba95b;\" href=\"http:\/\/TEL:+420&nbsp;736&nbsp;677&nbsp;348\" data-wplink-url-error=\"true\">+420&nbsp;736&nbsp;677&nbsp;348<\/a><\/span><\/span><\/span><\/p><\/div><\/div><div class=\"vce-text-block\"><div class=\"vce-text-block-wrapper vce\" id=\"el-42c1b05e\" data-vce-do-apply=\"all el-42c1b05e\"><h4><span style=\"font-size: 18pt; font-family: inherit; color: #212121;\">E-mail<\/span><\/h4>\n<p><strong>Reception:<\/strong><span style=\"color: #dba95b;\"> <a style=\"color: #dba95b;\" href=\"mailto:info@hotelzlatyandel.cz\">info@hotelzlatyandel.cz<\/a><\/span><br><strong>Restaurant:<\/strong><span style=\"color: #dba95b;\"><a style=\"color: #dba95b;\" href=\"mailto:fbd@hotelzlatyandel.cz\"> fbd@hotelzlatyandel.cz<\/a><\/span><\/p><\/div><\/div><\/div><\/div><\/div><div class=\"vce-col vce-element--has-background vce-col--xs-100p vce-col--xs-visible vce-col--xs-last vce-col--xs-first vce-col--sm-100p vce-col--sm-visible vce-col--sm-last vce-col--sm-first vce-col--md-auto vce-col--md-visible vce-col--md-last vce-col--lg-auto vce-col--lg-visible vce-col--lg-last vce-col--xl-auto vce-col--xl-visible vce-col--xl-last\" id=\"el-4a2a722b\"><div class=\"vce-col-inner\" data-vce-do-apply=\"border margin background  el-4a2a722b\"><div class=\"vce-content-background-container\"><\/div><div class=\"vce-col-content\" data-vce-element-content=\"true\" data-vce-do-apply=\"padding el-4a2a722b\"><div class=\"vce-text-block\"><div class=\"vce-text-block-wrapper vce\" id=\"el-0f3f773b\" data-vce-do-apply=\"all el-0f3f773b\"><p><strong>Send a message<\/strong><\/p>\n<p><br>Do you have a question? Contact us using the form below and we will get back to you as soon as possible.<\/p><\/div><\/div><div class=\"vce vce-simple-contact-form-container vce-simple-contact-form--shape-rounded\" data-vce-do-apply=\"all el-91466465\" id=\"el-91466465\" data-vce-simple-contact-form-subject=\"Dotaz z webu\" style=\"--labelColor: #555555; --outlineColor: #CECECE; --backgroundColor: #fff; --placeholderColor: #DADADA; --inputColor: #555555; --fieldGapsPx: 20px;\"><form><div class=\"vce-simple-contact-form-confirmation-message\"><div class=\"vce-message-box vce vce-message-box-border--rounded vce-message-box-style--success\" id=\"el-9538fa75\" data-vce-do-apply=\"margin padding border background  el-9538fa75\" style=\"--background: rgb(255, 247, 162); --iconColor: #fff;\"><div class=\"vce-message-box-inner\"><span class=\"vce-message-box-icon vcv-ui-icon-material vcv-ui-icon-material-check\"><\/span><span class=\"vce-message-box-text\"><p style=\"color: #ffffff;\">Thank you for your message. We will contact you back shortly - sit back and enjoy!<\/p><\/span><\/div><\/div><\/div><input type=\"hidden\" name=\"vcv-source-id\" value=\"914\"><input type=\"text\" required=\"\" id=\"vce-simple-form--name-91466465\" class=\"vce-simple-contact-form-input\" placeholder=\"Your name\"><input type=\"email\" required=\"\" id=\"vce-simple-form--email-91466465\" class=\"vce-simple-contact-form-input\" placeholder=\"E-mail\"><textarea required=\"\" id=\"vce-simple-form--message-91466465\" class=\"vce-simple-contact-form-textarea vce-simple-contact-form-input\" cols=\"30\" rows=\"10\" placeholder=\"\"><\/textarea><div class=\"vce-button--style-basic-container vce-button--style-basic-container--align-left\"><span class=\"vce-button--style-basic-wrapper vce\" id=\"el-1787f58a\" data-vce-do-apply=\"margin el-1787f58a\"><button class=\"vce-button vce-button--style-basic vce-button--style-basic--border-square vce-button--style-basic--size-medium vce-button--style-basic--color-b-219-170-95--fff\" data-vce-do-apply=\"padding border background  el-1787f58a\">SEND<\/button><\/span><\/div><\/form><\/div><\/div><\/div><\/div><\/div><\/div><\/div><div class=\"vce-row-container\"><div class=\"vce-row vce-row--col-gap-30 vce-row-equal-height vce-row-content--top\" data-vce-full-width=\"true\" id=\"el-c0c835b6\" data-vce-do-apply=\"all el-c0c835b6\"><div class=\"vce-content-background-container\"><\/div><div class=\"vce-row-content\" data-vce-element-content=\"true\"><div class=\"vce-col vce-col--md-auto vce-col--xs-1 vce-col--xs-last vce-col--xs-first vce-col--sm-last vce-col--sm-first vce-col--md-last vce-col--lg-last vce-col--xl-last vce-col--md-first vce-col--lg-first vce-col--xl-first\" id=\"el-2074b988\"><div class=\"vce-col-inner\" data-vce-do-apply=\"border margin background  el-2074b988\"><div class=\"vce-col-content\" data-vce-element-content=\"true\" data-vce-do-apply=\"padding el-2074b988\"><div class=\"vce-text-block\"><div class=\"vce-text-block-wrapper vce\" id=\"el-eb93cd40\" data-vce-do-apply=\"all el-eb93cd40\"><p style=\"text-align: center;\">This website is operated by <strong>Zlat\u00fd and\u011bl s.r.o.<\/strong> with registered office n\u00e1m\u011bst\u00ed Svornosti 11, 38101 \u010cesk\u00fd Krumlov,<br>ID number: 63887363, held at the Regional Court in \u010c. Bud\u011bjovice in section C, file number 5583<\/p><\/div><\/div><\/div><\/div><\/div><\/div><\/div><\/div>\n","protected":false},"excerpt":{"rendered":"<p>CONTACTCONTACTHotel Zlat\u00fd and\u011blN\u00e1m\u011bst\u00ed Svornosti 11381 01 \u010cesk\u00fd Krumlov +420 380 712 310info@hotelzlatyandel.czwww.hotelzlatyandel.czPhone Reception: +420&nbsp;380&nbsp;712&nbsp;310Restaurant: +420&nbsp;736&nbsp;677&nbsp;340, +420&nbsp;736&nbsp;677&nbsp;348E-mail Reception: info@hotelzlatyandel.czRestaurant: fbd@hotelzlatyandel.czSend a message Do you have a question? Contact us using the form below and we will get back to you as soon as possible.Thank you for your message. We will contact you back shortly &#8211; sit [&hellip;]<\/p>\n","protected":false},"author":1,"featured_media":0,"parent":0,"menu_order":0,"comment_status":"closed","ping_status":"closed","template":"","meta":{"footnotes":""},"class_list":["post-914","page","type-page","status-publish","hentry"],"_links":{"self":[{"href":"https:\/\/hotelzlatyandel.cz\/en\/wp-json\/wp\/v2\/pages\/914","targetHints":{"allow":["GET"]}}],"collection":[{"href":"https:\/\/hotelzlatyandel.cz\/en\/wp-json\/wp\/v2\/pages"}],"about":[{"href":"https:\/\/hotelzlatyandel.cz\/en\/wp-json\/wp\/v2\/types\/page"}],"author":[{"embeddable":true,"href":"https:\/\/hotelzlatyandel.cz\/en\/wp-json\/wp\/v2\/users\/1"}],"replies":[{"embeddable":true,"href":"https:\/\/hotelzlatyandel.cz\/en\/wp-json\/wp\/v2\/comments?post=914"}],"version-history":[{"count":0,"href":"https:\/\/hotelzlatyandel.cz\/en\/wp-json\/wp\/v2\/pages\/914\/revisions"}],"wp:attachment":[{"href":"https:\/\/hotelzlatyandel.cz\/en\/wp-json\/wp\/v2\/media?parent=914"}],"curies":[{"name":"wp","href":"https:\/\/api.w.org\/{rel}","templated":true}]}}