{"id":957,"date":"2023-06-21T19:45:37","date_gmt":"2023-06-21T17:45:37","guid":{"rendered":"http:\/\/www.hotelzlatyandel.cz\/?page_id=957"},"modified":"2025-09-25T13:16:38","modified_gmt":"2025-09-25T11:16:38","slug":"general-information","status":"publish","type":"page","link":"https:\/\/hotelzlatyandel.cz\/en\/general-information\/","title":{"rendered":"V\u0161eobecn\u00e9 informace"},"content":{"rendered":"<div class=\"vce-row-container\"><div class=\"vce-row vce-row--col-gap-0 vce-row-no-paddings vce-row-equal-height vce-row-content--top\" data-vce-full-width=\"true\" data-vce-stretch-content=\"true\" id=\"el-403efb1e\" data-vce-do-apply=\"all el-403efb1e\"><div class=\"vce-content-background-container\"><\/div><div class=\"vce-row-content\" data-vce-element-content=\"true\"><div class=\"vce-col vce-col--md-60p vce-col--xs-1 vce-col--xs-last vce-col--xs-first vce-col--sm-last vce-col--sm-first vce-col--md-last vce-col--lg-last vce-col--xl-last vce-col--md-first vce-col--lg-first vce-col--xl-first\" id=\"el-4e7acc9c\"><div class=\"vce-col-inner\" data-vce-do-apply=\"border margin background  el-4e7acc9c\"><div class=\"vce-col-content\" data-vce-element-content=\"true\" data-vce-do-apply=\"padding el-4e7acc9c\"><div class=\"vce-text-block\"><div class=\"vce-text-block-wrapper vce\" id=\"el-e33136ec\" data-vce-do-apply=\"all el-e33136ec\"><h1>GENERAL INFORMATION<\/h1><\/div><\/div><div class=\"vce-text-block\"><div class=\"vce-text-block-wrapper vce\" id=\"el-31d3fe5b\" data-vce-do-apply=\"all el-31d3fe5b\"><h2><span style=\"font-size: 36pt;\">GENERAL INFORMATION<\/span><\/h2><\/div><\/div><\/div><\/div><\/div><\/div><\/div><\/div><div class=\"vce-row-container\"><div class=\"vce-row vce-row--col-gap-0 vce-row-no-paddings vce-row-equal-height vce-row-content--top\" data-vce-full-width=\"true\" data-vce-stretch-content=\"true\" id=\"el-ac55a6cc\" data-vce-do-apply=\"all el-ac55a6cc\"><div class=\"vce-content-background-container\"><\/div><div class=\"vce-row-content\" data-vce-element-content=\"true\"><div class=\"vce-col vce-col--md-60p vce-col--xs-1 vce-col--xs-last vce-col--xs-first vce-col--sm-last vce-col--sm-first vce-col--md-last vce-col--lg-last vce-col--xl-last vce-col--md-first vce-col--lg-first vce-col--xl-first\" id=\"el-412ae1cd\"><div class=\"vce-col-inner\" data-vce-do-apply=\"border margin background  el-412ae1cd\"><div class=\"vce-col-content\" data-vce-element-content=\"true\" data-vce-do-apply=\"padding el-412ae1cd\"><div class=\"vce-text-block\"><div class=\"vce-text-block-wrapper vce\" id=\"el-eab05a9e\" data-vce-do-apply=\"all el-eab05a9e\"><h1>GENERAL INFORMATION<\/h1><\/div><\/div><div class=\"vce-text-block\"><div class=\"vce-text-block-wrapper vce\" id=\"el-50710196\" data-vce-do-apply=\"all el-50710196\"><h2><span style=\"font-size: 36pt;\">GENERAL INFORMATION<\/span><\/h2><\/div><\/div><\/div><\/div><\/div><\/div><\/div><\/div><div class=\"vce-row-container\"><div class=\"vce-row vce-row--col-gap-15 vce-row-no-paddings vce-row-equal-height vce-row-content--top\" data-vce-full-width=\"true\" data-vce-stretch-content=\"true\" id=\"el-293c53ba\" data-vce-do-apply=\"all el-293c53ba\"><div class=\"vce-content-background-container\"><\/div><div class=\"vce-row-content\" data-vce-element-content=\"true\"><div class=\"vce-col vce-col--md-50p vce-col--xs-1 vce-col--xs-last vce-col--xs-first vce-col--sm-last vce-col--sm-first vce-col--md-first vce-col--lg-first vce-col--xl-first\" id=\"el-cbebd1bc\"><div class=\"vce-col-inner\" data-vce-do-apply=\"border margin background  el-cbebd1bc\"><div class=\"vce-col-content\" data-vce-element-content=\"true\" data-vce-do-apply=\"padding el-cbebd1bc\"><div class=\"vce-simple-image-slider\" data-photoswipe-gallery=\"9452f529\" style=\"--backgroundPosition: center center; --pointerColor: #fff; --pointerColorHover: #fd9a00;\"><div class=\"vce-simple-image-slider-wrapper vce\" id=\"el-9452f529\" data-vce-do-apply=\"all el-9452f529\"><div class=\"vce-simple-image-slider-helper vce-simple-image-slider-aspect-ratio--16-9\"><div class=\"vce-simple-image-slider-list\" data-slick-autoplay=\"on\" data-slick-autoplay-delay=\"5000\" data-slick-effect=\"slideIn\" data-slick-dots=\"on\" data-slick-arrows=\"off\"><div class=\"slick-list\"><div class=\"slick-track\"><div class=\"vce-simple-image-slider-item vc-slick-item\" data-photoswipe-item=\"photoswipe-9452f529\"><a href=\"https:\/\/hotelzlatyandel.cz\/wp-content\/uploads\/2023\/06\/DSC02694_Nr28.jpg\" data-photoswipe-image=\"9452f529\" data-photoswipe-index=\"0\" style=\"background-image:url(https:\/\/hotelzlatyandel.cz\/wp-content\/uploads\/2023\/06\/DSC02694_Nr28.jpg)\" class=\"vce-simple-image-slider-img vce-simple-image-slider-img--scale\"><img decoding=\"async\" class=\"\" src=\"https:\/\/hotelzlatyandel.cz\/wp-content\/uploads\/2023\/06\/DSC02694_Nr28.jpg\" style=\"opacity:0\" alt=\"\"><\/a><\/div><div class=\"vce-simple-image-slider-item vc-slick-item\" data-photoswipe-item=\"photoswipe-9452f529\"><a href=\"https:\/\/hotelzlatyandel.cz\/wp-content\/uploads\/2023\/06\/DSC02298_Nr13.jpg\" data-photoswipe-image=\"9452f529\" data-photoswipe-index=\"1\" style=\"background-image:url(https:\/\/hotelzlatyandel.cz\/wp-content\/uploads\/2023\/06\/DSC02298_Nr13.jpg)\" class=\"vce-simple-image-slider-img vce-simple-image-slider-img--scale\"><img decoding=\"async\" class=\"\" src=\"https:\/\/hotelzlatyandel.cz\/wp-content\/uploads\/2023\/06\/DSC02298_Nr13.jpg\" style=\"opacity:0\" alt=\"\"><\/a><\/div><div class=\"vce-simple-image-slider-item vc-slick-item\" data-photoswipe-item=\"photoswipe-9452f529\"><a href=\"https:\/\/hotelzlatyandel.cz\/wp-content\/uploads\/2023\/05\/kavarna1.jpg\" data-photoswipe-image=\"9452f529\" data-photoswipe-index=\"2\" style=\"background-image:url(https:\/\/hotelzlatyandel.cz\/wp-content\/uploads\/2023\/05\/kavarna1.jpg)\" class=\"vce-simple-image-slider-img vce-simple-image-slider-img--scale\"><img decoding=\"async\" class=\"\" src=\"https:\/\/hotelzlatyandel.cz\/wp-content\/uploads\/2023\/05\/kavarna1.jpg\" style=\"opacity:0\" alt=\"\"><\/a><\/div><\/div><\/div><\/div><div class=\"vce-simple-image-slider-dots\"><\/div><\/div><\/div><\/div><\/div><\/div><\/div><div class=\"vce-col vce-col--md-50p vce-col--xs-1 vce-col--xs-last vce-col--xs-first vce-col--sm-last vce-col--sm-first vce-col--md-last vce-col--lg-last vce-col--xl-last\" id=\"el-a1cce788\"><div class=\"vce-col-inner\" data-vce-do-apply=\"border margin background  el-a1cce788\"><div class=\"vce-content-background-container\"><\/div><div class=\"vce-col-content\" data-vce-element-content=\"true\" data-vce-do-apply=\"padding el-a1cce788\"><div class=\"vce-text-block\"><div class=\"vce-text-block-wrapper vce\" id=\"el-e13755cf\" data-vce-do-apply=\"all el-e13755cf\"><p style=\"line-height: 2;\">\u2022 Check-In: <strong>3:00 p.m. - 07:00 p.m.<\/strong><br>\u2022 Check-Out: <strong>until 11:00 a.m<\/strong><br>\u2022 Late check-in \/ check-out according to availability<br>\u2022 Breakfast: <strong>8:00 a.m. - 10:00 a.m.<\/strong><br>\u2022 Rich warm and cold breakfast buffet included in room rate.<br>\u2022 All rooms are non-smoking rooms.<br>\u2022 Dogs are welcome: 500 CZK \/ dog \/ night<br>\u2022 Additional bed: 1 000 CZK \/ night<br>\u2022 Children`s bed: 300 CZK \/ night<br>\u2022 Local tax: 50 CZK \/ person \/ day<\/p><\/div><\/div><\/div><\/div><\/div><\/div><\/div><\/div><div class=\"vce-row-container\"><div class=\"vce-row vce-row--col-gap-0 vce-row-no-paddings vce-row-equal-height vce-row-content--top\" data-vce-full-width=\"true\" data-vce-stretch-content=\"true\" id=\"el-57c1ce43\" data-vce-do-apply=\"all el-57c1ce43\"><div class=\"vce-content-background-container\"><\/div><div class=\"vce-row-content\" data-vce-element-content=\"true\"><div class=\"vce-col vce-col--md-auto vce-col--xs-1 vce-col--xs-last vce-col--xs-first vce-col--sm-last vce-col--sm-first vce-col--md-last vce-col--lg-last vce-col--xl-last vce-col--md-first vce-col--lg-first vce-col--xl-first\" id=\"el-6e75a72b\"><div class=\"vce-col-inner\" data-vce-do-apply=\"border margin background  el-6e75a72b\"><div class=\"vce-col-content\" data-vce-element-content=\"true\" data-vce-do-apply=\"padding el-6e75a72b\"><div class=\"vce-text-block\"><div class=\"vce-text-block-wrapper vce\" id=\"el-028c37a7\" data-vce-do-apply=\"all el-028c37a7\"><h3>Parking &amp; Arrival<\/h3><p>To make your journey here as smooth as possible, we\u2019ve put together everything you need to know about getting here.<\/p><p><strong>Arrival by car<\/strong><em><br><\/em><\/p><p>As one of the few hotels in town, our hotel has its own car park right in the centre. (address: Lineck\u00e1 44, 381 01 \u010cesk\u00fd Krumlov). <br>GPS: 48\u00b048'32.399\"N, 14\u00b018'58.822\"E<\/p><p>Parking fee for hotel guests: 340 CZK \/ night\/ car. <strong>Parking lot available until noon on departure day.<\/strong><\/p><p>From here, our hotel shuttle will take you directly to the hotel. Please book the hotel taxi in advance. Booking via phone 00420 380 712 310.<\/p><p>Walking time: approx. 3 minutes.<\/p><\/div><\/div><\/div><\/div><\/div><\/div><\/div><\/div><div class=\"vce-row-container\"><div class=\"vce-row vce-row--col-gap-0 vce-row-no-paddings vce-row-equal-height vce-row-content--top\" data-vce-full-width=\"true\" data-vce-stretch-content=\"true\" id=\"el-2b54f72c\" data-vce-do-apply=\"all el-2b54f72c\"><div class=\"vce-content-background-container\"><\/div><div class=\"vce-row-content\" data-vce-element-content=\"true\"><div class=\"vce-col vce-col--md-auto vce-col--xs-1 vce-col--xs-last vce-col--xs-first vce-col--sm-last vce-col--sm-first vce-col--md-last vce-col--lg-last vce-col--xl-last vce-col--md-first vce-col--lg-first vce-col--xl-first\" id=\"el-7d7f6452\"><div class=\"vce-col-inner\" data-vce-do-apply=\"border margin background  el-7d7f6452\"><div class=\"vce-col-content\" data-vce-element-content=\"true\" data-vce-do-apply=\"padding el-7d7f6452\"><div class=\"vce-text-block\"><div class=\"vce-text-block-wrapper vce\" id=\"el-20e5f36b\" data-vce-do-apply=\"all el-20e5f36b\"><table><tbody><tr><td colspan=\"2\" width=\"604\"><h3><span style=\"font-size: 18pt;\"><span style=\"font-weight: bold; font-style: normal;\">CANCELLATION CONDITIONS<\/span> for groups (from 15 guests):<\/span><\/h3><\/td><\/tr><tr><td width=\"264\"><p>45 - 25 days before arrival<\/p><\/td><td width=\"340\"><p>10 % of price of reserved capacity<\/p><\/td><\/tr><tr><td width=\"264\"><p>24 - 15 days before arrival<\/p><\/td><td width=\"340\"><p>30 % of price of reserved capacity<\/p><\/td><\/tr><tr><td width=\"264\"><p>14 - 7 days before arrival<\/p><\/td><td width=\"340\"><p>60 % of price of reserved capacity<\/p><\/td><\/tr><tr><td width=\"264\"><p>7 - 0 days before arrival<\/p><\/td><td width=\"340\"><p>100 % of price of reserved capacity<\/p><\/td><\/tr><tr><td colspan=\"2\" width=\"604\">&nbsp;<\/td><\/tr><tr><td colspan=\"2\" width=\"604\"><h3><span style=\"font-size: 18pt;\"><span style=\"font-weight: bold; font-style: normal;\">CANCELLATION CONDITIONS <\/span>for individual guests:<\/span><\/h3><\/td><\/tr><tr><td width=\"264\"><p>7 - 0 days before arrival<\/p><\/td><td width=\"340\"><p>100 % of price of reserved capacity<\/p><\/td><\/tr><\/tbody><\/table><\/div><\/div><\/div><\/div><\/div><\/div><\/div><\/div>\n","protected":false},"excerpt":{"rendered":"<p>GENERAL INFORMATIONGENERAL INFORMATIONGENERAL INFORMATIONGENERAL INFORMATION\u2022 Check-In: 3:00 p.m. &#8211; 07:00 p.m.\u2022 Check-Out: until 11:00 a.m\u2022 Late check-in \/ check-out according to availability\u2022 Breakfast: 8:00 a.m. &#8211; 10:00 a.m.\u2022 Rich warm and cold breakfast buffet included in room rate.\u2022 All rooms are non-smoking rooms.\u2022 Dogs are welcome: 500 CZK \/ dog \/ night\u2022 Additional bed: 1 [&hellip;]<\/p>\n","protected":false},"author":1,"featured_media":0,"parent":0,"menu_order":0,"comment_status":"closed","ping_status":"closed","template":"","meta":{"footnotes":""},"class_list":["post-957","page","type-page","status-publish","hentry"],"_links":{"self":[{"href":"https:\/\/hotelzlatyandel.cz\/en\/wp-json\/wp\/v2\/pages\/957","targetHints":{"allow":["GET"]}}],"collection":[{"href":"https:\/\/hotelzlatyandel.cz\/en\/wp-json\/wp\/v2\/pages"}],"about":[{"href":"https:\/\/hotelzlatyandel.cz\/en\/wp-json\/wp\/v2\/types\/page"}],"author":[{"embeddable":true,"href":"https:\/\/hotelzlatyandel.cz\/en\/wp-json\/wp\/v2\/users\/1"}],"replies":[{"embeddable":true,"href":"https:\/\/hotelzlatyandel.cz\/en\/wp-json\/wp\/v2\/comments?post=957"}],"version-history":[{"count":0,"href":"https:\/\/hotelzlatyandel.cz\/en\/wp-json\/wp\/v2\/pages\/957\/revisions"}],"wp:attachment":[{"href":"https:\/\/hotelzlatyandel.cz\/en\/wp-json\/wp\/v2\/media?parent=957"}],"curies":[{"name":"wp","href":"https:\/\/api.w.org\/{rel}","templated":true}]}}