{"id":962,"date":"2023-05-28T14:40:51","date_gmt":"2023-05-28T12:40:51","guid":{"rendered":"http:\/\/www.hotelzlatyandel.cz\/?page_id=962"},"modified":"2026-01-23T10:55:24","modified_gmt":"2026-01-23T09:55:24","slug":"restaurant-don-julius","status":"publish","type":"page","link":"https:\/\/hotelzlatyandel.cz\/en\/restaurant-don-julius\/","title":{"rendered":"Restaurace Don Julius"},"content":{"rendered":"<div class=\"vce-row-container\"><div class=\"vce-row vce-row--has-col-background vce-element--xl--has-background vce-element--lg--has-background vce-element--md--has-background vce-element--sm--has-background vce-element--xs--has-background vce-row--col-gap-30 vce-row-equal-height vce-row-content--top\" data-vce-full-width=\"true\" id=\"el-7fc9dee3\" data-vce-do-apply=\"all el-7fc9dee3\"><div class=\"vce-content-background-container\"><\/div><div class=\"vce-row-content\" data-vce-element-content=\"true\"><div class=\"vce-col vce-element--has-background vce-col--md-auto vce-col--xs-1 vce-col--xs-last vce-col--xs-first vce-col--sm-last vce-col--sm-first vce-col--md-first vce-col--lg-first vce-col--xl-first\" id=\"el-e832e268\"><div class=\"vce-col-inner\" data-vce-do-apply=\"border margin background  el-e832e268\" data-vce-animate=\"vce-o-animate--\u017d\u00e1dn\u00fd\"><div class=\"vce-content-background-container\"><\/div><div class=\"vce-col-content\" data-vce-element-content=\"true\" data-vce-do-apply=\"padding el-e832e268\"><div class=\"vce-text-block\"><div class=\"vce-text-block-wrapper vce\" id=\"el-b5a1bd09\" data-vce-do-apply=\"all el-b5a1bd09\"><h1><span style=\"font-size: 56pt; font-style: normal;\">RESTAURANT DON JULIUS<\/span><\/h1><\/div><\/div><div class=\"vce-text-block\"><div class=\"vce-text-block-wrapper vce\" id=\"el-86d91f7e\" data-vce-do-apply=\"all el-86d91f7e\"><h2 style=\"line-height: 1;\"><span style=\"font-size: 56pt; font-style: normal;\"><span style=\"font-size: 24pt;\">RESTAURANT<\/span><\/span><\/h2>\n<h2 style=\"line-height: 1;\"><span style=\"font-size: 36pt; font-style: normal;\">DON JULIUS<\/span><\/h2><\/div><\/div><div class=\"vce-single-image-container vce-single-image--align-left\"><div class=\"vce vce-single-image-wrapper\" id=\"el-d19a6616\" data-vce-do-apply=\"all el-d19a6616\"><figure><div class=\"vce-single-image-figure-inner\" style=\"width: 1600px;\"><div class=\"vce-single-image-inner vce-single-image--absolute\" style=\"width: 100%; padding-bottom: 50%;\"><img decoding=\"async\" class=\"vce-single-image\" src=\"http:\/\/www.hotelzlatyandel.cz\/wp-content\/uploads\/2023\/05\/DSC00204.jpg\" data-img-src=\"http:\/\/www.hotelzlatyandel.cz\/wp-content\/uploads\/2023\/05\/DSC00204.jpg\" data-attachment-id=\"31\" alt=\"\" title=\"DSC00204\"><\/div><\/div><figcaption hidden=\"\"><\/figcaption><\/figure><\/div><\/div><\/div><\/div><\/div><div class=\"vce-col vce-col--md-16p vce-col--xs-1 vce-col--xs-last vce-col--xs-first vce-col--sm-last vce-col--sm-first vce-col--md-last vce-col--lg-last vce-col--xl-last\" id=\"el-98fc274d\"><div class=\"vce-col-inner\" data-vce-do-apply=\"border margin background  el-98fc274d\" data-vce-sticky-element=\"true\" data-vce-sticky-visibility=\"true\"><div class=\"vce-col-content\" data-vce-element-content=\"true\" data-vce-do-apply=\"padding el-98fc274d\"><div class=\"vcv-row-control-wrapper\"><\/div><\/div><\/div><\/div><\/div><\/div><\/div><div class=\"vce-row-container\"><div class=\"vce-row vce-row--col-gap-15 vce-row-equal-height vce-row-content--top\" data-vce-full-width=\"true\" id=\"el-f50b6601\" data-vce-do-apply=\"all el-f50b6601\"><div class=\"vce-content-background-container\"><\/div><div class=\"vce-row-content\" data-vce-element-content=\"true\"><div class=\"vce-col vce-col--md-48p vce-col--xs-1 vce-col--xs-last vce-col--xs-first vce-col--sm-last vce-col--sm-first vce-col--md-first vce-col--lg-first vce-col--xl-first\" id=\"el-dff5c898\"><div class=\"vce-col-inner\" data-vce-do-apply=\"border margin background  el-dff5c898\"><div class=\"vce-col-content\" data-vce-element-content=\"true\" data-vce-do-apply=\"padding el-dff5c898\"><div class=\"vce-text-block\"><div class=\"vce-text-block-wrapper vce\" id=\"el-7d0a6eab\" data-vce-do-apply=\"all el-7d0a6eab\"><p>This extraordinary restaurant in the town center, with its main entrance on K\u00e1jovska street, offers Czech and international cuisine, as well as an interior that will not fail to impress the guests with its originality and sense of humour.<\/p>\n<p>Our extra room, which is popular for smaller private celebrations, is decorated with a wall relief depicting the houses of the town`s main square.<\/p><\/div><\/div><\/div><\/div><\/div><div class=\"vce-col vce-col--md-31p vce-col--xs-1 vce-col--xs-last vce-col--xs-first vce-col--sm-last vce-col--sm-first\" id=\"el-085de14a\"><div class=\"vce-col-inner\" data-vce-do-apply=\"border margin background  el-085de14a\"><div class=\"vce-col-content\" data-vce-element-content=\"true\" data-vce-do-apply=\"padding el-085de14a\"><div class=\"vce-text-block\"><div class=\"vce-text-block-wrapper vce\" id=\"el-934d9fc7\" data-vce-do-apply=\"all el-934d9fc7\"><p>The indoor capacity of the restaurant is 100 seats. In the summer you can enjoy your meal on our terrace. In addition to our standard menu, our chefs prepare special offers not only for Christmas, Easter, St. Wenceslas or Valentine's Day, but also complement the menu with seasonal specialities such as asparagus, porcini mushrooms and chanterelles, blueberries, strawberries, etc.<\/p><\/div><\/div><div class=\"vce-single-image-container vce-single-image--align-center\"><div class=\"vce vce-single-image-wrapper\" id=\"el-903f23d4\" data-vce-do-apply=\"all el-903f23d4\"><figure><div class=\"vce-single-image-figure-inner\" style=\"width: 90px;\"><div class=\"vce-single-image-inner vce-single-image--absolute\" style=\"width: 100%; padding-bottom: 100%;\"><img loading=\"lazy\" decoding=\"async\" class=\"vce-single-image\"  width=\"90\" height=\"90\" src=\"https:\/\/www.hotelzlatyandel.cz\/wp-content\/uploads\/2023\/05\/3.png\" data-img-src=\"http:\/\/www.hotelzlatyandel.cz\/wp-content\/uploads\/2023\/05\/3.png\" data-attachment-id=\"48\"  alt=\"\" title=\"3\" \/><\/div><\/div><figcaption hidden=\"\"><\/figcaption><\/figure><\/div><\/div><div class=\"vce-text-block\"><div class=\"vce-text-block-wrapper vce\" id=\"el-0c95b113\" data-vce-do-apply=\"all el-0c95b113\"><p style=\"text-align: center;\"><span style=\"color: #dba95b;\"><span style=\"font-size: 18pt;\">11:00 - 22:00<\/span><br><\/span><\/p><\/div><\/div><\/div><\/div><\/div><div class=\"vce-col vce-col--md-21p vce-col--xs-1 vce-col--xs-last vce-col--xs-first vce-col--sm-last vce-col--sm-first vce-col--md-last vce-col--lg-last vce-col--xl-last\" id=\"el-8e0caf5c\"><div class=\"vce-col-inner\" data-vce-do-apply=\"border margin background  el-8e0caf5c\"><div class=\"vce-col-content\" data-vce-element-content=\"true\" data-vce-do-apply=\"padding el-8e0caf5c\"><div class=\"vce-single-image-container vce-single-image--align-center\"><div class=\"vce vce-single-image-wrapper\" id=\"el-80cd4927\" data-vce-do-apply=\"all el-80cd4927\"><figure><div class=\"vce-single-image-figure-inner\" style=\"width: 154px;\"><div class=\"vce-single-image-inner vce-single-image--absolute\" style=\"width: 100%; padding-bottom: 64.9351%;\"><img loading=\"lazy\" decoding=\"async\" class=\"vce-single-image\"  width=\"154\" height=\"100\" src=\"https:\/\/www.hotelzlatyandel.cz\/wp-content\/uploads\/2023\/05\/lidi1.png\" data-img-src=\"http:\/\/www.hotelzlatyandel.cz\/wp-content\/uploads\/2023\/05\/lidi1.png\" data-attachment-id=\"54\"  alt=\"\" title=\"lidi1\" \/><\/div><\/div><figcaption hidden=\"\"><\/figcaption><\/figure><\/div><\/div><div class=\"vce-text-block\"><div class=\"vce-text-block-wrapper vce\" id=\"el-6e700c7e\" data-vce-do-apply=\"all el-6e700c7e\"><p style=\"text-align: center;\"><span style=\"color: #dba95b;\"><span style=\"font-size: 18pt;\">100 guests<\/span><\/span><\/p><\/div><\/div><\/div><\/div><\/div><\/div><\/div><\/div><div class=\"vce-row-container\"><div class=\"vce-row vce-row--col-gap-15 vce-row-equal-height vce-row-content--middle\" data-vce-full-width=\"true\" id=\"el-3fd50c1b\" data-vce-do-apply=\"all el-3fd50c1b\"><div class=\"vce-content-background-container\"><\/div><div class=\"vce-row-content\" data-vce-element-content=\"true\"><div class=\"vce-col vce-col--md-auto vce-col--xs-1 vce-col--xs-last vce-col--xs-first vce-col--sm-last vce-col--sm-first vce-col--md-first vce-col--lg-first vce-col--xl-first\" id=\"el-d5461bee\"><div class=\"vce-col-inner\" data-vce-do-apply=\"border margin background  el-d5461bee\"><div class=\"vce-col-content\" data-vce-element-content=\"true\" data-vce-do-apply=\"padding el-d5461bee\"><div class=\"vce-empty-space-container\" id=\"el-7115a946\" data-vce-do-apply=\"margin el-7115a946\" style=\"--heightxs: 50px; --heightsm: 50px; --heightmd: 50px; --heightlg: 50px; --heightxl: 50px;\"><div class=\"vce vce-empty-space\" data-vce-do-apply=\"border padding background  el-7115a946\"><\/div><\/div><div class=\"vce-button--style-basic-container vce-button--style-basic-container--align-center\"><span class=\"vce-button--style-basic-wrapper vce\" id=\"el-3bfac2d7\" data-vce-do-apply=\"margin el-3bfac2d7\"><a class=\"vce-button vce-button--style-basic vce-button--style-basic--border-square vce-button--style-basic--size-medium vce-button--style-basic--color-b-231-180-96--fff\" href=\"https:\/\/don-julius.cz\/en\" title=\"\" target=\"_blank\" data-vce-do-apply=\"padding border background  el-3bfac2d7\" data-vce-animate=\"vce-o-animate--zoomIn-sm vce-o-animate--zoomIn-xs\" data-vce-animate-delay=\"vce-o-animate-delay--0-sm vce-o-animate-delay--0-xs\">Click here to get to our Don Julius website<\/a><\/span><\/div><div class=\"vce-button--style-basic-container vce-button--style-basic-container--align-center\"><span class=\"vce-button--style-basic-wrapper vce\" id=\"el-e43d3ff8\" data-vce-do-apply=\"margin el-e43d3ff8\"><a class=\"vce-button vce-button--style-basic vce-button--style-basic--border-square vce-button--style-basic--size-medium vce-button--style-basic--color-b-231-180-96--fff\" href=\"https:\/\/www.hotelzlatyandel.cz\/wp-content\/uploads\/2025\/01\/Group-Offers-2025.pdf\" title=\"\" data-vce-do-apply=\"padding border background  el-e43d3ff8\">Group menus<\/a><\/span><\/div><\/div><\/div><\/div><div class=\"vce-col vce-col--md-48p vce-col--xs-1 vce-col--xs-last vce-col--xs-first vce-col--sm-last vce-col--sm-first vce-col--md-last vce-col--lg-last vce-col--xl-last\" id=\"el-4b22eeb5\"><div class=\"vce-col-inner\" data-vce-do-apply=\"border margin background  el-4b22eeb5\"><div class=\"vce-col-content\" data-vce-element-content=\"true\" data-vce-do-apply=\"padding el-4b22eeb5\"><div class=\"vcv-row-control-wrapper\"><\/div><\/div><\/div><\/div><\/div><\/div><\/div><div class=\"vce-row-container\"><div class=\"vce-row vce-row--col-gap-15 vce-row-equal-height vce-row-content--top\" data-vce-full-width=\"true\" id=\"el-f93085d1\" data-vce-do-apply=\"all el-f93085d1\"><div class=\"vce-content-background-container\"><\/div><div class=\"vce-row-content\" data-vce-element-content=\"true\"><div class=\"vce-col vce-col--md-48p vce-col--xs-1 vce-col--xs-last vce-col--xs-first vce-col--sm-last vce-col--sm-first vce-col--md-first vce-col--lg-first vce-col--xl-first\" id=\"el-8e97f112\"><div class=\"vce-col-inner\" data-vce-do-apply=\"border margin background  el-8e97f112\"><div class=\"vce-col-content\" data-vce-element-content=\"true\" data-vce-do-apply=\"padding el-8e97f112\"><div class=\"vce-text-block\"><div class=\"vce-text-block-wrapper vce\" id=\"el-42d32d10\" data-vce-do-apply=\"all el-42d32d10\"><p>This extraordinary restaurant in the town center, with its main entrance on K\u00e1jovska street, offers Czech and international cuisine, as well as an interior that will not fail to impress the guests with its originality and sense of humour.<\/p>\n<p>Our extra room, which is popular for smaller private celebrations, is decorated with a wall relief depicting the houses of the town`s main square.<\/p><\/div><\/div><\/div><\/div><\/div><div class=\"vce-col vce-col--md-31p vce-col--xs-1 vce-col--xs-last vce-col--xs-first vce-col--sm-last vce-col--sm-first\" id=\"el-f5a8db0a\"><div class=\"vce-col-inner\" data-vce-do-apply=\"border margin background  el-f5a8db0a\"><div class=\"vce-col-content\" data-vce-element-content=\"true\" data-vce-do-apply=\"padding el-f5a8db0a\"><div class=\"vce-single-image-container vce-single-image--align-center\"><div class=\"vce vce-single-image-wrapper\" id=\"el-cd25cc37\" data-vce-do-apply=\"all el-cd25cc37\"><figure><div class=\"vce-single-image-figure-inner\" style=\"width: 100px;\"><div class=\"vce-single-image-inner vce-single-image--absolute\" style=\"width: 100%; padding-bottom: 100%;\"><img loading=\"lazy\" decoding=\"async\" class=\"vce-single-image\"  width=\"100\" height=\"100\" src=\"https:\/\/www.hotelzlatyandel.cz\/wp-content\/uploads\/2023\/05\/3.png\" data-img-src=\"http:\/\/www.hotelzlatyandel.cz\/wp-content\/uploads\/2023\/05\/3.png\" data-attachment-id=\"48\"  alt=\"\" title=\"3\" \/><\/div><\/div><figcaption hidden=\"\"><\/figcaption><\/figure><\/div><\/div><div class=\"vce-text-block\"><div class=\"vce-text-block-wrapper vce\" id=\"el-15ad7132\" data-vce-do-apply=\"all el-15ad7132\"><p style=\"text-align: center;\"><span style=\"color: #dba95b;\"><span style=\"font-size: 18pt;\">11:00 - 22:00<\/span><br><\/span><\/p><\/div><\/div><\/div><\/div><\/div><div class=\"vce-col vce-col--md-21p vce-col--xs-1 vce-col--xs-last vce-col--xs-first vce-col--sm-last vce-col--sm-first vce-col--md-last vce-col--lg-last vce-col--xl-last\" id=\"el-a111f603\"><div class=\"vce-col-inner\" data-vce-do-apply=\"border margin background  el-a111f603\"><div class=\"vce-col-content\" data-vce-element-content=\"true\" data-vce-do-apply=\"padding el-a111f603\"><div class=\"vce-single-image-container vce-single-image--align-center\"><div class=\"vce vce-single-image-wrapper\" id=\"el-1a4e1e79\" data-vce-do-apply=\"all el-1a4e1e79\"><figure><div class=\"vce-single-image-figure-inner\" style=\"width: 154px;\"><div class=\"vce-single-image-inner vce-single-image--absolute\" style=\"width: 100%; padding-bottom: 64.9351%;\"><img loading=\"lazy\" decoding=\"async\" class=\"vce-single-image\"  width=\"154\" height=\"100\" src=\"https:\/\/www.hotelzlatyandel.cz\/wp-content\/uploads\/2023\/05\/lidi1.png\" data-img-src=\"http:\/\/www.hotelzlatyandel.cz\/wp-content\/uploads\/2023\/05\/lidi1.png\" data-attachment-id=\"54\"  alt=\"\" title=\"lidi1\" \/><\/div><\/div><figcaption hidden=\"\"><\/figcaption><\/figure><\/div><\/div><div class=\"vce-text-block\"><div class=\"vce-text-block-wrapper vce\" id=\"el-332b0291\" data-vce-do-apply=\"all el-332b0291\"><p style=\"text-align: center;\"><span style=\"color: #dba95b;\"><span style=\"font-size: 18pt;\">100 guests<\/span><\/span><\/p><\/div><\/div><\/div><\/div><\/div><\/div><\/div><\/div><div class=\"vce-row-container\"><div class=\"vce-row vce-row--col-gap-15 vce-row-equal-height vce-row-content--top\" data-vce-full-width=\"true\" id=\"el-edf4f5c9\" data-vce-do-apply=\"all el-edf4f5c9\"><div class=\"vce-content-background-container\"><\/div><div class=\"vce-row-content\" data-vce-element-content=\"true\"><div class=\"vce-col vce-col--md-48p vce-col--xs-1 vce-col--xs-last vce-col--xs-first vce-col--sm-last vce-col--sm-first vce-col--md-first vce-col--lg-first vce-col--xl-first\" id=\"el-d7efade5\"><div class=\"vce-col-inner\" data-vce-do-apply=\"border margin background  el-d7efade5\"><div class=\"vce-col-content\" data-vce-element-content=\"true\" data-vce-do-apply=\"padding el-d7efade5\"><div class=\"vce-text-block\"><div class=\"vce-text-block-wrapper vce\" id=\"el-a34a3c02\" data-vce-do-apply=\"all el-a34a3c02\"><p>The indoor capacity of the restaurant is 100 seats. In the summer you can enjoy your meal on our terrace. In addition to our standard menu, our chefs prepare special offers not only for Christmas, Easter, St. Wenceslas or Valentine's Day, but also complement the menu with seasonal specialities such as asparagus, porcini mushrooms and chanterelles, blueberries, strawberries, etc.<\/p><\/div><\/div><\/div><\/div><\/div><div class=\"vce-col vce-col--md-auto vce-col--xs-1 vce-col--xs-last vce-col--xs-first vce-col--sm-last vce-col--sm-first vce-col--md-last vce-col--lg-last vce-col--xl-last\" id=\"el-11b74e53\"><div class=\"vce-col-inner\" data-vce-do-apply=\"border margin background  el-11b74e53\"><div class=\"vce-col-content\" data-vce-element-content=\"true\" data-vce-do-apply=\"padding el-11b74e53\"><div class=\"vce-button--style-basic-container vce-button--style-basic-container--align-center\"><span class=\"vce-button--style-basic-wrapper vce\" id=\"el-d59b8a97\" data-vce-do-apply=\"margin el-d59b8a97\"><a class=\"vce-button vce-button--style-basic vce-button--style-basic--border-square vce-button--style-basic--size-medium vce-button--style-basic--color-b-231-180-96--fff\" href=\"https:\/\/don-julius.cz\/en\" title=\"\" target=\"_blank\" data-vce-do-apply=\"padding border background  el-d59b8a97\" data-vce-animate=\"vce-o-animate--zoomIn\" data-vce-animate-delay=\"vce-o-animate-delay--0\">Click here to get to our Don Julius website<\/a><\/span><\/div><div class=\"vce-empty-space-container\" id=\"el-f128adae\" data-vce-do-apply=\"margin el-f128adae\" style=\"--heightxs: 50px; --heightsm: 50px; --heightmd: 50px; --heightlg: 50px; --heightxl: 50px;\"><div class=\"vce vce-empty-space\" data-vce-do-apply=\"border padding background  el-f128adae\"><\/div><\/div><div class=\"vce-button--style-basic-container vce-button--style-basic-container--align-center\"><span class=\"vce-button--style-basic-wrapper vce\" id=\"el-0f94850d\" data-vce-do-apply=\"margin el-0f94850d\"><a class=\"vce-button vce-button--style-basic vce-button--style-basic--border-square vce-button--style-basic--size-medium vce-button--style-basic--color-b-231-180-96--fff\" href=\"https:\/\/hotelzlatyandel.cz\/wp-content\/uploads\/2026\/01\/Offers-for-groups-2026.pdf\" title=\"Group menus\" data-vce-do-apply=\"padding border background  el-0f94850d\" target=\"_blank\">Group menus<\/a><\/span><\/div><div class=\"vce-button--style-basic-container vce-button--style-basic-container--align-center\"><span class=\"vce-button--style-basic-wrapper vce\" id=\"el-978fa6ca\" data-vce-do-apply=\"margin el-978fa6ca\"><a class=\"vce-button vce-button--style-basic vce-button--style-basic--border-square vce-button--style-basic--size-medium vce-button--style-basic--color-b-231-180-96--fff\" href=\"https:\/\/www.hotelzlatyandel.cz\/wp-content\/uploads\/2025\/01\/Gruppenmenus-2025.pdf\" title=\"\" data-vce-do-apply=\"padding border background  el-978fa6ca\">Gruppenmen\u00fcs<\/a><\/span><\/div><\/div><\/div><\/div><\/div><\/div><\/div><div class=\"vce-row-container\"><div class=\"vce-row vce-row--col-gap-30 vce-row-equal-height vce-row-content--top\" data-vce-full-width=\"true\" id=\"el-aa2b43e8\" data-vce-do-apply=\"all el-aa2b43e8\"><div class=\"vce-content-background-container\"><\/div><div class=\"vce-row-content\" data-vce-element-content=\"true\"><div class=\"vce-col vce-col--md-auto vce-col--xs-1 vce-col--xs-last vce-col--xs-first vce-col--sm-last vce-col--sm-first vce-col--md-last vce-col--lg-last vce-col--xl-last vce-col--md-first vce-col--lg-first vce-col--xl-first\" id=\"el-03a4def7\"><div class=\"vce-col-inner\" data-vce-do-apply=\"border margin background  el-03a4def7\"><div class=\"vce-col-content\" data-vce-element-content=\"true\" data-vce-do-apply=\"padding el-03a4def7\"><div class=\"vce-image-gallery-with-scaleup vce-image-gallery-with-scaleup--gap-10 vce-image-gallery-with-scaleup--columns-3\"><div class=\"vce vce-image-gallery-with-scaleup-wrapper\" id=\"el-eb06c4d2\" data-vce-do-apply=\"all el-eb06c4d2\"><div class=\"vce-image-gallery-with-scaleup-list\"><div class=\"vce-image-gallery-with-scaleup-item\"><div class=\"vce-image-gallery-with-scaleup-item-inner-wrapper\"><a href=\"http:\/\/www.hotelzlatyandel.cz\/wp-content\/uploads\/2023\/05\/don1.jpg\" data-lightbox=\"lightbox-eb06c4d2\" class=\"vce-image-gallery-with-scaleup-item-inner\"><img decoding=\"async\" class=\"vce-image-gallery-with-scaleup-img\" src=\"http:\/\/www.hotelzlatyandel.cz\/wp-content\/uploads\/2023\/05\/don1-1024x683.jpg\" alt=\"\" title=\"don1\"><\/a><\/div><\/div><div class=\"vce-image-gallery-with-scaleup-item\"><div class=\"vce-image-gallery-with-scaleup-item-inner-wrapper\"><a href=\"http:\/\/www.hotelzlatyandel.cz\/wp-content\/uploads\/2023\/05\/don2.jpg\" data-lightbox=\"lightbox-eb06c4d2\" class=\"vce-image-gallery-with-scaleup-item-inner\"><img decoding=\"async\" class=\"vce-image-gallery-with-scaleup-img\" src=\"http:\/\/www.hotelzlatyandel.cz\/wp-content\/uploads\/2023\/05\/don2-1024x683.jpg\" alt=\"\" title=\"don2\"><\/a><\/div><\/div><div class=\"vce-image-gallery-with-scaleup-item\"><div class=\"vce-image-gallery-with-scaleup-item-inner-wrapper\"><a href=\"http:\/\/www.hotelzlatyandel.cz\/wp-content\/uploads\/2023\/05\/don3.jpg\" data-lightbox=\"lightbox-eb06c4d2\" class=\"vce-image-gallery-with-scaleup-item-inner\"><img decoding=\"async\" class=\"vce-image-gallery-with-scaleup-img\" src=\"http:\/\/www.hotelzlatyandel.cz\/wp-content\/uploads\/2023\/05\/don3-1024x683.jpg\" alt=\"\" title=\"don3\"><\/a><\/div><\/div><div class=\"vce-image-gallery-with-scaleup-item\"><div class=\"vce-image-gallery-with-scaleup-item-inner-wrapper\"><a href=\"http:\/\/www.hotelzlatyandel.cz\/wp-content\/uploads\/2023\/07\/Don-Julius-3.jpg\" data-lightbox=\"lightbox-eb06c4d2\" class=\"vce-image-gallery-with-scaleup-item-inner\"><img decoding=\"async\" class=\"vce-image-gallery-with-scaleup-img\" src=\"http:\/\/www.hotelzlatyandel.cz\/wp-content\/uploads\/2023\/07\/Don-Julius-3-1024x819.jpg\" alt=\"\" title=\"Don Julius 3\"><\/a><\/div><\/div><div class=\"vce-image-gallery-with-scaleup-item\"><div class=\"vce-image-gallery-with-scaleup-item-inner-wrapper\"><a href=\"http:\/\/www.hotelzlatyandel.cz\/wp-content\/uploads\/2023\/07\/Don-Julius-4.jpg\" data-lightbox=\"lightbox-eb06c4d2\" class=\"vce-image-gallery-with-scaleup-item-inner\"><img decoding=\"async\" class=\"vce-image-gallery-with-scaleup-img\" src=\"http:\/\/www.hotelzlatyandel.cz\/wp-content\/uploads\/2023\/07\/Don-Julius-4-1024x819.jpg\" alt=\"\" title=\"Don Julius 4\"><\/a><\/div><\/div><div class=\"vce-image-gallery-with-scaleup-item\"><div class=\"vce-image-gallery-with-scaleup-item-inner-wrapper\"><a href=\"http:\/\/www.hotelzlatyandel.cz\/wp-content\/uploads\/2023\/07\/Don-Julius-5.jpg\" data-lightbox=\"lightbox-eb06c4d2\" class=\"vce-image-gallery-with-scaleup-item-inner\"><img decoding=\"async\" class=\"vce-image-gallery-with-scaleup-img\" src=\"http:\/\/www.hotelzlatyandel.cz\/wp-content\/uploads\/2023\/07\/Don-Julius-5-1024x683.jpg\" alt=\"\" title=\"Don Julius 5\"><\/a><\/div><\/div><\/div><\/div><\/div><\/div><\/div><\/div><\/div><\/div><\/div>","protected":false},"excerpt":{"rendered":"<p>RESTAURANT DON JULIUSRESTAURANT DON JULIUSThis extraordinary restaurant in the town center, with its main entrance on K\u00e1jovska street, offers Czech and international cuisine, as well as an interior that will not fail to impress the guests with its originality and sense of humour. Our extra room, which is popular for smaller private celebrations, is decorated [&hellip;]<\/p>\n","protected":false},"author":1,"featured_media":0,"parent":0,"menu_order":0,"comment_status":"closed","ping_status":"closed","template":"","meta":{"footnotes":""},"class_list":["post-962","page","type-page","status-publish","hentry"],"_links":{"self":[{"href":"https:\/\/hotelzlatyandel.cz\/en\/wp-json\/wp\/v2\/pages\/962","targetHints":{"allow":["GET"]}}],"collection":[{"href":"https:\/\/hotelzlatyandel.cz\/en\/wp-json\/wp\/v2\/pages"}],"about":[{"href":"https:\/\/hotelzlatyandel.cz\/en\/wp-json\/wp\/v2\/types\/page"}],"author":[{"embeddable":true,"href":"https:\/\/hotelzlatyandel.cz\/en\/wp-json\/wp\/v2\/users\/1"}],"replies":[{"embeddable":true,"href":"https:\/\/hotelzlatyandel.cz\/en\/wp-json\/wp\/v2\/comments?post=962"}],"version-history":[{"count":2,"href":"https:\/\/hotelzlatyandel.cz\/en\/wp-json\/wp\/v2\/pages\/962\/revisions"}],"predecessor-version":[{"id":4511,"href":"https:\/\/hotelzlatyandel.cz\/en\/wp-json\/wp\/v2\/pages\/962\/revisions\/4511"}],"wp:attachment":[{"href":"https:\/\/hotelzlatyandel.cz\/en\/wp-json\/wp\/v2\/media?parent=962"}],"curies":[{"name":"wp","href":"https:\/\/api.w.org\/{rel}","templated":true}]}}