{"id":968,"date":"2023-05-28T16:50:34","date_gmt":"2023-05-28T14:50:34","guid":{"rendered":"http:\/\/www.hotelzlatyandel.cz\/?page_id=968"},"modified":"2025-10-13T11:17:53","modified_gmt":"2025-10-13T09:17:53","slug":"music-cocktail-bar-cesky-krumlov","status":"publish","type":"page","link":"https:\/\/hotelzlatyandel.cz\/en\/music-cocktail-bar-cesky-krumlov\/","title":{"rendered":"Music &amp; Cocktail bar \u010cesk\u00fd Krumlov"},"content":{"rendered":"<div class=\"vce-row-container\"><div class=\"vce-row vce-row--has-col-background vce-element--xl--has-background vce-element--lg--has-background vce-element--md--has-background vce-element--sm--has-background vce-element--xs--has-background vce-row--col-gap-30 vce-row-equal-height vce-row-content--top\" data-vce-full-width=\"true\" id=\"el-f437aaf6\" data-vce-do-apply=\"all el-f437aaf6\"><div class=\"vce-content-background-container\"><\/div><div class=\"vce-row-content\" data-vce-element-content=\"true\"><div class=\"vce-col vce-element--has-background vce-col--md-auto vce-col--xs-1 vce-col--xs-last vce-col--xs-first vce-col--sm-last vce-col--sm-first vce-col--md-first vce-col--lg-first vce-col--xl-first\" id=\"el-8ea8024c\"><div class=\"vce-col-inner\" data-vce-do-apply=\"border margin background  el-8ea8024c\" data-vce-animate=\"vce-o-animate--\u017d\u00e1dn\u00fd\"><div class=\"vce-content-background-container\"><\/div><div class=\"vce-col-content\" data-vce-element-content=\"true\" data-vce-do-apply=\"padding el-8ea8024c\"><div class=\"vce-text-block\"><div class=\"vce-text-block-wrapper vce\" id=\"el-d516e1c0\" data-vce-do-apply=\"all el-d516e1c0\"><h1><span style=\"font-size: 56pt;\">MUSIC &amp; COCKTAIL BAR<\/span><\/h1><\/div><\/div><div class=\"vce-text-block\"><div class=\"vce-text-block-wrapper vce\" id=\"el-24351180\" data-vce-do-apply=\"all el-24351180\"><h2 style=\"line-height: 1;\"><span style=\"font-size: 24pt;\">MUSIC &amp; COCKTAIL<\/span><\/h2>\n<h2 style=\"line-height: 1;\"><span style=\"font-size: 42pt;\">BAR<\/span><\/h2><\/div><\/div><div class=\"vce-single-image-container vce-single-image--align-left\"><div class=\"vce vce-single-image-wrapper\" id=\"el-0a25401f\" data-vce-do-apply=\"all el-0a25401f\"><figure><div class=\"vce-single-image-figure-inner\" style=\"width: 2048px;\"><div class=\"vce-single-image-inner vce-single-image--absolute\" style=\"width: 100%; padding-bottom: 79.9805%;\"><img decoding=\"async\" class=\"vce-single-image\" src=\"https:\/\/hotelzlatyandel.cz\/wp-content\/uploads\/2025\/10\/DSC07324.jpg\" data-img-src=\"https:\/\/hotelzlatyandel.cz\/wp-content\/uploads\/2025\/10\/DSC07324.jpg\" data-attachment-id=\"3580\" alt=\"\" title=\"DSC07324\"><\/div><\/div><figcaption hidden=\"\"><\/figcaption><\/figure><\/div><\/div><\/div><\/div><\/div><div class=\"vce-col vce-col--md-16p vce-col--xs-1 vce-col--xs-last vce-col--xs-first vce-col--sm-last vce-col--sm-first vce-col--md-last vce-col--lg-last vce-col--xl-last\" id=\"el-93c53c9d\"><div class=\"vce-col-inner\" data-vce-do-apply=\"border margin background  el-93c53c9d\" data-vce-sticky-element=\"true\" data-vce-sticky-visibility=\"true\"><div class=\"vce-col-content\" data-vce-element-content=\"true\" data-vce-do-apply=\"padding el-93c53c9d\"><div class=\"vcv-row-control-wrapper\"><\/div><\/div><\/div><\/div><\/div><\/div><\/div><div class=\"vce-row-container\"><div class=\"vce-row vce-row--col-gap-15 vce-row-equal-height vce-row-content--top\" data-vce-full-width=\"true\" id=\"el-21d799ef\" data-vce-do-apply=\"all el-21d799ef\"><div class=\"vce-content-background-container\"><\/div><div class=\"vce-row-content\" data-vce-element-content=\"true\"><div class=\"vce-col vce-col--md-48p vce-col--xs-1 vce-col--xs-last vce-col--xs-first vce-col--sm-last vce-col--sm-first vce-col--md-first vce-col--lg-first vce-col--xl-first\" id=\"el-a8f5e6a5\"><div class=\"vce-col-inner\" data-vce-do-apply=\"border margin background  el-a8f5e6a5\"><div class=\"vce-col-content\" data-vce-element-content=\"true\" data-vce-do-apply=\"padding el-a8f5e6a5\"><div class=\"vce-text-block\"><div class=\"vce-text-block-wrapper vce\" id=\"el-d6bfdfcb\" data-vce-do-apply=\"all el-d6bfdfcb\"><p>In the Music &amp; Cocktail Bar you can choose from a wide range of alcoholic and non-alcoholic cocktails, domestic and foreign wines, and a large selection of rum or whisky. With a total of 95 seats, its own dance floor and extra rooms, our bar is a real hotspot of the local night scene.<\/p><\/div><\/div><\/div><\/div><\/div><div class=\"vce-col vce-col--md-26p vce-col--xs-1 vce-col--xs-last vce-col--xs-first vce-col--sm-last vce-col--sm-first\" id=\"el-01b75f1b\"><div class=\"vce-col-inner\" data-vce-do-apply=\"border margin background  el-01b75f1b\"><div class=\"vce-col-content\" data-vce-element-content=\"true\" data-vce-do-apply=\"padding el-01b75f1b\"><div class=\"vce-single-image-container vce-single-image--align-center\"><div class=\"vce vce-single-image-wrapper\" id=\"el-53525e2a\" data-vce-do-apply=\"all el-53525e2a\"><figure><div class=\"vce-single-image-figure-inner\" style=\"width: 100px;\"><div class=\"vce-single-image-inner vce-single-image--absolute\" style=\"width: 100%; padding-bottom: 100%;\"><img loading=\"lazy\" decoding=\"async\" class=\"vce-single-image\"  width=\"100\" height=\"100\" srcset=\"https:\/\/hotelzlatyandel.cz\/wp-content\/uploads\/2025\/10\/3-100x100.png 100w\" src=\"https:\/\/hotelzlatyandel.cz\/wp-content\/uploads\/2025\/10\/3-100x100.png\" data-img-src=\"https:\/\/hotelzlatyandel.cz\/wp-content\/uploads\/2023\/05\/3.png\" data-attachment-id=\"48\"  alt=\"\" title=\"3\" \/><\/div><\/div><figcaption hidden=\"\"><\/figcaption><\/figure><\/div><\/div><div class=\"vce-text-block\"><div class=\"vce-text-block-wrapper vce\" id=\"el-55587e67\" data-vce-do-apply=\"all el-55587e67\"><p style=\"text-align: center;\"><span style=\"color: #dba95b;\"><span style=\"font-size: 18pt;\">18:30 - 03:00<\/span><br><\/span><\/p><\/div><\/div><\/div><\/div><\/div><div class=\"vce-col vce-col--md-26p vce-col--xs-1 vce-col--xs-last vce-col--xs-first vce-col--sm-last vce-col--sm-first vce-col--md-last vce-col--lg-last vce-col--xl-last\" id=\"el-988a134b\"><div class=\"vce-col-inner\" data-vce-do-apply=\"border margin background  el-988a134b\"><div class=\"vce-col-content\" data-vce-element-content=\"true\" data-vce-do-apply=\"padding el-988a134b\"><div class=\"vce-single-image-container vce-single-image--align-center\"><div class=\"vce vce-single-image-wrapper\" id=\"el-ca6d9306\" data-vce-do-apply=\"all el-ca6d9306\"><figure><div class=\"vce-single-image-figure-inner\" style=\"width: 154px;\"><div class=\"vce-single-image-inner vce-single-image--absolute\" style=\"width: 100%; padding-bottom: 64.9351%;\"><img loading=\"lazy\" decoding=\"async\" class=\"vce-single-image\"  width=\"154\" height=\"100\" srcset=\"https:\/\/hotelzlatyandel.cz\/wp-content\/uploads\/2023\/05\/lidi1-320x208.png 320w, https:\/\/hotelzlatyandel.cz\/wp-content\/uploads\/2025\/10\/lidi1-480x312.png 480w, https:\/\/hotelzlatyandel.cz\/wp-content\/uploads\/2025\/10\/lidi1-800x519.png 800w, https:\/\/hotelzlatyandel.cz\/wp-content\/uploads\/2025\/10\/lidi1-154x100.png 154w, https:\/\/hotelzlatyandel.cz\/wp-content\/uploads\/2025\/10\/lidi1-308x200.png 2x\" src=\"https:\/\/hotelzlatyandel.cz\/wp-content\/uploads\/2025\/10\/lidi1-154x100.png\" data-img-src=\"https:\/\/hotelzlatyandel.cz\/wp-content\/uploads\/2023\/05\/lidi1.png\" data-attachment-id=\"54\"  alt=\"\" title=\"lidi1\" \/><\/div><\/div><figcaption hidden=\"\"><\/figcaption><\/figure><\/div><\/div><div class=\"vce-text-block\"><div class=\"vce-text-block-wrapper vce\" id=\"el-a318c9f1\" data-vce-do-apply=\"all el-a318c9f1\"><p style=\"text-align: center;\"><span style=\"color: #dba95b;\"><span style=\"font-size: 18pt;\">95 guests<\/span><br><\/span><\/p><\/div><\/div><\/div><\/div><\/div><\/div><\/div><\/div><div class=\"vce-row-container\"><div class=\"vce-row vce-row--col-gap-30 vce-row-equal-height vce-row-content--top\" data-vce-full-width=\"true\" id=\"el-aa2b43e8\" data-vce-do-apply=\"all el-aa2b43e8\"><div class=\"vce-content-background-container\"><\/div><div class=\"vce-row-content\" data-vce-element-content=\"true\"><div class=\"vce-col vce-col--md-auto vce-col--xs-1 vce-col--xs-last vce-col--xs-first vce-col--sm-last vce-col--sm-first vce-col--md-last vce-col--lg-last vce-col--xl-last vce-col--md-first vce-col--lg-first vce-col--xl-first\" id=\"el-03a4def7\"><div class=\"vce-col-inner\" data-vce-do-apply=\"border margin background  el-03a4def7\"><div class=\"vce-col-content\" data-vce-element-content=\"true\" data-vce-do-apply=\"padding el-03a4def7\"><div class=\"vce-yt-video-player vce-yt-video-player--align-center vce-yt-video-player--size-560x315\"><div class=\"vce vce-yt-video-player-wrapper\" id=\"el-fb54d0fe\" style=\"width: 560px;\" data-vce-do-apply=\"all el-fb54d0fe\"><div class=\"vce-yt-video-player-inner\"><iframe loading=\"lazy\" class=\"vce-yt-video-player-iframe\" src=\"https:\/\/www.youtube.com\/embed\/aocdDYgt5iM?autoplay=0&amp;mute=0&amp;color=red&amp;controls=1&amp;loop=0&amp;rel=0&amp;start=0&amp;cc_load_policy=0&amp;iv_load_policy=3&amp;enablejsapi=1\" allowfullscreen=\"\" title=\"YouTube video\" width=\"640\" height=\"390\"><\/iframe><\/div><\/div><\/div><div class=\"vce-image-gallery-with-scaleup vce-image-gallery-with-scaleup--gap-10 vce-image-gallery-with-scaleup--columns-3\"><div class=\"vce vce-image-gallery-with-scaleup-wrapper\" id=\"el-eb06c4d2\" data-vce-do-apply=\"all el-eb06c4d2\"><div class=\"vce-image-gallery-with-scaleup-list\"><div class=\"vce-image-gallery-with-scaleup-item\"><div class=\"vce-image-gallery-with-scaleup-item-inner-wrapper\"><a href=\"https:\/\/hotelzlatyandel.cz\/wp-content\/uploads\/2023\/07\/Bar-2.jpg\" data-lightbox=\"lightbox-eb06c4d2\" class=\"vce-image-gallery-with-scaleup-item-inner\"><img decoding=\"async\" class=\"vce-image-gallery-with-scaleup-img vce-image-gallery-with-scaleup-img--orientation-portrait\" src=\"https:\/\/hotelzlatyandel.cz\/wp-content\/uploads\/2023\/07\/Bar-2-819x1024.jpg\" alt=\"\" title=\"Bar 2\"><\/a><\/div><\/div><div class=\"vce-image-gallery-with-scaleup-item\"><div class=\"vce-image-gallery-with-scaleup-item-inner-wrapper\"><a href=\"https:\/\/hotelzlatyandel.cz\/wp-content\/uploads\/2025\/10\/DSC07309.jpg\" data-lightbox=\"lightbox-eb06c4d2\" class=\"vce-image-gallery-with-scaleup-item-inner\"><img decoding=\"async\" class=\"vce-image-gallery-with-scaleup-img vce-image-gallery-with-scaleup-img--orientation-portrait\" src=\"https:\/\/hotelzlatyandel.cz\/wp-content\/uploads\/2025\/10\/DSC07309-819x1024.jpg\" alt=\"\" title=\"DSC07309\"><\/a><\/div><\/div><div class=\"vce-image-gallery-with-scaleup-item\"><div class=\"vce-image-gallery-with-scaleup-item-inner-wrapper\"><a href=\"https:\/\/hotelzlatyandel.cz\/wp-content\/uploads\/2023\/07\/Bar-3.jpg\" data-lightbox=\"lightbox-eb06c4d2\" class=\"vce-image-gallery-with-scaleup-item-inner\"><img decoding=\"async\" class=\"vce-image-gallery-with-scaleup-img vce-image-gallery-with-scaleup-img--orientation-portrait\" src=\"https:\/\/hotelzlatyandel.cz\/wp-content\/uploads\/2023\/07\/Bar-3-819x1024.jpg\" alt=\"\" title=\"Bar 3\"><\/a><\/div><\/div><\/div><\/div><\/div><\/div><\/div><\/div><\/div><\/div><\/div>","protected":false},"excerpt":{"rendered":"<p>MUSIC &amp; COCKTAIL BARMUSIC &amp; COCKTAIL BARIn the Music &amp; Cocktail Bar you can choose from a wide range of alcoholic and non-alcoholic cocktails, domestic and foreign wines, and a large selection of rum or whisky. With a total of 95 seats, its own dance floor and extra rooms, our bar is a real hotspot [&hellip;]<\/p>\n","protected":false},"author":1,"featured_media":0,"parent":0,"menu_order":0,"comment_status":"closed","ping_status":"closed","template":"","meta":{"footnotes":""},"class_list":["post-968","page","type-page","status-publish","hentry"],"_links":{"self":[{"href":"https:\/\/hotelzlatyandel.cz\/en\/wp-json\/wp\/v2\/pages\/968","targetHints":{"allow":["GET"]}}],"collection":[{"href":"https:\/\/hotelzlatyandel.cz\/en\/wp-json\/wp\/v2\/pages"}],"about":[{"href":"https:\/\/hotelzlatyandel.cz\/en\/wp-json\/wp\/v2\/types\/page"}],"author":[{"embeddable":true,"href":"https:\/\/hotelzlatyandel.cz\/en\/wp-json\/wp\/v2\/users\/1"}],"replies":[{"embeddable":true,"href":"https:\/\/hotelzlatyandel.cz\/en\/wp-json\/wp\/v2\/comments?post=968"}],"version-history":[{"count":0,"href":"https:\/\/hotelzlatyandel.cz\/en\/wp-json\/wp\/v2\/pages\/968\/revisions"}],"wp:attachment":[{"href":"https:\/\/hotelzlatyandel.cz\/en\/wp-json\/wp\/v2\/media?parent=968"}],"curies":[{"name":"wp","href":"https:\/\/api.w.org\/{rel}","templated":true}]}}