{"id":972,"date":"2023-05-28T16:34:38","date_gmt":"2023-05-28T14:34:38","guid":{"rendered":"http:\/\/www.hotelzlatyandel.cz\/?page_id=972"},"modified":"2025-09-25T13:26:04","modified_gmt":"2025-09-25T11:26:04","slug":"cafe-zlaty-andel","status":"publish","type":"page","link":"https:\/\/hotelzlatyandel.cz\/en\/cafe-zlaty-andel\/","title":{"rendered":"Kav\u00e1rna Zlat\u00fd and\u011bl"},"content":{"rendered":"<div class=\"vce-row-container\"><div class=\"vce-row vce-row--has-col-background vce-element--xl--has-background vce-element--lg--has-background vce-element--md--has-background vce-element--sm--has-background vce-element--xs--has-background vce-row--col-gap-30 vce-row-equal-height vce-row-content--top\" data-vce-full-width=\"true\" id=\"el-b4dfbc61\" data-vce-do-apply=\"all el-b4dfbc61\"><div class=\"vce-content-background-container\"><\/div><div class=\"vce-row-content\" data-vce-element-content=\"true\"><div class=\"vce-col vce-element--has-background vce-col--md-auto vce-col--xs-1 vce-col--xs-last vce-col--xs-first vce-col--sm-last vce-col--sm-first vce-col--md-first vce-col--lg-first vce-col--xl-first\" id=\"el-debad6a6\"><div class=\"vce-col-inner\" data-vce-do-apply=\"border margin background  el-debad6a6\" data-vce-animate=\"vce-o-animate--\u017d\u00e1dn\u00fd\"><div class=\"vce-content-background-container\"><\/div><div class=\"vce-col-content\" data-vce-element-content=\"true\" data-vce-do-apply=\"padding el-debad6a6\"><div class=\"vce-text-block\"><div class=\"vce-text-block-wrapper vce\" id=\"el-df271488\" data-vce-do-apply=\"all el-df271488\"><h1><span style=\"font-size: 56pt;\">CAFE ZLAT\u00dd AND\u011aL<\/span><\/h1><\/div><\/div><div class=\"vce-text-block\"><div class=\"vce-text-block-wrapper vce\" id=\"el-1a8f9274\" data-vce-do-apply=\"all el-1a8f9274\"><h2 style=\"line-height: 1;\"><span style=\"font-size: 56pt;\"><span style=\"font-size: 24pt;\">CAFE<\/span> <\/span><\/h2>\n<h2 style=\"line-height: 1;\"><span style=\"font-size: 36pt;\">ZLAT\u00dd AND\u011aL<\/span><\/h2><\/div><\/div><div class=\"vce-single-image-container vce-single-image--align-left\"><div class=\"vce vce-single-image-wrapper\" id=\"el-0a25401f\" data-vce-do-apply=\"all el-0a25401f\"><figure><div class=\"vce-single-image-figure-inner\" style=\"width: 1600px;\"><div class=\"vce-single-image-inner vce-single-image--absolute\" style=\"width: 100%; padding-bottom: 80%;\"><img decoding=\"async\" class=\"vce-single-image\" src=\"https:\/\/hotelzlatyandel.cz\/wp-content\/uploads\/2023\/08\/Kavarna.jpg\" data-img-src=\"https:\/\/hotelzlatyandel.cz\/wp-content\/uploads\/2023\/08\/Kavarna.jpg\" data-attachment-id=\"1419\" alt=\"\" title=\"Kavarna\"><\/div><\/div><figcaption hidden=\"\"><\/figcaption><\/figure><\/div><\/div><\/div><\/div><\/div><div class=\"vce-col vce-col--md-16p vce-col--xs-1 vce-col--xs-last vce-col--xs-first vce-col--sm-last vce-col--sm-first vce-col--md-last vce-col--lg-last vce-col--xl-last\" id=\"el-e3051e99\"><div class=\"vce-col-inner\" data-vce-do-apply=\"border margin background  el-e3051e99\" data-vce-sticky-element=\"true\" data-vce-sticky-visibility=\"true\"><div class=\"vce-col-content\" data-vce-element-content=\"true\" data-vce-do-apply=\"padding el-e3051e99\"><div class=\"vcv-row-control-wrapper\"><\/div><\/div><\/div><\/div><\/div><\/div><\/div><div class=\"vce-row-container\"><div class=\"vce-row vce-row--col-gap-20 vce-row-equal-height vce-row-content--top\" data-vce-full-width=\"true\" id=\"el-0dd38592\" data-vce-do-apply=\"all el-0dd38592\"><div class=\"vce-content-background-container\"><\/div><div class=\"vce-row-content\" data-vce-element-content=\"true\"><div class=\"vce-col vce-col--md-auto vce-col--xs-1 vce-col--xs-last vce-col--xs-first vce-col--sm-last vce-col--sm-first vce-col--md-first vce-col--lg-first vce-col--xl-first\" id=\"el-d65d1087\"><div class=\"vce-col-inner\" data-vce-do-apply=\"border margin background  el-d65d1087\"><div class=\"vce-col-content\" data-vce-element-content=\"true\" data-vce-do-apply=\"padding el-d65d1087\"><div class=\"vce-text-block\"><div class=\"vce-text-block-wrapper vce\" id=\"el-d6bfdfcb\" data-vce-do-apply=\"all el-d6bfdfcb\"><p>Our caf\u00e9 with its own terrace directly on the city`s main square offers a superb view of the castle tower and the Renaissance town hall. Enjoy first-class coffee specialities, Bohemian pastries and desserts. You are also welcome to have lunch or dinner here - our menu with Czech and international cuisine delights every taste.<\/p><\/div><\/div><\/div><\/div><\/div><div class=\"vce-col vce-col--md-auto vce-col--xs-1 vce-col--xs-last vce-col--xs-first vce-col--sm-last vce-col--sm-first vce-col--md-last vce-col--lg-last vce-col--xl-last\" id=\"el-a88ffe31\"><div class=\"vce-col-inner\" data-vce-do-apply=\"border margin background  el-a88ffe31\"><div class=\"vce-col-content\" data-vce-element-content=\"true\" data-vce-do-apply=\"padding el-a88ffe31\"><div class=\"vce-single-image-container vce-single-image--align-center\"><div class=\"vce vce-single-image-wrapper\" id=\"el-310df7fb\" data-vce-do-apply=\"all el-310df7fb\"><figure><div class=\"vce-single-image-figure-inner\" style=\"width: 95px;\"><div class=\"vce-single-image-inner vce-single-image--absolute\" style=\"width: 100%; padding-bottom: 100%;\"><img loading=\"lazy\" decoding=\"async\" class=\"vce-single-image\"  width=\"95\" height=\"95\" srcset=\"https:\/\/hotelzlatyandel.cz\/wp-content\/uploads\/2025\/09\/3-95x95.png 95w\" src=\"https:\/\/hotelzlatyandel.cz\/wp-content\/uploads\/2025\/09\/3-95x95.png\" data-img-src=\"https:\/\/hotelzlatyandel.cz\/wp-content\/uploads\/2023\/05\/3.png\" data-attachment-id=\"48\"  alt=\"\" title=\"3\" \/><\/div><\/div><figcaption hidden=\"\"><\/figcaption><\/figure><\/div><\/div><div class=\"vce-text-block\"><div class=\"vce-text-block-wrapper vce\" id=\"el-55587e67\" data-vce-do-apply=\"all el-55587e67\"><p style=\"text-align: center;\"><span style=\"color: #dba95b;\"><span style=\"font-size: 18pt;\">10:00 - 22:00<\/span><br><\/span><\/p><\/div><\/div><\/div><\/div><\/div><\/div><\/div><\/div><div class=\"vce-row-container\"><div class=\"vce-row vce-row--col-gap-30 vce-row-equal-height vce-row-content--top\" data-vce-full-width=\"true\" id=\"el-aa2b43e8\" data-vce-do-apply=\"all el-aa2b43e8\"><div class=\"vce-content-background-container\"><\/div><div class=\"vce-row-content\" data-vce-element-content=\"true\"><div class=\"vce-col vce-col--md-auto vce-col--xs-1 vce-col--xs-last vce-col--xs-first vce-col--sm-last vce-col--sm-first vce-col--md-last vce-col--lg-last vce-col--xl-last vce-col--md-first vce-col--lg-first vce-col--xl-first\" id=\"el-03a4def7\"><div class=\"vce-col-inner\" data-vce-do-apply=\"border margin background  el-03a4def7\"><div class=\"vce-col-content\" data-vce-element-content=\"true\" data-vce-do-apply=\"padding el-03a4def7\"><div class=\"vce-image-gallery-with-scaleup vce-image-gallery-with-scaleup--gap-10 vce-image-gallery-with-scaleup--columns-3\"><div class=\"vce vce-image-gallery-with-scaleup-wrapper\" id=\"el-eb06c4d2\" data-vce-do-apply=\"all el-eb06c4d2\"><div class=\"vce-image-gallery-with-scaleup-list\"><div class=\"vce-image-gallery-with-scaleup-item\"><div class=\"vce-image-gallery-with-scaleup-item-inner-wrapper\"><a href=\"https:\/\/hotelzlatyandel.cz\/wp-content\/uploads\/2023\/05\/kavarna1.jpg\" data-lightbox=\"lightbox-eb06c4d2\" class=\"vce-image-gallery-with-scaleup-item-inner\"><img decoding=\"async\" class=\"vce-image-gallery-with-scaleup-img\" src=\"https:\/\/hotelzlatyandel.cz\/wp-content\/uploads\/2023\/05\/kavarna1-1024x683.jpg\" alt=\"\" title=\"kavarna1\"><\/a><\/div><\/div><div class=\"vce-image-gallery-with-scaleup-item\"><div class=\"vce-image-gallery-with-scaleup-item-inner-wrapper\"><a href=\"https:\/\/hotelzlatyandel.cz\/wp-content\/uploads\/2023\/05\/kavarna2.jpg\" data-lightbox=\"lightbox-eb06c4d2\" class=\"vce-image-gallery-with-scaleup-item-inner\"><img decoding=\"async\" class=\"vce-image-gallery-with-scaleup-img\" src=\"https:\/\/hotelzlatyandel.cz\/wp-content\/uploads\/2023\/05\/kavarna2-1024x683.jpg\" alt=\"\" title=\"kavarna2\"><\/a><\/div><\/div><div class=\"vce-image-gallery-with-scaleup-item\"><div class=\"vce-image-gallery-with-scaleup-item-inner-wrapper\"><a href=\"https:\/\/hotelzlatyandel.cz\/wp-content\/uploads\/2023\/05\/kavarna3.jpg\" data-lightbox=\"lightbox-eb06c4d2\" class=\"vce-image-gallery-with-scaleup-item-inner\"><img decoding=\"async\" class=\"vce-image-gallery-with-scaleup-img\" src=\"https:\/\/hotelzlatyandel.cz\/wp-content\/uploads\/2023\/05\/kavarna3-1024x683.jpg\" alt=\"\" title=\"kavarna3\"><\/a><\/div><\/div><\/div><\/div><\/div><\/div><\/div><\/div><\/div><\/div><\/div>","protected":false},"excerpt":{"rendered":"<p>CAFE ZLAT\u00dd AND\u011aLCAFE ZLAT\u00dd AND\u011aLOur caf\u00e9 with its own terrace directly on the city`s main square offers a superb view of the castle tower and the Renaissance town hall. Enjoy first-class coffee specialities, Bohemian pastries and desserts. You are also welcome to have lunch or dinner here &#8211; our menu with Czech and international cuisine [&hellip;]<\/p>\n","protected":false},"author":1,"featured_media":0,"parent":0,"menu_order":0,"comment_status":"closed","ping_status":"closed","template":"","meta":{"footnotes":""},"class_list":["post-972","page","type-page","status-publish","hentry"],"_links":{"self":[{"href":"https:\/\/hotelzlatyandel.cz\/en\/wp-json\/wp\/v2\/pages\/972","targetHints":{"allow":["GET"]}}],"collection":[{"href":"https:\/\/hotelzlatyandel.cz\/en\/wp-json\/wp\/v2\/pages"}],"about":[{"href":"https:\/\/hotelzlatyandel.cz\/en\/wp-json\/wp\/v2\/types\/page"}],"author":[{"embeddable":true,"href":"https:\/\/hotelzlatyandel.cz\/en\/wp-json\/wp\/v2\/users\/1"}],"replies":[{"embeddable":true,"href":"https:\/\/hotelzlatyandel.cz\/en\/wp-json\/wp\/v2\/comments?post=972"}],"version-history":[{"count":0,"href":"https:\/\/hotelzlatyandel.cz\/en\/wp-json\/wp\/v2\/pages\/972\/revisions"}],"wp:attachment":[{"href":"https:\/\/hotelzlatyandel.cz\/en\/wp-json\/wp\/v2\/media?parent=972"}],"curies":[{"name":"wp","href":"https:\/\/api.w.org\/{rel}","templated":true}]}}