{"id":976,"date":"2023-05-28T17:08:38","date_gmt":"2023-05-28T15:08:38","guid":{"rendered":"http:\/\/www.hotelzlatyandel.cz\/?page_id=976"},"modified":"2026-01-23T10:57:39","modified_gmt":"2026-01-23T09:57:39","slug":"restaurant-petr-vok","status":"publish","type":"page","link":"https:\/\/hotelzlatyandel.cz\/en\/restaurant-petr-vok\/","title":{"rendered":"Restaurace Petr Vok"},"content":{"rendered":"<div class=\"vce-row-container\"><div class=\"vce-row vce-row--has-col-background vce-element--xl--has-background vce-element--lg--has-background vce-element--md--has-background vce-element--sm--has-background vce-element--xs--has-background vce-row--col-gap-30 vce-row-equal-height vce-row-content--top\" data-vce-full-width=\"true\" id=\"el-6dcdc1ff\" data-vce-do-apply=\"all el-6dcdc1ff\"><div class=\"vce-content-background-container\"><\/div><div class=\"vce-row-content\" data-vce-element-content=\"true\"><div class=\"vce-col vce-element--has-background vce-col--md-auto vce-col--xs-1 vce-col--xs-last vce-col--xs-first vce-col--sm-last vce-col--sm-first vce-col--md-first vce-col--lg-first vce-col--xl-first\" id=\"el-b16cc597\"><div class=\"vce-col-inner\" data-vce-do-apply=\"border margin background  el-b16cc597\" data-vce-animate=\"vce-o-animate--\u017d\u00e1dn\u00fd\"><div class=\"vce-content-background-container\"><\/div><div class=\"vce-col-content\" data-vce-element-content=\"true\" data-vce-do-apply=\"padding el-b16cc597\"><div class=\"vce-text-block\"><div class=\"vce-text-block-wrapper vce\" id=\"el-9f475103\" data-vce-do-apply=\"all el-9f475103\"><h1><span style=\"font-size: 56pt;\">RESTAURANT PETR VOK<\/span><\/h1><\/div><\/div><div class=\"vce-text-block\"><div class=\"vce-text-block-wrapper vce\" id=\"el-1e682315\" data-vce-do-apply=\"all el-1e682315\"><h2 style=\"line-height: 1;\"><span style=\"font-size: 24pt;\">RESTAURANT<\/span><\/h2>\n<h2 style=\"line-height: 1;\"><span style=\"font-size: 36pt;\">PETR VOK<\/span><\/h2><\/div><\/div><div class=\"vce-single-image-container vce-single-image--align-left\"><div class=\"vce vce-single-image-wrapper\" id=\"el-4e99faec\" data-vce-do-apply=\"all el-4e99faec\"><figure><div class=\"vce-single-image-figure-inner\" style=\"width: 1920px;\"><div class=\"vce-single-image-inner vce-single-image--absolute\" style=\"width: 100%; padding-bottom: 61.3021%;\"><img decoding=\"async\" class=\"vce-single-image\" src=\"http:\/\/www.hotelzlatyandel.cz\/wp-content\/uploads\/2023\/08\/Petr-Vok.jpg\" data-img-src=\"http:\/\/www.hotelzlatyandel.cz\/wp-content\/uploads\/2023\/08\/Petr-Vok.jpg\" data-attachment-id=\"1271\" alt=\"\" title=\"Petr-Vok\"><\/div><\/div><figcaption hidden=\"\"><\/figcaption><\/figure><\/div><\/div><\/div><\/div><\/div><div class=\"vce-col vce-col--md-16p vce-col--xs-1 vce-col--xs-last vce-col--xs-first vce-col--sm-last vce-col--sm-first vce-col--md-last vce-col--lg-last vce-col--xl-last\" id=\"el-e618a093\"><div class=\"vce-col-inner\" data-vce-do-apply=\"border margin background  el-e618a093\" data-vce-sticky-element=\"true\" data-vce-sticky-visibility=\"true\"><div class=\"vce-col-content\" data-vce-element-content=\"true\" data-vce-do-apply=\"padding el-e618a093\"><div class=\"vcv-row-control-wrapper\"><\/div><\/div><\/div><\/div><\/div><\/div><\/div><div class=\"vce-row-container\"><div class=\"vce-row vce-row--col-gap-20 vce-row-equal-height vce-row-content--top\" data-vce-full-width=\"true\" id=\"el-3e60f4b2\" data-vce-do-apply=\"all el-3e60f4b2\"><div class=\"vce-content-background-container\"><\/div><div class=\"vce-row-content\" data-vce-element-content=\"true\"><div class=\"vce-col vce-col--md-auto vce-col--xs-1 vce-col--xs-last vce-col--xs-first vce-col--sm-last vce-col--sm-first vce-col--md-first vce-col--lg-first vce-col--xl-first\" id=\"el-eca8c567\"><div class=\"vce-col-inner\" data-vce-do-apply=\"border margin background  el-eca8c567\"><div class=\"vce-col-content\" data-vce-element-content=\"true\" data-vce-do-apply=\"padding el-eca8c567\"><div class=\"vce-text-block\"><div class=\"vce-text-block-wrapper vce\" id=\"el-d6bfdfcb\" data-vce-do-apply=\"all el-d6bfdfcb\"><p>Unique and stylishly furnished restaurant with original wooden ceiling and beautiful view of the main square and the castle tower. Petr Vok is used for events such as weddings, family celebrations or company parties.<\/p>\n<p>We will be happy to prepare a festive lunch, dinner, banquet or a buffet for you. The restaurant can seat up to 120 people and is <strong>only open for events booked in advance.<\/strong><\/p><\/div><\/div><\/div><\/div><\/div><div class=\"vce-col vce-col--md-auto vce-col--xs-1 vce-col--xs-last vce-col--xs-first vce-col--sm-last vce-col--sm-first vce-col--md-last vce-col--lg-last vce-col--xl-last\" id=\"el-961d5fc7\"><div class=\"vce-col-inner\" data-vce-do-apply=\"border margin background  el-961d5fc7\"><div class=\"vce-col-content\" data-vce-element-content=\"true\" data-vce-do-apply=\"padding el-961d5fc7\"><div class=\"vce-single-image-container vce-single-image--align-center\"><div class=\"vce vce-single-image-wrapper\" id=\"el-06f344bc\" data-vce-do-apply=\"all el-06f344bc\"><figure><div class=\"vce-single-image-figure-inner\" style=\"width: 154px;\"><div class=\"vce-single-image-inner vce-single-image--absolute\" style=\"width: 100%; padding-bottom: 64.9351%;\"><img loading=\"lazy\" decoding=\"async\" class=\"vce-single-image\"  width=\"154\" height=\"100\" src=\"https:\/\/www.hotelzlatyandel.cz\/wp-content\/uploads\/2023\/05\/lidi1.png\" data-img-src=\"http:\/\/www.hotelzlatyandel.cz\/wp-content\/uploads\/2023\/05\/lidi1.png\" data-attachment-id=\"54\"  alt=\"\" title=\"lidi1\" \/><\/div><\/div><figcaption hidden=\"\"><\/figcaption><\/figure><\/div><\/div><div class=\"vce-text-block\"><div class=\"vce-text-block-wrapper vce\" id=\"el-a318c9f1\" data-vce-do-apply=\"all el-a318c9f1\"><p style=\"text-align: center;\"><span style=\"color: #dba95b;\"><span style=\"font-size: 18pt;\">120 seats<\/span><br><\/span><\/p><\/div><\/div><div class=\"vce-button--style-basic-container vce-button--style-basic-container--align-center\"><span class=\"vce-button--style-basic-wrapper vce\" id=\"el-b527c463\" data-vce-do-apply=\"margin el-b527c463\"><a class=\"vce-button vce-button--style-basic vce-button--style-basic--border-square vce-button--style-basic--size-medium vce-button--style-basic--color-b-231-180-96--fff\" href=\"https:\/\/hotelzlatyandel.cz\/wp-content\/uploads\/2026\/01\/Offers-for-groups-2026.pdf\" title=\"\" target=\"_blank\" data-vce-do-apply=\"padding border background  el-b527c463\">Offer for groups<\/a><\/span><\/div><\/div><\/div><\/div><\/div><\/div><\/div><div class=\"vce-row-container\"><div class=\"vce-row vce-row--col-gap-30 vce-row-equal-height vce-row-content--top\" data-vce-full-width=\"true\" id=\"el-aa2b43e8\" data-vce-do-apply=\"all el-aa2b43e8\"><div class=\"vce-content-background-container\"><\/div><div class=\"vce-row-content\" data-vce-element-content=\"true\"><div class=\"vce-col vce-col--md-auto vce-col--xs-1 vce-col--xs-last vce-col--xs-first vce-col--sm-last vce-col--sm-first vce-col--md-last vce-col--lg-last vce-col--xl-last vce-col--md-first vce-col--lg-first vce-col--xl-first\" id=\"el-03a4def7\"><div class=\"vce-col-inner\" data-vce-do-apply=\"border margin background  el-03a4def7\"><div class=\"vce-col-content\" data-vce-element-content=\"true\" data-vce-do-apply=\"padding el-03a4def7\"><div class=\"vce-image-gallery-with-scaleup vce-image-gallery-with-scaleup--gap-10 vce-image-gallery-with-scaleup--columns-3\"><div class=\"vce vce-image-gallery-with-scaleup-wrapper\" id=\"el-eb06c4d2\" data-vce-do-apply=\"all el-eb06c4d2\"><div class=\"vce-image-gallery-with-scaleup-list\"><div class=\"vce-image-gallery-with-scaleup-item\"><div class=\"vce-image-gallery-with-scaleup-item-inner-wrapper\"><a href=\"http:\/\/www.hotelzlatyandel.cz\/wp-content\/uploads\/2023\/05\/rest.jpg\" data-lightbox=\"lightbox-eb06c4d2\" class=\"vce-image-gallery-with-scaleup-item-inner\"><img decoding=\"async\" class=\"vce-image-gallery-with-scaleup-img\" src=\"http:\/\/www.hotelzlatyandel.cz\/wp-content\/uploads\/2023\/05\/rest-1024x681.jpg\" alt=\"\" title=\"rest\"><\/a><\/div><\/div><div class=\"vce-image-gallery-with-scaleup-item\"><div class=\"vce-image-gallery-with-scaleup-item-inner-wrapper\"><a href=\"http:\/\/www.hotelzlatyandel.cz\/wp-content\/uploads\/2023\/05\/rest1.jpg\" data-lightbox=\"lightbox-eb06c4d2\" class=\"vce-image-gallery-with-scaleup-item-inner\"><img decoding=\"async\" class=\"vce-image-gallery-with-scaleup-img\" src=\"http:\/\/www.hotelzlatyandel.cz\/wp-content\/uploads\/2023\/05\/rest1-1024x681.jpg\" alt=\"\" title=\"rest1\"><\/a><\/div><\/div><div class=\"vce-image-gallery-with-scaleup-item\"><div class=\"vce-image-gallery-with-scaleup-item-inner-wrapper\"><a href=\"http:\/\/www.hotelzlatyandel.cz\/wp-content\/uploads\/2023\/05\/rest2.jpg\" data-lightbox=\"lightbox-eb06c4d2\" class=\"vce-image-gallery-with-scaleup-item-inner\"><img decoding=\"async\" class=\"vce-image-gallery-with-scaleup-img\" src=\"http:\/\/www.hotelzlatyandel.cz\/wp-content\/uploads\/2023\/05\/rest2-1024x843.jpg\" alt=\"\" title=\"rest2\"><\/a><\/div><\/div><\/div><\/div><\/div><\/div><\/div><\/div><\/div><\/div><\/div>","protected":false},"excerpt":{"rendered":"<p>RESTAURANT PETR VOKRESTAURANT PETR VOKUnique and stylishly furnished restaurant with original wooden ceiling and beautiful view of the main square and the castle tower. Petr Vok is used for events such as weddings, family celebrations or company parties. We will be happy to prepare a festive lunch, dinner, banquet or a buffet for you. The [&hellip;]<\/p>\n","protected":false},"author":1,"featured_media":0,"parent":0,"menu_order":0,"comment_status":"closed","ping_status":"closed","template":"","meta":{"footnotes":""},"class_list":["post-976","page","type-page","status-publish","hentry"],"_links":{"self":[{"href":"https:\/\/hotelzlatyandel.cz\/en\/wp-json\/wp\/v2\/pages\/976","targetHints":{"allow":["GET"]}}],"collection":[{"href":"https:\/\/hotelzlatyandel.cz\/en\/wp-json\/wp\/v2\/pages"}],"about":[{"href":"https:\/\/hotelzlatyandel.cz\/en\/wp-json\/wp\/v2\/types\/page"}],"author":[{"embeddable":true,"href":"https:\/\/hotelzlatyandel.cz\/en\/wp-json\/wp\/v2\/users\/1"}],"replies":[{"embeddable":true,"href":"https:\/\/hotelzlatyandel.cz\/en\/wp-json\/wp\/v2\/comments?post=976"}],"version-history":[{"count":1,"href":"https:\/\/hotelzlatyandel.cz\/en\/wp-json\/wp\/v2\/pages\/976\/revisions"}],"predecessor-version":[{"id":4514,"href":"https:\/\/hotelzlatyandel.cz\/en\/wp-json\/wp\/v2\/pages\/976\/revisions\/4514"}],"wp:attachment":[{"href":"https:\/\/hotelzlatyandel.cz\/en\/wp-json\/wp\/v2\/media?parent=976"}],"curies":[{"name":"wp","href":"https:\/\/api.w.org\/{rel}","templated":true}]}}