{"id":980,"date":"2023-07-02T18:10:09","date_gmt":"2023-07-02T16:10:09","guid":{"rendered":"http:\/\/www.hotelzlatyandel.cz\/?page_id=980"},"modified":"2025-09-24T17:12:13","modified_gmt":"2025-09-24T15:12:13","slug":"events-cesky-krumlov","status":"publish","type":"page","link":"https:\/\/hotelzlatyandel.cz\/en\/events-cesky-krumlov\/","title":{"rendered":"Firemn\u00ed akce \u010cesk\u00fd Krumlov"},"content":{"rendered":"<div class=\"vce-row-container\"><div class=\"vce-row vce-row--has-col-background vce-element--xl--has-background vce-element--lg--has-background vce-element--md--has-background vce-element--sm--has-background vce-element--xs--has-background vce-row--col-gap-30 vce-row-equal-height vce-row-content--top\" data-vce-full-width=\"true\" id=\"el-bf581cfa\" data-vce-do-apply=\"all el-bf581cfa\"><div class=\"vce-content-background-container\"><\/div><div class=\"vce-row-content\" data-vce-element-content=\"true\"><div class=\"vce-col vce-element--has-background vce-col--md-auto vce-col--xs-1 vce-col--xs-last vce-col--xs-first vce-col--sm-last vce-col--sm-first vce-col--md-first vce-col--lg-first vce-col--xl-first\" id=\"el-d9d52ad7\"><div class=\"vce-col-inner\" data-vce-do-apply=\"border margin background  el-d9d52ad7\" data-vce-animate=\"vce-o-animate--\u017d\u00e1dn\u00fd\"><div class=\"vce-content-background-container\"><\/div><div class=\"vce-col-content\" data-vce-element-content=\"true\" data-vce-do-apply=\"padding el-d9d52ad7\"><div class=\"vce-text-block\"><div class=\"vce-text-block-wrapper vce\" id=\"el-fd3c8738\" data-vce-do-apply=\"all el-fd3c8738\"><h1><span style=\"font-size: 56pt;\">EVENTS &amp; PARTIES<\/span><\/h1><\/div><\/div><div class=\"vce-text-block\"><div class=\"vce-text-block-wrapper vce\" id=\"el-f51b5641\" data-vce-do-apply=\"all el-f51b5641\"><h2><span style=\"font-size: 36pt;\">EVENTS &amp; PARTIES<\/span><\/h2><\/div><\/div><\/div><\/div><\/div><div class=\"vce-col vce-col--md-16p vce-col--xs-1 vce-col--xs-last vce-col--xs-first vce-col--sm-last vce-col--sm-first vce-col--md-last vce-col--lg-last vce-col--xl-last\" id=\"el-76a9b89b\"><div class=\"vce-col-inner\" data-vce-do-apply=\"border margin background  el-76a9b89b\" data-vce-sticky-element=\"true\" data-vce-sticky-visibility=\"true\"><div class=\"vce-col-content\" data-vce-element-content=\"true\" data-vce-do-apply=\"padding el-76a9b89b\"><div class=\"vcv-row-control-wrapper\"><\/div><\/div><\/div><\/div><\/div><\/div><\/div><div class=\"vce-row-container\"><div class=\"vce-row vce-row--col-gap-20 vce-row-equal-height vce-row-content--top\" data-vce-full-width=\"true\" id=\"el-293c53ba\" data-vce-do-apply=\"all el-293c53ba\"><div class=\"vce-content-background-container\"><\/div><div class=\"vce-row-content\" data-vce-element-content=\"true\"><div class=\"vce-col vce-col--md-40p vce-col--xs-1 vce-col--xs-last vce-col--xs-first vce-col--sm-last vce-col--sm-first vce-col--md-first vce-col--lg-first vce-col--xl-first\" id=\"el-cbebd1bc\"><div class=\"vce-col-inner\" data-vce-do-apply=\"border margin background  el-cbebd1bc\"><div class=\"vce-col-content\" data-vce-element-content=\"true\" data-vce-do-apply=\"padding el-cbebd1bc\"><div class=\"vce-simple-image-slider\" style=\"--backgroundPosition: center center; --pointerColor: #fff; --pointerColorHover: #fd9a00;\"><div class=\"vce-simple-image-slider-wrapper vce\" id=\"el-e55fac0d\" data-vce-do-apply=\"all el-e55fac0d\"><div class=\"vce-simple-image-slider-helper vce-simple-image-slider-aspect-ratio--3-4\"><div class=\"vce-simple-image-slider-list\" data-slick-autoplay=\"on\" data-slick-autoplay-delay=\"5000\" data-slick-effect=\"slideIn\" data-slick-dots=\"on\" data-slick-arrows=\"off\"><div class=\"slick-list\"><div class=\"slick-track\"><div class=\"vce-simple-image-slider-item vc-slick-item\"><div style=\"background-image:url(https:\/\/hotelzlatyandel.cz\/wp-content\/uploads\/2023\/07\/IMG-20230330-WA0004.jpg)\" class=\"vce-simple-image-slider-img vce-simple-image-slider-img--scale\"><img decoding=\"async\" class=\"\" src=\"https:\/\/hotelzlatyandel.cz\/wp-content\/uploads\/2023\/07\/IMG-20230330-WA0004.jpg\" style=\"opacity:0\" alt=\"\"><\/div><\/div><div class=\"vce-simple-image-slider-item vc-slick-item\"><div style=\"background-image:url(https:\/\/hotelzlatyandel.cz\/wp-content\/uploads\/2023\/07\/IMG-20230331-WA0007.jpg)\" class=\"vce-simple-image-slider-img vce-simple-image-slider-img--scale\"><img decoding=\"async\" class=\"\" src=\"https:\/\/hotelzlatyandel.cz\/wp-content\/uploads\/2023\/07\/IMG-20230331-WA0007.jpg\" style=\"opacity:0\" alt=\"\"><\/div><\/div><div class=\"vce-simple-image-slider-item vc-slick-item\"><div style=\"background-image:url(https:\/\/hotelzlatyandel.cz\/wp-content\/uploads\/2023\/07\/IMG-20230331-WA0010.jpg)\" class=\"vce-simple-image-slider-img vce-simple-image-slider-img--scale\"><img decoding=\"async\" class=\"\" src=\"https:\/\/hotelzlatyandel.cz\/wp-content\/uploads\/2023\/07\/IMG-20230331-WA0010.jpg\" style=\"opacity:0\" alt=\"\"><\/div><\/div><\/div><\/div><\/div><div class=\"vce-simple-image-slider-dots\"><\/div><\/div><\/div><\/div><\/div><\/div><\/div><div class=\"vce-col vce-col--md-60p vce-col--xs-1 vce-col--xs-last vce-col--xs-first vce-col--sm-last vce-col--sm-first vce-col--md-last vce-col--lg-last vce-col--xl-last\" id=\"el-a1cce788\"><div class=\"vce-col-inner\" data-vce-do-apply=\"border margin background  el-a1cce788\"><div class=\"vce-content-background-container\"><\/div><div class=\"vce-col-content\" data-vce-element-content=\"true\" data-vce-do-apply=\"padding el-a1cce788\"><div class=\"vce-text-block\"><div class=\"vce-text-block-wrapper vce\" id=\"el-d4f83410\" data-vce-do-apply=\"all el-d4f83410\"><h3>Private parties, weddings, birthdays, company parties<\/h3>\n<p>&nbsp;<\/p><\/div><\/div><div class=\"vce-text-block\"><div class=\"vce-text-block-wrapper vce\" id=\"el-d6c503f7\" data-vce-do-apply=\"all el-d6c503f7\"><h3 style=\"text-align: left;\"><span style=\"font-size: 24pt;\">Private parties, weddings, birthdays, company parties, seminars<\/span><\/h3>\n<p>&nbsp;<\/p><\/div><\/div><div class=\"vce-text-block\"><div class=\"vce-text-block-wrapper vce\" id=\"el-e13755cf\" data-vce-do-apply=\"all el-e13755cf\"><p>Are you planning an unforgettable wedding, a unique birthday or a beautiful company celebration and do not yet have a suitable location?<\/p>\n<p>Then Hotel Zlat\u00fd and\u011bl is just the right place for you. Thanks to our many years of gastronomic experience, your celebration is in the best hands with us. We plan and design your celebration individually and professionally according to your wishes and ideas.<\/p>\n<p>In \u010cesk\u00fd Krumlov, thanks to our many years of experience, we are professionals for banquets, buffets or finger food - from traditional to contemporary: we fulfill your culinary dreams!<\/p>\n<p>Are you still missing the right supporting programme? We are happy to organise artists, DJs or entertainers who will make your event something very special.<\/p>\n<p>Offering you a full package: we organise the accommodation, plan your leisure activities and make sure that you and your guests feel comfortable - all in one!<\/p><\/div><\/div><\/div><\/div><\/div><\/div><\/div><\/div><div class=\"vce-row-container\"><div class=\"vce-row vce-row--col-gap-30 vce-row-equal-height vce-row-content--top\" data-vce-full-width=\"true\" id=\"el-a67505c1\" data-vce-do-apply=\"all el-a67505c1\"><div class=\"vce-content-background-container\"><\/div><div class=\"vce-row-content\" data-vce-element-content=\"true\"><div class=\"vce-col vce-col--md-auto vce-col--xs-1 vce-col--xs-last vce-col--xs-first vce-col--sm-last vce-col--sm-first vce-col--md-last vce-col--lg-last vce-col--xl-last vce-col--md-first vce-col--lg-first vce-col--xl-first\" id=\"el-c613c506\"><div class=\"vce-col-inner\" data-vce-do-apply=\"border margin background  el-c613c506\"><div class=\"vce-col-content\" data-vce-element-content=\"true\" data-vce-do-apply=\"padding el-c613c506\"><div class=\"vce-image-gallery-with-scaleup vce-image-gallery-with-scaleup--gap-10 vce-image-gallery-with-scaleup--columns-3\"><div class=\"vce vce-image-gallery-with-scaleup-wrapper\" id=\"el-01274527\" data-vce-do-apply=\"all el-01274527\"><div class=\"vce-image-gallery-with-scaleup-list\"><div class=\"vce-image-gallery-with-scaleup-item\"><div class=\"vce-image-gallery-with-scaleup-item-inner-wrapper\"><a href=\"https:\/\/hotelzlatyandel.cz\/wp-content\/uploads\/2023\/07\/DSC00255.jpg\" data-lightbox=\"lightbox-01274527\" class=\"vce-image-gallery-with-scaleup-item-inner\"><img decoding=\"async\" class=\"vce-image-gallery-with-scaleup-img vce-image-gallery-with-scaleup-img--orientation-portrait\" src=\"https:\/\/hotelzlatyandel.cz\/wp-content\/uploads\/2023\/07\/DSC00255-819x1024.jpg\" alt=\"\" title=\"DSC00255\"><\/a><\/div><\/div><div class=\"vce-image-gallery-with-scaleup-item\"><div class=\"vce-image-gallery-with-scaleup-item-inner-wrapper\"><a href=\"https:\/\/hotelzlatyandel.cz\/wp-content\/uploads\/2023\/07\/DSC00272.jpg\" data-lightbox=\"lightbox-01274527\" class=\"vce-image-gallery-with-scaleup-item-inner\"><img decoding=\"async\" class=\"vce-image-gallery-with-scaleup-img\" src=\"https:\/\/hotelzlatyandel.cz\/wp-content\/uploads\/2023\/07\/DSC00272-1024x819.jpg\" alt=\"\" title=\"DSC00272\"><\/a><\/div><\/div><div class=\"vce-image-gallery-with-scaleup-item\"><div class=\"vce-image-gallery-with-scaleup-item-inner-wrapper\"><a href=\"https:\/\/hotelzlatyandel.cz\/wp-content\/uploads\/2023\/07\/DSC00310.jpg\" data-lightbox=\"lightbox-01274527\" class=\"vce-image-gallery-with-scaleup-item-inner\"><img decoding=\"async\" class=\"vce-image-gallery-with-scaleup-img vce-image-gallery-with-scaleup-img--orientation-portrait\" src=\"https:\/\/hotelzlatyandel.cz\/wp-content\/uploads\/2023\/07\/DSC00310-819x1024.jpg\" alt=\"\" title=\"DSC00310\"><\/a><\/div><\/div><div class=\"vce-image-gallery-with-scaleup-item\"><div class=\"vce-image-gallery-with-scaleup-item-inner-wrapper\"><a href=\"https:\/\/hotelzlatyandel.cz\/wp-content\/uploads\/2023\/07\/DSC00313.jpg\" data-lightbox=\"lightbox-01274527\" class=\"vce-image-gallery-with-scaleup-item-inner\"><img decoding=\"async\" class=\"vce-image-gallery-with-scaleup-img vce-image-gallery-with-scaleup-img--orientation-portrait\" src=\"https:\/\/hotelzlatyandel.cz\/wp-content\/uploads\/2023\/07\/DSC00313-819x1024.jpg\" alt=\"\" title=\"DSC00313\"><\/a><\/div><\/div><div class=\"vce-image-gallery-with-scaleup-item\"><div class=\"vce-image-gallery-with-scaleup-item-inner-wrapper\"><a href=\"https:\/\/hotelzlatyandel.cz\/wp-content\/uploads\/2023\/07\/DSC00348.jpg\" data-lightbox=\"lightbox-01274527\" class=\"vce-image-gallery-with-scaleup-item-inner\"><img decoding=\"async\" class=\"vce-image-gallery-with-scaleup-img vce-image-gallery-with-scaleup-img--orientation-portrait\" src=\"https:\/\/hotelzlatyandel.cz\/wp-content\/uploads\/2023\/07\/DSC00348-819x1024.jpg\" alt=\"\" title=\"DSC00348\"><\/a><\/div><\/div><div class=\"vce-image-gallery-with-scaleup-item\"><div class=\"vce-image-gallery-with-scaleup-item-inner-wrapper\"><a href=\"https:\/\/hotelzlatyandel.cz\/wp-content\/uploads\/2023\/07\/DSC00242.jpg\" data-lightbox=\"lightbox-01274527\" class=\"vce-image-gallery-with-scaleup-item-inner\"><img decoding=\"async\" class=\"vce-image-gallery-with-scaleup-img vce-image-gallery-with-scaleup-img--orientation-portrait\" src=\"https:\/\/hotelzlatyandel.cz\/wp-content\/uploads\/2023\/07\/DSC00242-819x1024.jpg\" alt=\"\" title=\"DSC00242\"><\/a><\/div><\/div><\/div><\/div><\/div><\/div><\/div><\/div><\/div><\/div><\/div>","protected":false},"excerpt":{"rendered":"<p>EVENTS &amp; PARTIESEVENTS &amp; PARTIESPrivate parties, weddings, birthdays, company parties &nbsp;Private parties, weddings, birthdays, company parties, seminars &nbsp;Are you planning an unforgettable wedding, a unique birthday or a beautiful company celebration and do not yet have a suitable location? Then Hotel Zlat\u00fd and\u011bl is just the right place for you. Thanks to our many years [&hellip;]<\/p>\n","protected":false},"author":1,"featured_media":0,"parent":0,"menu_order":0,"comment_status":"closed","ping_status":"closed","template":"","meta":{"footnotes":""},"class_list":["post-980","page","type-page","status-publish","hentry"],"_links":{"self":[{"href":"https:\/\/hotelzlatyandel.cz\/en\/wp-json\/wp\/v2\/pages\/980","targetHints":{"allow":["GET"]}}],"collection":[{"href":"https:\/\/hotelzlatyandel.cz\/en\/wp-json\/wp\/v2\/pages"}],"about":[{"href":"https:\/\/hotelzlatyandel.cz\/en\/wp-json\/wp\/v2\/types\/page"}],"author":[{"embeddable":true,"href":"https:\/\/hotelzlatyandel.cz\/en\/wp-json\/wp\/v2\/users\/1"}],"replies":[{"embeddable":true,"href":"https:\/\/hotelzlatyandel.cz\/en\/wp-json\/wp\/v2\/comments?post=980"}],"version-history":[{"count":0,"href":"https:\/\/hotelzlatyandel.cz\/en\/wp-json\/wp\/v2\/pages\/980\/revisions"}],"wp:attachment":[{"href":"https:\/\/hotelzlatyandel.cz\/en\/wp-json\/wp\/v2\/media?parent=980"}],"curies":[{"name":"wp","href":"https:\/\/api.w.org\/{rel}","templated":true}]}}