{"id":986,"date":"2023-07-02T19:35:03","date_gmt":"2023-07-02T17:35:03","guid":{"rendered":"http:\/\/www.hotelzlatyandel.cz\/?page_id=986"},"modified":"2025-09-24T17:13:49","modified_gmt":"2025-09-24T15:13:49","slug":"discover-cesky-krumlov","status":"publish","type":"page","link":"https:\/\/hotelzlatyandel.cz\/en\/discover-cesky-krumlov\/","title":{"rendered":"Za\u017e\u00edt Krumlov"},"content":{"rendered":"<div class=\"vce-row-container\"><div class=\"vce-row vce-row--col-gap-0 vce-row-equal-height vce-row-content--top\" data-vce-full-width=\"true\" id=\"el-403efb1e\" data-vce-do-apply=\"all el-403efb1e\"><div class=\"vce-content-background-container\"><\/div><div class=\"vce-row-content\" data-vce-element-content=\"true\"><div class=\"vce-col vce-col--md-80p vce-col--xs-1 vce-col--xs-last vce-col--xs-first vce-col--sm-last vce-col--sm-first vce-col--md-first vce-col--lg-first vce-col--xl-first\" id=\"el-4e7acc9c\"><div class=\"vce-col-inner\" data-vce-do-apply=\"border margin background  el-4e7acc9c\"><div class=\"vce-content-background-container\"><\/div><div class=\"vce-col-content\" data-vce-element-content=\"true\" data-vce-do-apply=\"padding el-4e7acc9c\"><div class=\"vce-text-block\"><div class=\"vce-text-block-wrapper vce\" id=\"el-d2ac34c3\" data-vce-do-apply=\"all el-d2ac34c3\"><h1><span style=\"font-size: 56pt;\">Embraced by the Vltava river, guarded by the castle<\/span><\/h1><\/div><\/div><div class=\"vce-text-block\"><div class=\"vce-text-block-wrapper vce\" id=\"el-f51b5641\" data-vce-do-apply=\"all el-f51b5641\"><h3><span style=\"font-size: 24pt;\">Embraced by the Vltava river, guarded by the castle<\/span><\/h3><\/div><\/div><\/div><\/div><\/div><div class=\"vce-col vce-col--md-20p vce-col--xs-1 vce-col--xs-last vce-col--xs-first vce-col--sm-last vce-col--sm-first vce-col--md-last vce-col--lg-last vce-col--xl-last\" id=\"el-ca80f92e\"><div class=\"vce-col-inner\" data-vce-do-apply=\"border margin background  el-ca80f92e\"><div class=\"vce-content-background-container\"><\/div><div class=\"vce-col-content\" data-vce-element-content=\"true\" data-vce-do-apply=\"padding el-ca80f92e\"><div class=\"vcv-row-control-wrapper\"><\/div><\/div><\/div><\/div><\/div><\/div><\/div><div class=\"vce-row-container\"><div class=\"vce-row vce-row--col-gap-25 vce-row-equal-height vce-row-content--top\" data-vce-full-width=\"true\" id=\"el-293c53ba\" data-vce-do-apply=\"all el-293c53ba\"><div class=\"vce-content-background-container\"><\/div><div class=\"vce-row-content\" data-vce-element-content=\"true\"><div class=\"vce-col vce-col--md-40p vce-col--xs-1 vce-col--xs-last vce-col--xs-first vce-col--sm-last vce-col--sm-first vce-col--md-first vce-col--lg-first vce-col--xl-first\" id=\"el-cbebd1bc\"><div class=\"vce-col-inner\" data-vce-do-apply=\"border margin background  el-cbebd1bc\"><div class=\"vce-col-content\" data-vce-element-content=\"true\" data-vce-do-apply=\"padding el-cbebd1bc\"><div class=\"vce-simple-image-slider\" data-photoswipe-gallery=\"9452f529\" style=\"--backgroundPosition: center center; --pointerColor: #fff; --pointerColorHover: #fd9a00;\"><div class=\"vce-simple-image-slider-wrapper vce\" id=\"el-9452f529\" data-vce-do-apply=\"all el-9452f529\"><div class=\"vce-simple-image-slider-helper vce-simple-image-slider-aspect-ratio--9-16\"><div class=\"vce-simple-image-slider-list\" data-slick-autoplay=\"on\" data-slick-autoplay-delay=\"5000\" data-slick-effect=\"slideIn\" data-slick-dots=\"on\" data-slick-arrows=\"off\"><div class=\"slick-list\"><div class=\"slick-track\"><div class=\"vce-simple-image-slider-item vc-slick-item\" data-photoswipe-item=\"photoswipe-9452f529\"><a href=\"https:\/\/hotelzlatyandel.cz\/wp-content\/uploads\/2023\/05\/krumlovzamek.jpg\" data-photoswipe-image=\"9452f529\" data-photoswipe-index=\"0\" style=\"background-image:url(https:\/\/hotelzlatyandel.cz\/wp-content\/uploads\/2023\/05\/krumlovzamek.jpg)\" class=\"vce-simple-image-slider-img vce-simple-image-slider-img--scale\"><img decoding=\"async\" class=\"\" src=\"https:\/\/hotelzlatyandel.cz\/wp-content\/uploads\/2023\/05\/krumlovzamek.jpg\" style=\"opacity:0\" alt=\"\"><\/a><\/div><div class=\"vce-simple-image-slider-item vc-slick-item\" data-photoswipe-item=\"photoswipe-9452f529\"><a href=\"https:\/\/hotelzlatyandel.cz\/wp-content\/uploads\/2023\/07\/DSC02966.jpg\" data-photoswipe-image=\"9452f529\" data-photoswipe-index=\"1\" style=\"background-image:url(https:\/\/hotelzlatyandel.cz\/wp-content\/uploads\/2023\/07\/DSC02966.jpg)\" class=\"vce-simple-image-slider-img vce-simple-image-slider-img--scale\"><img decoding=\"async\" class=\"\" src=\"https:\/\/hotelzlatyandel.cz\/wp-content\/uploads\/2023\/07\/DSC02966.jpg\" style=\"opacity:0\" alt=\"\"><\/a><\/div><div class=\"vce-simple-image-slider-item vc-slick-item\" data-photoswipe-item=\"photoswipe-9452f529\"><a href=\"https:\/\/hotelzlatyandel.cz\/wp-content\/uploads\/2023\/07\/DSC02419.jpg\" data-photoswipe-image=\"9452f529\" data-photoswipe-index=\"2\" style=\"background-image:url(https:\/\/hotelzlatyandel.cz\/wp-content\/uploads\/2023\/07\/DSC02419.jpg)\" class=\"vce-simple-image-slider-img vce-simple-image-slider-img--scale\"><img decoding=\"async\" class=\"\" src=\"https:\/\/hotelzlatyandel.cz\/wp-content\/uploads\/2023\/07\/DSC02419.jpg\" style=\"opacity:0\" alt=\"\"><\/a><\/div><\/div><\/div><\/div><div class=\"vce-simple-image-slider-dots\"><\/div><\/div><\/div><\/div><\/div><\/div><\/div><div class=\"vce-col vce-col--md-auto vce-col--xs-1 vce-col--xs-last vce-col--xs-first vce-col--sm-last vce-col--sm-first vce-col--md-last vce-col--lg-last vce-col--xl-last\" id=\"el-d62ef19c\"><div class=\"vce-col-inner\" data-vce-do-apply=\"border margin background  el-d62ef19c\"><div class=\"vce-content-background-container\"><\/div><div class=\"vce-col-content\" data-vce-element-content=\"true\" data-vce-do-apply=\"padding el-d62ef19c\"><div class=\"vce-text-block\"><div class=\"vce-text-block-wrapper vce\" id=\"el-0429d755\" data-vce-do-apply=\"all el-0429d755\"><p>&nbsp;<\/p>\n<p>Spend an unforgettable holiday in the UNESCO World Heritage City in beautiful South Bohemia. We invite you to experience cultural highlights, take part in traditional events and simply switch off and escape from stressful everyday life. \u010cesk\u00fd Krumlov is a place to feel good, to discover and to slow down - see for yourself!<\/p>\n<p>&nbsp;<\/p><\/div><\/div><div class=\"vce-single-image-container vce-single-image--align-left\"><div class=\"vce vce-single-image-wrapper\" id=\"el-86b4c565\" data-vce-do-apply=\"all el-86b4c565\"><figure><div class=\"vce-single-image-figure-inner\" style=\"width: 1024px;\"><div class=\"vce-single-image-inner vce-single-image--absolute\" style=\"width: 100%; padding-bottom: 66.6992%;\"><img loading=\"lazy\" decoding=\"async\" class=\"vce-single-image\"  width=\"1024\" height=\"683\" srcset=\"https:\/\/hotelzlatyandel.cz\/wp-content\/uploads\/2023\/07\/Hauptplatz-oben-_-ZOOM-320x213.jpg 320w, https:\/\/hotelzlatyandel.cz\/wp-content\/uploads\/2023\/07\/Hauptplatz-oben-_-ZOOM-480x320.jpg 480w, https:\/\/hotelzlatyandel.cz\/wp-content\/uploads\/2023\/07\/Hauptplatz-oben-_-ZOOM-800x534.jpg 800w, https:\/\/hotelzlatyandel.cz\/wp-content\/uploads\/2025\/09\/Hauptplatz-oben-_-ZOOM-1024x683.jpg 1024w\" src=\"https:\/\/hotelzlatyandel.cz\/wp-content\/uploads\/2025\/09\/Hauptplatz-oben-_-ZOOM-1024x683.jpg\" data-img-src=\"https:\/\/hotelzlatyandel.cz\/wp-content\/uploads\/2023\/07\/Hauptplatz-oben-_-ZOOM.jpg\" data-attachment-id=\"831\"  alt=\"\" title=\"Hauptplatz oben _ ZOOM\" \/><\/div><\/div><figcaption hidden=\"\"><\/figcaption><\/figure><\/div><\/div><\/div><\/div><\/div><\/div><\/div><\/div><div class=\"vce-row-container\"><div class=\"vce-row vce-element--xl--has-background vce-element--lg--has-background vce-element--md--has-background vce-element--sm--has-background vce-element--xs--has-background vce-row--col-gap-0 vce-row-equal-height vce-row-content--top\" data-vce-full-width=\"true\" id=\"el-f752c821\" data-vce-do-apply=\"all el-f752c821\"><div class=\"vce-content-background-container\"><\/div><div class=\"vce-row-content\" data-vce-element-content=\"true\"><div class=\"vce-col vce-col--md-auto vce-col--xs-1 vce-col--xs-last vce-col--xs-first vce-col--sm-last vce-col--sm-first vce-col--md-last vce-col--lg-last vce-col--xl-last vce-col--md-first vce-col--lg-first vce-col--xl-first\" id=\"el-e52bcaac\"><div class=\"vce-col-inner\" data-vce-do-apply=\"border margin background  el-e52bcaac\"><div class=\"vce-col-content\" data-vce-element-content=\"true\" data-vce-do-apply=\"padding el-e52bcaac\"><div class=\"vce-text-block\"><div class=\"vce-text-block-wrapper vce\" id=\"el-26bd20e7\" data-vce-do-apply=\"all el-26bd20e7\"><h2>UNESCO WORLD HERITAGE SITE<\/h2><\/div><\/div><div class=\"vce-text-block\"><div class=\"vce-text-block-wrapper vce\" id=\"el-e13755cf\" data-vce-do-apply=\"all el-e13755cf\"><p>The ideal location of the hotel in the centre of \u010cesk\u00fd Krumlov brings you very close to the history of the city centre, its romantic streets and corners up to the castle with its beautiful park and the open-air theatre with revolving auditorium. Other sights, such as the St. Vitus Church, the Minorite Monastery, the Egon Schiele Art Centre, the Museum Fotoatelier Seidel, the Regional Museum and many other historical buildings and museums are also worth a visit.<\/p>\n<p><br>\u010cesk\u00fd Krumlov also offers visitors a wide range of cultural experiences, such as the Five-Leaf Rose Festival, the St. Wenceslas Celebrations, the International Music Festival, the Baroque Music Festival and many others.<\/p>\n<p><br>Our sporty guests will also feel at home in \u010cesk\u00fd Krumlov. A special highlight - also for families with children - is a trip by boat or raft, with on the Vltava River, offering unique views of the town and its surroundings.<\/p>\n<p><br>\u010cesk\u00fd Krumlov and South Bohemia are also great to explore by bike. A tour up the popular Krumlov local mountain Kle\u0165 offers a magnificent panoramic view!<\/p><\/div><\/div><div class=\"vce-button--style-underline-container\" style=\"--alignment: center; --underlineResizeWidth: -15px; --titleColor: #3d3d3d; --underlineColor: rgb(219, 169, 91);\"><div class=\"vce-button--style-underline-wrapper vce\" id=\"el-f02205ce\" data-vce-do-apply=\"margin el-f02205ce\"><a class=\"vce-button vce-button--style-underline\" href=\"https:\/\/www.ckrumlov.info\/en\/cesky-krumlov\/\" title=\"\" target=\"_blank\" data-vce-do-apply=\"padding border background  el-f02205ce\"><span class=\"vce-button--style-underline-inner\">MORE TIPS FOR YOUR STAY<\/span><\/a><\/div><\/div><\/div><\/div><\/div><\/div><\/div><\/div>","protected":false},"excerpt":{"rendered":"<p>Embraced by the Vltava river, guarded by the castleEmbraced by the Vltava river, guarded by the castle&nbsp; Spend an unforgettable holiday in the UNESCO World Heritage City in beautiful South Bohemia. We invite you to experience cultural highlights, take part in traditional events and simply switch off and escape from stressful everyday life. \u010cesk\u00fd Krumlov [&hellip;]<\/p>\n","protected":false},"author":1,"featured_media":0,"parent":0,"menu_order":0,"comment_status":"closed","ping_status":"closed","template":"","meta":{"footnotes":""},"class_list":["post-986","page","type-page","status-publish","hentry"],"_links":{"self":[{"href":"https:\/\/hotelzlatyandel.cz\/en\/wp-json\/wp\/v2\/pages\/986","targetHints":{"allow":["GET"]}}],"collection":[{"href":"https:\/\/hotelzlatyandel.cz\/en\/wp-json\/wp\/v2\/pages"}],"about":[{"href":"https:\/\/hotelzlatyandel.cz\/en\/wp-json\/wp\/v2\/types\/page"}],"author":[{"embeddable":true,"href":"https:\/\/hotelzlatyandel.cz\/en\/wp-json\/wp\/v2\/users\/1"}],"replies":[{"embeddable":true,"href":"https:\/\/hotelzlatyandel.cz\/en\/wp-json\/wp\/v2\/comments?post=986"}],"version-history":[{"count":0,"href":"https:\/\/hotelzlatyandel.cz\/en\/wp-json\/wp\/v2\/pages\/986\/revisions"}],"wp:attachment":[{"href":"https:\/\/hotelzlatyandel.cz\/en\/wp-json\/wp\/v2\/media?parent=986"}],"curies":[{"name":"wp","href":"https:\/\/api.w.org\/{rel}","templated":true}]}}